 {"id":13689,"date":"2024-07-03T15:12:28","date_gmt":"2024-07-03T13:12:28","guid":{"rendered":"https:\/\/maxima-studios.com\/produit\/sony-fx6-objectif\/"},"modified":"2026-04-13T20:43:11","modified_gmt":"2026-04-13T18:43:11","slug":"sony-fx6-objectif","status":"publish","type":"product","link":"https:\/\/maxima-studios.com\/en\/product\/sony-fx6-objectif\/","title":{"rendered":"SONY FX6 + LENS"},"content":{"rendered":"<p>La cam\u00e9ra SONY PXW-FX6 est une cam\u00e9ra cin\u00e9matographique con\u00e7ue pour offrir des performances de qualit\u00e9 professionnelle dans un bo\u00eetier compact et l\u00e9ger. Elle int\u00e8gre la science de la Sony Venice dans un bo\u00eetier plus compact et polyvalent ainsi qu\u2019un nombre de fonctionnalit\u00e9s adapt\u00e9es \u00e0 la prise de vue Run and Gun.<\/p>\n<p>Equip\u00e9e d&#8217;un capteur CMOS Exmor R r\u00e9tro\u00e9clair\u00e9 plein format 4K de 10,2 m\u00e9gapixels, avec 15 stops de plage dynamique et une sensibilit\u00e9 ISO allant jusqu&#8217;\u00e0 12800 isos sans bruit, la sony PXW-FX6 vous donnera des images de qualit\u00e9 exceptionnelle m\u00eame dans des conditions de faible \u00e9clairage. Niveau enregistrement la FX6 offre en interne du\u00a0 4K 4:2:2 10 bits et en Externe du 4K DCI 16 bits RAW via la sortie 12G-SDI ( avec l\u2019utilisation d\u2019un enregistreur externe type Atomos).<\/p>\n<p>Gr\u00e2ce \u00e0 un autofocus sur 627 points avec Tracking de points, visage et yeux suivre un sujet n\u2019a jamais \u00e9t\u00e9 aussi simple. Les transitions de focus et les suivis de point se font d\u00e9sormais de mani\u00e8re tr\u00e8s fluide et cin\u00e9matographique.\u00a0<\/p>\n<p>Les 2 prises XLR, les filtres ND int\u00e9gr\u00e9s ainsi que le contr\u00f4le du zoom motoris\u00e9 font de la FX6 une cam\u00e9ra polyvalente adapt\u00e9e aux captations, documentaires, pub, vid\u00e9o corporate, clips de musique comme aux fictions.<\/p>\n<p>Gr\u00e2ce \u00e0 sa Sortie Raw 4K 16 bits et une post production ad\u00e9quate vous pourrez avoir des images comparables \u00e0 celles d\u2019une RED ou d\u2019une ALEXA tout en b\u00e9n\u00e9ficiant d\u2019un bo\u00eetier compact , de l\u2019autofocus et des filtres Vari ND \u00e9lectroniques.<\/p>\n<p>Gr\u00e2ce \u00e0 ses qualit\u00e9s ind\u00e9niables, la FX6 est devenue le choix pr\u00e9f\u00e9r\u00e9 de beaucoup de r\u00e9alisateurs et vid\u00e9astes professionnels.<\/p>\n<p>\u00a0<\/p>\n<p><strong>Points Forts:<\/strong><\/p>\n<ul style=\"list-style-type: circle;\">\n<li>Capteur\u00a04K\u00a010,2 MP (Full Frame)<\/li>\n<li>15 Stops of Dynamic Range\u00a0<\/li>\n<li>Taille et Poids R\u00e9duits<\/li>\n<li>Vid\u00e9o 4K 120p 422 10 bits<\/li>\n<li>Slow Motion 2K 240p<\/li>\n<li>Sortie 4K Raw 16 bits 60p ( via SDI)<\/li>\n<li>2x Entr\u00e9e XLR<\/li>\n<li>Sortie HDMI et SDI<\/li>\n<li>Autofocus with Face and Eye Tracking<\/li>\n<li>Contr\u00f4le du zoom Motoris\u00e9<\/li>\n<li>Filtre ND variable \u00e9lectronique int\u00e9gr\u00e9<\/li>\n<li>S-Log3 \/ S-Gamut3, S-Gamut3 \/ S-Cinetone pour une flexibilit\u00e9 de post-production<\/li>\n<\/ul>","protected":false},"excerpt":{"rendered":"<p>Capteur :\u00a010,2 MP (Full Frame)<\/p>\n<p>Vid\u00e9o : 4K 422 10 bit\u00a0120p\u00a0<\/p>\n<p>Slow Motion : FHD 422 10 bit\u00a0240p\u00a0<\/p>\n<p>Sortie : 4K Raw 60p (SDI)<\/p>","protected":false},"featured_media":16721,"template":"","meta":[],"product_cat":[1349],"product_tag":[161,202,197,160,165,162,163,164,198,200,169,168,167,195,1396,1395,201],"class_list":{"0":"post-13689","1":"product","2":"type-product","3":"status-publish","4":"has-post-thumbnail","6":"product_cat-sony-marque-kit-pret-a-tourner","7":"product_tag-422-10-bits","8":"product_tag-cameras","9":"product_tag-full-frame-24x36","10":"product_tag-420-8-bits","11":"product_tag-5k-60p","12":"product_tag-4k","13":"product_tag-4k-120p","14":"product_tag-4k-60p","15":"product_tag-full-hd","16":"product_tag-raw-externe","17":"product_tag-fhd-240p","18":"product_tag-fhd-180p","19":"product_tag-fhd-120p","20":"product_tag-avec-autofocus","21":"product_tag-captation-evenementiel","22":"product_tag-itw-corporate","23":"product_tag-sony-e","25":"first","26":"instock","27":"taxable","28":"shipping-taxable","29":"purchasable","30":"product-type-rentable"},"yoast_head":"<!-- This site is optimized with the Yoast SEO plugin v27.3 - https:\/\/yoast.com\/product\/yoast-seo-wordpress\/ -->\n<title>SONY FX6 + OBJECTIF - Maximaloc<\/title>\n<meta name=\"robots\" content=\"index, follow, max-snippet:-1, max-image-preview:large, max-video-preview:-1\" \/>\n<link rel=\"canonical\" href=\"https:\/\/maxima-studios.com\/en\/product\/sony-fx6-objectif\/\" \/>\n<meta property=\"og:locale\" content=\"en_US\" \/>\n<meta property=\"og:type\" content=\"article\" \/>\n<meta property=\"og:title\" content=\"SONY FX6 + OBJECTIF - Maximaloc\" \/>\n<meta property=\"og:description\" content=\"Capteur :\u00a010,2 MP (Full Frame) Vid\u00e9o : 4K 422 10 bit\u00a0120p\u00a0 Slow Motion : FHD 422 10 bit\u00a0240p\u00a0 Sortie : 4K Raw 60p (SDI)\" \/>\n<meta property=\"og:url\" content=\"https:\/\/maxima-studios.com\/en\/product\/sony-fx6-objectif\/\" \/>\n<meta property=\"og:site_name\" content=\"Maximaloc\" \/>\n<meta property=\"article:publisher\" content=\"https:\/\/www.facebook.com\/Maximalocation\" \/>\n<meta property=\"article:modified_time\" content=\"2026-04-13T18:43:11+00:00\" \/>\n<meta property=\"og:image\" content=\"https:\/\/maxima-studios.com\/wp-content\/uploads\/2024\/07\/Kit-Sony-FX6-Objectif-scaled.jpeg\" \/>\n\t<meta property=\"og:image:width\" content=\"2560\" \/>\n\t<meta property=\"og:image:height\" content=\"1994\" \/>\n\t<meta property=\"og:image:type\" content=\"image\/jpeg\" \/>\n<meta name=\"twitter:card\" content=\"summary_large_image\" \/>\n<meta name=\"twitter:label1\" content=\"Est. reading time\" \/>\n\t<meta name=\"twitter:data1\" content=\"2 minutes\" \/>\n<script type=\"application\/ld+json\" class=\"yoast-schema-graph\">{\"@context\":\"https:\\\/\\\/schema.org\",\"@graph\":[{\"@type\":\"WebPage\",\"@id\":\"https:\\\/\\\/maxima-studios.com\\\/produit\\\/sony-fx6-objectif\\\/\",\"url\":\"https:\\\/\\\/maxima-studios.com\\\/produit\\\/sony-fx6-objectif\\\/\",\"name\":\"SONY FX6 + OBJECTIF - Maximaloc\",\"isPartOf\":{\"@id\":\"https:\\\/\\\/maxima-studios.com\\\/#website\"},\"primaryImageOfPage\":{\"@id\":\"https:\\\/\\\/maxima-studios.com\\\/produit\\\/sony-fx6-objectif\\\/#primaryimage\"},\"image\":{\"@id\":\"https:\\\/\\\/maxima-studios.com\\\/produit\\\/sony-fx6-objectif\\\/#primaryimage\"},\"thumbnailUrl\":\"https:\\\/\\\/maxima-studios.com\\\/wp-content\\\/uploads\\\/2024\\\/07\\\/Kit-Sony-FX6-Objectif-scaled.jpeg\",\"datePublished\":\"2024-07-03T13:12:28+00:00\",\"dateModified\":\"2026-04-13T18:43:11+00:00\",\"breadcrumb\":{\"@id\":\"https:\\\/\\\/maxima-studios.com\\\/produit\\\/sony-fx6-objectif\\\/#breadcrumb\"},\"inLanguage\":\"en-US\",\"potentialAction\":[{\"@type\":\"ReadAction\",\"target\":[\"https:\\\/\\\/maxima-studios.com\\\/produit\\\/sony-fx6-objectif\\\/\"]}]},{\"@type\":\"ImageObject\",\"inLanguage\":\"en-US\",\"@id\":\"https:\\\/\\\/maxima-studios.com\\\/produit\\\/sony-fx6-objectif\\\/#primaryimage\",\"url\":\"https:\\\/\\\/maxima-studios.com\\\/wp-content\\\/uploads\\\/2024\\\/07\\\/Kit-Sony-FX6-Objectif-scaled.jpeg\",\"contentUrl\":\"https:\\\/\\\/maxima-studios.com\\\/wp-content\\\/uploads\\\/2024\\\/07\\\/Kit-Sony-FX6-Objectif-scaled.jpeg\",\"width\":2560,\"height\":1994,\"caption\":\"Sony FX6 + objectif en location\"},{\"@type\":\"BreadcrumbList\",\"@id\":\"https:\\\/\\\/maxima-studios.com\\\/produit\\\/sony-fx6-objectif\\\/#breadcrumb\",\"itemListElement\":[{\"@type\":\"ListItem\",\"position\":1,\"name\":\"Accueil\",\"item\":\"https:\\\/\\\/maxima-studios.com\\\/\"},{\"@type\":\"ListItem\",\"position\":2,\"name\":\"BOUTIQUE\",\"item\":\"https:\\\/\\\/maxima-studios.com\\\/boutique\\\/\"},{\"@type\":\"ListItem\",\"position\":3,\"name\":\"SONY FX6 + OBJECTIF\"}]},{\"@type\":\"WebSite\",\"@id\":\"https:\\\/\\\/maxima-studios.com\\\/#website\",\"url\":\"https:\\\/\\\/maxima-studios.com\\\/\",\"name\":\"Maximaloc\",\"description\":\"\",\"publisher\":{\"@id\":\"https:\\\/\\\/maxima-studios.com\\\/#organization\"},\"potentialAction\":[{\"@type\":\"SearchAction\",\"target\":{\"@type\":\"EntryPoint\",\"urlTemplate\":\"https:\\\/\\\/maxima-studios.com\\\/?s={search_term_string}\"},\"query-input\":{\"@type\":\"PropertyValueSpecification\",\"valueRequired\":true,\"valueName\":\"search_term_string\"}}],\"inLanguage\":\"en-US\"},{\"@type\":\"Organization\",\"@id\":\"https:\\\/\\\/maxima-studios.com\\\/#organization\",\"name\":\"Maximaloc\",\"url\":\"https:\\\/\\\/maxima-studios.com\\\/\",\"logo\":{\"@type\":\"ImageObject\",\"inLanguage\":\"en-US\",\"@id\":\"https:\\\/\\\/maxima-studios.com\\\/#\\\/schema\\\/logo\\\/image\\\/\",\"url\":\"https:\\\/\\\/maxima-studios.com\\\/wp-content\\\/uploads\\\/2024\\\/03\\\/logo_noir-scaled.png\",\"contentUrl\":\"https:\\\/\\\/maxima-studios.com\\\/wp-content\\\/uploads\\\/2024\\\/03\\\/logo_noir-scaled.png\",\"width\":2560,\"height\":268,\"caption\":\"Maximaloc\"},\"image\":{\"@id\":\"https:\\\/\\\/maxima-studios.com\\\/#\\\/schema\\\/logo\\\/image\\\/\"},\"sameAs\":[\"https:\\\/\\\/www.facebook.com\\\/Maximalocation\"]}]}<\/script>\n<!-- \/ Yoast SEO plugin. -->","yoast_head_json":{"title":"SONY FX6 + OBJECTIF - Maximaloc","robots":{"index":"index","follow":"follow","max-snippet":"max-snippet:-1","max-image-preview":"max-image-preview:large","max-video-preview":"max-video-preview:-1"},"canonical":"https:\/\/maxima-studios.com\/en\/product\/sony-fx6-objectif\/","og_locale":"en_US","og_type":"article","og_title":"SONY FX6 + OBJECTIF - Maximaloc","og_description":"Capteur :\u00a010,2 MP (Full Frame) Vid\u00e9o : 4K 422 10 bit\u00a0120p\u00a0 Slow Motion : FHD 422 10 bit\u00a0240p\u00a0 Sortie : 4K Raw 60p (SDI)","og_url":"https:\/\/maxima-studios.com\/en\/product\/sony-fx6-objectif\/","og_site_name":"Maximaloc","article_publisher":"https:\/\/www.facebook.com\/Maximalocation","article_modified_time":"2026-04-13T18:43:11+00:00","og_image":[{"width":2560,"height":1994,"url":"https:\/\/maxima-studios.com\/wp-content\/uploads\/2024\/07\/Kit-Sony-FX6-Objectif-scaled.jpeg","type":"image\/jpeg"}],"twitter_card":"summary_large_image","twitter_misc":{"Est. reading time":"2 minutes"},"schema":{"@context":"https:\/\/schema.org","@graph":[{"@type":"WebPage","@id":"https:\/\/maxima-studios.com\/produit\/sony-fx6-objectif\/","url":"https:\/\/maxima-studios.com\/produit\/sony-fx6-objectif\/","name":"SONY FX6 + OBJECTIF - Maximaloc","isPartOf":{"@id":"https:\/\/maxima-studios.com\/#website"},"primaryImageOfPage":{"@id":"https:\/\/maxima-studios.com\/produit\/sony-fx6-objectif\/#primaryimage"},"image":{"@id":"https:\/\/maxima-studios.com\/produit\/sony-fx6-objectif\/#primaryimage"},"thumbnailUrl":"https:\/\/maxima-studios.com\/wp-content\/uploads\/2024\/07\/Kit-Sony-FX6-Objectif-scaled.jpeg","datePublished":"2024-07-03T13:12:28+00:00","dateModified":"2026-04-13T18:43:11+00:00","breadcrumb":{"@id":"https:\/\/maxima-studios.com\/produit\/sony-fx6-objectif\/#breadcrumb"},"inLanguage":"en-US","potentialAction":[{"@type":"ReadAction","target":["https:\/\/maxima-studios.com\/produit\/sony-fx6-objectif\/"]}]},{"@type":"ImageObject","inLanguage":"en-US","@id":"https:\/\/maxima-studios.com\/produit\/sony-fx6-objectif\/#primaryimage","url":"https:\/\/maxima-studios.com\/wp-content\/uploads\/2024\/07\/Kit-Sony-FX6-Objectif-scaled.jpeg","contentUrl":"https:\/\/maxima-studios.com\/wp-content\/uploads\/2024\/07\/Kit-Sony-FX6-Objectif-scaled.jpeg","width":2560,"height":1994,"caption":"Sony FX6 + objectif en location"},{"@type":"BreadcrumbList","@id":"https:\/\/maxima-studios.com\/produit\/sony-fx6-objectif\/#breadcrumb","itemListElement":[{"@type":"ListItem","position":1,"name":"Accueil","item":"https:\/\/maxima-studios.com\/"},{"@type":"ListItem","position":2,"name":"BOUTIQUE","item":"https:\/\/maxima-studios.com\/boutique\/"},{"@type":"ListItem","position":3,"name":"SONY FX6 + OBJECTIF"}]},{"@type":"WebSite","@id":"https:\/\/maxima-studios.com\/#website","url":"https:\/\/maxima-studios.com\/","name":"Maximaloc","description":"","publisher":{"@id":"https:\/\/maxima-studios.com\/#organization"},"potentialAction":[{"@type":"SearchAction","target":{"@type":"EntryPoint","urlTemplate":"https:\/\/maxima-studios.com\/?s={search_term_string}"},"query-input":{"@type":"PropertyValueSpecification","valueRequired":true,"valueName":"search_term_string"}}],"inLanguage":"en-US"},{"@type":"Organization","@id":"https:\/\/maxima-studios.com\/#organization","name":"Maximaloc","url":"https:\/\/maxima-studios.com\/","logo":{"@type":"ImageObject","inLanguage":"en-US","@id":"https:\/\/maxima-studios.com\/#\/schema\/logo\/image\/","url":"https:\/\/maxima-studios.com\/wp-content\/uploads\/2024\/03\/logo_noir-scaled.png","contentUrl":"https:\/\/maxima-studios.com\/wp-content\/uploads\/2024\/03\/logo_noir-scaled.png","width":2560,"height":268,"caption":"Maximaloc"},"image":{"@id":"https:\/\/maxima-studios.com\/#\/schema\/logo\/image\/"},"sameAs":["https:\/\/www.facebook.com\/Maximalocation"]}]}},"_links":{"self":[{"href":"https:\/\/maxima-studios.com\/en\/wp-json\/wp\/v2\/product\/13689","targetHints":{"allow":["GET"]}}],"collection":[{"href":"https:\/\/maxima-studios.com\/en\/wp-json\/wp\/v2\/product"}],"about":[{"href":"https:\/\/maxima-studios.com\/en\/wp-json\/wp\/v2\/types\/product"}],"wp:featuredmedia":[{"embeddable":true,"href":"https:\/\/maxima-studios.com\/en\/wp-json\/wp\/v2\/media\/16721"}],"wp:attachment":[{"href":"https:\/\/maxima-studios.com\/en\/wp-json\/wp\/v2\/media?parent=13689"}],"wp:term":[{"taxonomy":"product_cat","embeddable":true,"href":"https:\/\/maxima-studios.com\/en\/wp-json\/wp\/v2\/product_cat?post=13689"},{"taxonomy":"product_tag","embeddable":true,"href":"https:\/\/maxima-studios.com\/en\/wp-json\/wp\/v2\/product_tag?post=13689"}],"curies":[{"name":"wp","href":"https:\/\/api.w.org\/{rel}","templated":true}]}}