 {"id":13688,"date":"2024-07-03T15:12:27","date_gmt":"2024-07-03T13:12:27","guid":{"rendered":"https:\/\/maxima-studios.com\/produit\/sony-fx3-objectif\/"},"modified":"2026-04-13T20:43:09","modified_gmt":"2026-04-13T18:43:09","slug":"sony-fx3-objectif","status":"publish","type":"product","link":"https:\/\/maxima-studios.com\/en\/product\/sony-fx3-objectif\/","title":{"rendered":"SONY FX3 + OBJECTIF"},"content":{"rendered":"<p>Le Kit pr\u00eat \u00e0 tourner Sony FX3 est un hybride plein format con\u00e7u pour les tournages video compacts mais exigeants.<\/p>\n<p>Disponible \u00e0 la location chez Maximaloc \u00e0 Paris, elle s\u2019int\u00e8gre facilement sur tout type de production:<\/p>\n<p>Contenu digital, Clip, Documentaire, Fiction et institutionnel, captations live.<\/p>\n<p><u><strong>Entre Sony A7S III et Sony FX6<\/strong><\/u><br \/>La FX3 reprend les m\u00eames caract\u00e9ristiques techniques que le Sony A7S III, avec le m\u00eame capteur plein format, tout en se rapprochant d\u2019une FX6 sur l\u2019ergonomie.<\/p>\n<p>Contrairement aux bo\u00eetiers de la gamme Alpha, elle adopte un format plus adapt\u00e9 au tournage : compact, l\u00e9ger, sans cage, avec des points de fixation directement int\u00e9gr\u00e9s au bo\u00eetier.<\/p>\n<p><u><strong>Performances vid\u00e9o<\/strong><\/u><\/p>\n<ul>\n<li>Enregistrement 4K 4:2:2 10 bits<\/li>\n<li>Slow motion 4K 120p et Full HD 240p<\/li>\n<li>Sortie RAW 16 bits via HDMI<\/li>\n<\/ul>\n<p>\u00a0<\/p>\n<p><u><strong>Tournage longue dur\u00e9e<\/strong><\/u><br \/>Refroidissement actif int\u00e9gr\u00e9.<\/p>\n<p>Pas de probl\u00e8me de surchauffe, m\u00eame sur de longues sessions ou en conditions de tournage exigeantes.<\/p>\n<p><u><strong>Capteur et utilisation<\/strong><\/u><br \/>Capteur CMOS plein format de 10,2 MP, identique au A7S III, avec une bonne sensibilit\u00e9 en basse lumi\u00e8re.<\/p>\n<p>Stabilisation 5 axes efficace pour les prises de vue \u00e0 main lev\u00e9e, m\u00eame avec des optiques non stabilis\u00e9es.<\/p>\n<p>Format compact et l\u00e9ger, rapide \u00e0 mettre en place, adapt\u00e9 \u00e0 tous types de tournages : publicit\u00e9, corporate, mode, clip ou fiction.<\/p>\n<p>\u00a0<\/p>\n<p><strong>Points forts\u00a0\u00a0<\/strong><\/p>\n<ul>\n<li>Capteur plein format de 10,2\u00a0MP<\/li>\n<li>Vid\u00e9o 4K 4:2:2 10 bits avec faible compression<\/li>\n<li>Slow motion 4K 120p et HD 240p<\/li>\n<li>Sortie HDMI RAW 4K 16 bits<\/li>\n<li>Stabilisation 5 axes<\/li>\n<li>Autofocus avec tracking\u00a0\u00a0<\/li>\n<li>\u00c9cran tactile rotatif<br \/>\u00a0<\/li>\n<\/ul>\n<p>La Sony FX3 est disponible en location chez Maximaloc avec accessoires selon vos besoins.<br \/>Mat\u00e9riel pr\u00eat \u00e0 tourner, r\u00e9cup\u00e9rable rapidement \u00e0 Paris ou en livraison en toute l&#8217;ile de France.<br \/>Reservations en ligne 24h sur 24 7j sur 7.<\/p>","protected":false},"excerpt":{"rendered":"<p>Kit Sony FX3 + Objectif au choix<\/p>\n<p>Capteur : 10.2\u00a0MP (Full Frame)<\/p>\n<p>Vid\u00e9o 4K 422 10 bit 120p\u00a0<\/p>\n<p>Slow Motion FHD 422 10 bit 240p\u00a0<\/p>\n<p>Sortie 4K Raw 12 bit 60p (HDMI)<\/p>","protected":false},"featured_media":16720,"template":"","meta":[],"product_cat":[1349],"product_tag":[161,202,197,194,160,162,163,164,198,200,169,168,167,195,196,1395,201],"class_list":{"0":"post-13688","1":"product","2":"type-product","3":"status-publish","4":"has-post-thumbnail","6":"product_cat-sony-marque-kit-pret-a-tourner","7":"product_tag-422-10-bits","8":"product_tag-cameras","9":"product_tag-full-frame-24x36","10":"product_tag-420-10-bits","11":"product_tag-420-8-bits","12":"product_tag-4k","13":"product_tag-4k-120p","14":"product_tag-4k-60p","15":"product_tag-full-hd","16":"product_tag-raw-externe","17":"product_tag-fhd-240p","18":"product_tag-fhd-180p","19":"product_tag-fhd-120p","20":"product_tag-avec-autofocus","21":"product_tag-capteur-stabilise","22":"product_tag-itw-corporate","23":"product_tag-sony-e","25":"first","26":"instock","27":"taxable","28":"shipping-taxable","29":"purchasable","30":"product-type-rentable"},"_links":{"self":[{"href":"https:\/\/maxima-studios.com\/en\/wp-json\/wp\/v2\/product\/13688","targetHints":{"allow":["GET"]}}],"collection":[{"href":"https:\/\/maxima-studios.com\/en\/wp-json\/wp\/v2\/product"}],"about":[{"href":"https:\/\/maxima-studios.com\/en\/wp-json\/wp\/v2\/types\/product"}],"wp:featuredmedia":[{"embeddable":true,"href":"https:\/\/maxima-studios.com\/en\/wp-json\/wp\/v2\/media\/16720"}],"wp:attachment":[{"href":"https:\/\/maxima-studios.com\/en\/wp-json\/wp\/v2\/media?parent=13688"}],"wp:term":[{"taxonomy":"product_cat","embeddable":true,"href":"https:\/\/maxima-studios.com\/en\/wp-json\/wp\/v2\/product_cat?post=13688"},{"taxonomy":"product_tag","embeddable":true,"href":"https:\/\/maxima-studios.com\/en\/wp-json\/wp\/v2\/product_tag?post=13688"}],"curies":[{"name":"wp","href":"https:\/\/api.w.org\/{rel}","templated":true}]}}