 {"id":13687,"date":"2024-07-03T15:12:26","date_gmt":"2024-07-03T13:12:26","guid":{"rendered":"https:\/\/maxima-studios.com\/produit\/sony-a7riii-objectif\/"},"modified":"2026-04-13T20:42:30","modified_gmt":"2026-04-13T18:42:30","slug":"sony-a7riii-objectif","status":"publish","type":"product","link":"https:\/\/maxima-studios.com\/en\/product\/sony-a7riii-objectif\/","title":{"rendered":"SONY A7RIII + OBJECTIF"},"content":{"rendered":"<p>Le A7R III est un bo\u00eetier photo et vid\u00e9o plein format de tr\u00e8s haute r\u00e9solution avec\u00a0 42,4 m\u00e9gapixels. Gr\u00e2ce \u00e0 une prise de vue continue \u00e0 10 images par seconde et des performances de mise au point automatique rapide et pr\u00e9cise, c&#8217;est un des appareils privil\u00e9gi\u00e9s par les photographes, les vid\u00e9astes, les cr\u00e9ateurs de contenu multim\u00e9dia.\u00a0<\/p>\n<p>Les Photos en RAW 14 Bits 42MP permettent d\u2019avoir les d\u00e9tails et la r\u00e9solution n\u00e9cessaires au monde de la mode et de la photo d\u2019art. Tout agrandissement sera un plaisir en postproduction ou en impression. Par ailleurs l&#8217;enregistrement vid\u00e9o UHD 4K interne avec une large plage dynamique permet de cr\u00e9er des vid\u00e9os de grande qualit\u00e9 sans changer de cam\u00e9ra.<\/p>\n<p>\u00a0<\/p>\n<p>\u00a0\u00a0\u00a0\u00a0\u00a0\u00a0\u00a0\u00a0\u00a0\u00a0\u00a0\u00a0\u00a0\u00a0\u00a0\u00a0\u00a0\u00a0\u00a0\u00a0\u00a0\u00a0\u00a0\u00a0\u00a0\u00a0\u00a0\u00a0\u00a0\u00a0\u00a0\u00a0\u00a0\u00a0\u00a0\u00a0\u00a0\u00a0\u00a0\u00a0\u00a0\u00a0\u00a0\u00a0\u00a0\u00a0\u00a0\u00a0\u00a0\u00a0\u00a0\u00a0\u00a0\u00a0\u00a0\u00a0\u00a0\u00a0\u00a0\u00a0\u00a0\u00a0\u00a0\u00a0\u00a0\u00a0\u00a0\u00a0\u00a0\u00a0\u00a0\u00a0\u00a0\u00a0\u00a0\u00a0\u00a0\u00a0\u00a0\u00a0\u00a0\u00a0\u00a0\u00a0\u00a0\u00a0\u00a0\u00a0\u00a0\u00a0\u00a0\u00a0\u00a0\u00a0\u00a0\u00a0\u00a0\u00a0\u00a0\u00a0\u00a0\u00a0\u00a0\u00a0\u00a0\u00a0\u00a0\u00a0\u00a0\u00a0\u00a0\u00a0\u00a0\u00a0\u00a0\u00a0\u00a0\u00a0<\/p>\n<p><strong>Points Forts:<\/strong><\/p>\n<ul>\n<li>CMOS Full Frame de 42 MP<\/li>\n<li>Stabilisation 5 axes<\/li>\n<li>Vid\u00e9o Interne 4K420 8 Bits<\/li>\n<li>Slow Motion HD jusqu\u2019\u00e0 120p (avec crop)<\/li>\n<li>Autofocus avec tracking visage\/yeux<\/li>\n<li>Ecran LCD double charni\u00e8re<br \/>\u00a0<br \/>\u00a0<br \/>\u00a0<\/li>\n<\/ul>","protected":false},"excerpt":{"rendered":"<p>Capteur.:\u00a042.4 MP (Full Frame)<\/p>\n<p>Photo Jpeg \/ Raw 14 bit<\/p>\n<p>Vid\u00e9o 4K 30 4:2:0 8 bit<\/p>\n<p>Slow Motion HD 120p\u00a0<\/p>","protected":false},"featured_media":16719,"template":"","meta":[],"product_cat":[1349],"product_tag":[197,199,160,162,198,167,195,196,1398,201],"class_list":{"0":"post-13687","1":"product","2":"type-product","3":"status-publish","4":"has-post-thumbnail","6":"product_cat-sony-marque-kit-pret-a-tourner","7":"product_tag-full-frame-24x36","8":"product_tag-hybride-dslr","9":"product_tag-420-8-bits","10":"product_tag-4k","11":"product_tag-full-hd","12":"product_tag-fhd-120p","13":"product_tag-avec-autofocus","14":"product_tag-capteur-stabilise","15":"product_tag-photo","16":"product_tag-sony-e","18":"first","19":"instock","20":"taxable","21":"shipping-taxable","22":"purchasable","23":"product-type-rentable"},"_links":{"self":[{"href":"https:\/\/maxima-studios.com\/en\/wp-json\/wp\/v2\/product\/13687","targetHints":{"allow":["GET"]}}],"collection":[{"href":"https:\/\/maxima-studios.com\/en\/wp-json\/wp\/v2\/product"}],"about":[{"href":"https:\/\/maxima-studios.com\/en\/wp-json\/wp\/v2\/types\/product"}],"wp:featuredmedia":[{"embeddable":true,"href":"https:\/\/maxima-studios.com\/en\/wp-json\/wp\/v2\/media\/16719"}],"wp:attachment":[{"href":"https:\/\/maxima-studios.com\/en\/wp-json\/wp\/v2\/media?parent=13687"}],"wp:term":[{"taxonomy":"product_cat","embeddable":true,"href":"https:\/\/maxima-studios.com\/en\/wp-json\/wp\/v2\/product_cat?post=13687"},{"taxonomy":"product_tag","embeddable":true,"href":"https:\/\/maxima-studios.com\/en\/wp-json\/wp\/v2\/product_tag?post=13687"}],"curies":[{"name":"wp","href":"https:\/\/api.w.org\/{rel}","templated":true}]}}