 {"id":13686,"date":"2024-07-03T15:12:26","date_gmt":"2024-07-03T13:12:26","guid":{"rendered":"https:\/\/maxima-studios.com\/produit\/sony-a7iii-objectif\/"},"modified":"2026-04-13T20:42:28","modified_gmt":"2026-04-13T18:42:28","slug":"sony-a7iii-objectif","status":"publish","type":"product","link":"https:\/\/maxima-studios.com\/en\/product\/sony-a7iii-objectif\/","title":{"rendered":"SONY A7III + OBJECTIF"},"content":{"rendered":"<p>L\u2019A7III est l\u2019hybride plein format tr\u00e8s polyvalent avec un capteur 24 MP r\u00e9tro \u00e9clair\u00e9 qui permet de prendre des photos de haute r\u00e9solution m\u00eame en basse lumi\u00e8re et enregistrer des vid\u00e9o en 4K 420 bits et du Slow Motion HD 120p.\u00a0\u00a0<\/p>\n<p>Le Sony A7III est l\u2019appareil id\u00e9al pour des photos et vid\u00e9os d&#8217;\u00e9v\u00e9nements n\u00e9cessitant une polyvalence et une prise en main rapide et efficace. Son encodage vid\u00e9o en 8 bits ne permet pas de retoucher les images en post-production et en fait un outil principalement pour des vid\u00e9os \u00e0 destination des r\u00e9seaux sociaux ou de la communication digitale.<\/p>\n<p>\u00a0<\/p>\n<p><strong>Points Forts:\u00a0<\/strong><\/p>\n<ul>\n<li>CMOS plein format de 24MP\u00a0<\/li>\n<li>Stabilisation 5 axes<\/li>\n<li>Autofocus avec tracking humains, animaux, objets<\/li>\n<li>Excellent en photo et tr\u00e8s bon en vid\u00e9o<\/li>\n<li>Vid\u00e9o Interne 4K 4:2:0 8 bits 30p<\/li>\n<li>Slow Motion HD\u00a0 jusqu\u2019\u00e0 120p<\/li>\n<li>Ecran LCD Inclinable double charni\u00e8re<br \/>\u00a0<\/li>\n<\/ul>","protected":false},"excerpt":{"rendered":"<p>Capteur :\u00a024.2 MP (Full Frame)<\/p>\n<p>Photo Jpeg\/Raw 14 bit<\/p>\n<p>Vid\u00e9o 4K 420 8 bits 30p\u00a0<\/p>\n<p>FHD 420 8 bits 120p<\/p>","protected":false},"featured_media":16718,"template":"","meta":[],"product_cat":[1349],"product_tag":[197,199,160,162,198,167,195,196,1395,1397,201],"class_list":{"0":"post-13686","1":"product","2":"type-product","3":"status-publish","4":"has-post-thumbnail","6":"product_cat-sony-marque-kit-pret-a-tourner","7":"product_tag-full-frame-24x36","8":"product_tag-hybride-dslr","9":"product_tag-420-8-bits","10":"product_tag-4k","11":"product_tag-full-hd","12":"product_tag-fhd-120p","13":"product_tag-avec-autofocus","14":"product_tag-capteur-stabilise","15":"product_tag-itw-corporate","16":"product_tag-photo-video","17":"product_tag-sony-e","19":"first","20":"instock","21":"featured","22":"taxable","23":"shipping-taxable","24":"purchasable","25":"product-type-rentable"},"_links":{"self":[{"href":"https:\/\/maxima-studios.com\/en\/wp-json\/wp\/v2\/product\/13686","targetHints":{"allow":["GET"]}}],"collection":[{"href":"https:\/\/maxima-studios.com\/en\/wp-json\/wp\/v2\/product"}],"about":[{"href":"https:\/\/maxima-studios.com\/en\/wp-json\/wp\/v2\/types\/product"}],"wp:featuredmedia":[{"embeddable":true,"href":"https:\/\/maxima-studios.com\/en\/wp-json\/wp\/v2\/media\/16718"}],"wp:attachment":[{"href":"https:\/\/maxima-studios.com\/en\/wp-json\/wp\/v2\/media?parent=13686"}],"wp:term":[{"taxonomy":"product_cat","embeddable":true,"href":"https:\/\/maxima-studios.com\/en\/wp-json\/wp\/v2\/product_cat?post=13686"},{"taxonomy":"product_tag","embeddable":true,"href":"https:\/\/maxima-studios.com\/en\/wp-json\/wp\/v2\/product_tag?post=13686"}],"curies":[{"name":"wp","href":"https:\/\/api.w.org\/{rel}","templated":true}]}}