 {"id":13685,"date":"2024-07-03T15:12:25","date_gmt":"2024-07-03T13:12:25","guid":{"rendered":"https:\/\/maxima-studios.com\/produit\/sony-a7riv-objectif\/"},"modified":"2026-04-13T20:42:25","modified_gmt":"2026-04-13T18:42:25","slug":"sony-a7riv-objectif","status":"publish","type":"product","link":"https:\/\/maxima-studios.com\/en\/product\/sony-a7riv-objectif\/","title":{"rendered":"SONY A7RIV + LENS"},"content":{"rendered":"<p>Le Sony A7R IV est un appareil photo hybride plein format de haute qualit\u00e9 avec un capteur CMOS de 61 m\u00e9gapixels offrant une r\u00e9solution exceptionnelle. Il dispose d&#8217;un syst\u00e8me de mise au point automatique rapide et pr\u00e9cis ainsi qu\u2019un syst\u00e8me de stabilisation d&#8217;image int\u00e9gr\u00e9, qui permet une stabilisation sur 5 axes pour des images nettes m\u00eame en conditions de faible luminosit\u00e9 ou \u00e0 main lev\u00e9e. La cadence de prise de vue rapide permet de capturer jusqu&#8217;\u00e0 10 images par seconde.<\/p>\n<p>\u00a0<\/p>\n<p>La vision est assur\u00e9e par l&#8217;\u00e9cran LCD inclinable de 3 pouces ou par le viseur \u00e9lectronique OLED de haute qualit\u00e9 pour une exp\u00e9rience de prise de vue immersive. Il est \u00e9galement dot\u00e9 d&#8217;une connectivit\u00e9 Wi-Fi et Bluetooth pour un partage facile des photos et des vid\u00e9os, ainsi que d&#8217;un port USB-C pour un transfert de donn\u00e9es rapide.<\/p>\n<p>\u00a0<\/p>\n<p>Point forts:\u00a0<\/p>\n<ul>\n<li>Capteur CMOS Exmor R plein format de 61 MP<\/li>\n<li>Capteur Stabilis\u00e9 5 axes<\/li>\n<li>Plage de dynamique exceptionnelle de 15-stop<\/li>\n<li>Rafale 10 i\/s avec suivi permanent AF\/AE<\/li>\n<li>Vid\u00e9o 4K 4:2:0 30p et Slow Motion HD 120p<\/li>\n<li>Fonction AF avec reconnaissance visage et tracking de l\u2019oeil en photo et vid\u00e9o<\/li>\n<\/ul>","protected":false},"excerpt":{"rendered":"<p>Capteur :\u00a061 MP (Full Frame)<\/p>\n<p>Photo Jpeg \/ Raw 14 bits<\/p>\n<p>Vid\u00e9o : 4K 4:2:0 30p<\/p>\n<p>Slow motion : FHD 4:2:0 120p<\/p>","protected":false},"featured_media":16717,"template":"","meta":[],"product_cat":[1349],"product_tag":[197,199,160,162,198,167,195,196,1398,201],"class_list":{"0":"post-13685","1":"product","2":"type-product","3":"status-publish","4":"has-post-thumbnail","6":"product_cat-sony-marque-kit-pret-a-tourner","7":"product_tag-full-frame-24x36","8":"product_tag-hybride-dslr","9":"product_tag-420-8-bits","10":"product_tag-4k","11":"product_tag-full-hd","12":"product_tag-fhd-120p","13":"product_tag-avec-autofocus","14":"product_tag-capteur-stabilise","15":"product_tag-photo","16":"product_tag-sony-e","18":"first","19":"instock","20":"taxable","21":"shipping-taxable","22":"purchasable","23":"product-type-rentable"},"yoast_head":"<!-- This site is optimized with the Yoast SEO plugin v27.3 - https:\/\/yoast.com\/product\/yoast-seo-wordpress\/ -->\n<title>SONY A7RIV + OBJECTIF - Maximaloc<\/title>\n<meta name=\"robots\" content=\"index, follow, max-snippet:-1, max-image-preview:large, max-video-preview:-1\" \/>\n<link rel=\"canonical\" href=\"https:\/\/maxima-studios.com\/en\/product\/sony-a7riv-objectif\/\" \/>\n<meta property=\"og:locale\" content=\"en_US\" \/>\n<meta property=\"og:type\" content=\"article\" \/>\n<meta property=\"og:title\" content=\"SONY A7RIV + OBJECTIF - Maximaloc\" \/>\n<meta property=\"og:description\" content=\"Capteur :\u00a061 MP (Full Frame) Photo Jpeg \/ Raw 14 bits Vid\u00e9o : 4K 4:2:0 30p Slow motion : FHD 4:2:0 120p\" \/>\n<meta property=\"og:url\" content=\"https:\/\/maxima-studios.com\/en\/product\/sony-a7riv-objectif\/\" \/>\n<meta property=\"og:site_name\" content=\"Maximaloc\" \/>\n<meta property=\"article:publisher\" content=\"https:\/\/www.facebook.com\/Maximalocation\" \/>\n<meta property=\"article:modified_time\" content=\"2026-04-13T18:42:25+00:00\" \/>\n<meta property=\"og:image\" content=\"https:\/\/maxima-studios.com\/wp-content\/uploads\/2024\/07\/Kit-Sony-A7RIV-Objectif-scaled.jpeg\" \/>\n\t<meta property=\"og:image:width\" content=\"2560\" \/>\n\t<meta property=\"og:image:height\" content=\"1994\" \/>\n\t<meta property=\"og:image:type\" content=\"image\/jpeg\" \/>\n<meta name=\"twitter:card\" content=\"summary_large_image\" \/>\n<meta name=\"twitter:label1\" content=\"Est. reading time\" \/>\n\t<meta name=\"twitter:data1\" content=\"2 minutes\" \/>\n<script type=\"application\/ld+json\" class=\"yoast-schema-graph\">{\"@context\":\"https:\\\/\\\/schema.org\",\"@graph\":[{\"@type\":\"WebPage\",\"@id\":\"https:\\\/\\\/maxima-studios.com\\\/produit\\\/sony-a7riv-objectif\\\/\",\"url\":\"https:\\\/\\\/maxima-studios.com\\\/produit\\\/sony-a7riv-objectif\\\/\",\"name\":\"SONY A7RIV + OBJECTIF - Maximaloc\",\"isPartOf\":{\"@id\":\"https:\\\/\\\/maxima-studios.com\\\/#website\"},\"primaryImageOfPage\":{\"@id\":\"https:\\\/\\\/maxima-studios.com\\\/produit\\\/sony-a7riv-objectif\\\/#primaryimage\"},\"image\":{\"@id\":\"https:\\\/\\\/maxima-studios.com\\\/produit\\\/sony-a7riv-objectif\\\/#primaryimage\"},\"thumbnailUrl\":\"https:\\\/\\\/maxima-studios.com\\\/wp-content\\\/uploads\\\/2024\\\/07\\\/Kit-Sony-A7RIV-Objectif-scaled.jpeg\",\"datePublished\":\"2024-07-03T13:12:25+00:00\",\"dateModified\":\"2026-04-13T18:42:25+00:00\",\"breadcrumb\":{\"@id\":\"https:\\\/\\\/maxima-studios.com\\\/produit\\\/sony-a7riv-objectif\\\/#breadcrumb\"},\"inLanguage\":\"en-US\",\"potentialAction\":[{\"@type\":\"ReadAction\",\"target\":[\"https:\\\/\\\/maxima-studios.com\\\/produit\\\/sony-a7riv-objectif\\\/\"]}]},{\"@type\":\"ImageObject\",\"inLanguage\":\"en-US\",\"@id\":\"https:\\\/\\\/maxima-studios.com\\\/produit\\\/sony-a7riv-objectif\\\/#primaryimage\",\"url\":\"https:\\\/\\\/maxima-studios.com\\\/wp-content\\\/uploads\\\/2024\\\/07\\\/Kit-Sony-A7RIV-Objectif-scaled.jpeg\",\"contentUrl\":\"https:\\\/\\\/maxima-studios.com\\\/wp-content\\\/uploads\\\/2024\\\/07\\\/Kit-Sony-A7RIV-Objectif-scaled.jpeg\",\"width\":2560,\"height\":1994,\"caption\":\"Sony A7RIV + objectif en location\"},{\"@type\":\"BreadcrumbList\",\"@id\":\"https:\\\/\\\/maxima-studios.com\\\/produit\\\/sony-a7riv-objectif\\\/#breadcrumb\",\"itemListElement\":[{\"@type\":\"ListItem\",\"position\":1,\"name\":\"Accueil\",\"item\":\"https:\\\/\\\/maxima-studios.com\\\/\"},{\"@type\":\"ListItem\",\"position\":2,\"name\":\"BOUTIQUE\",\"item\":\"https:\\\/\\\/maxima-studios.com\\\/boutique\\\/\"},{\"@type\":\"ListItem\",\"position\":3,\"name\":\"SONY A7RIV + OBJECTIF\"}]},{\"@type\":\"WebSite\",\"@id\":\"https:\\\/\\\/maxima-studios.com\\\/#website\",\"url\":\"https:\\\/\\\/maxima-studios.com\\\/\",\"name\":\"Maximaloc\",\"description\":\"\",\"publisher\":{\"@id\":\"https:\\\/\\\/maxima-studios.com\\\/#organization\"},\"potentialAction\":[{\"@type\":\"SearchAction\",\"target\":{\"@type\":\"EntryPoint\",\"urlTemplate\":\"https:\\\/\\\/maxima-studios.com\\\/?s={search_term_string}\"},\"query-input\":{\"@type\":\"PropertyValueSpecification\",\"valueRequired\":true,\"valueName\":\"search_term_string\"}}],\"inLanguage\":\"en-US\"},{\"@type\":\"Organization\",\"@id\":\"https:\\\/\\\/maxima-studios.com\\\/#organization\",\"name\":\"Maximaloc\",\"url\":\"https:\\\/\\\/maxima-studios.com\\\/\",\"logo\":{\"@type\":\"ImageObject\",\"inLanguage\":\"en-US\",\"@id\":\"https:\\\/\\\/maxima-studios.com\\\/#\\\/schema\\\/logo\\\/image\\\/\",\"url\":\"https:\\\/\\\/maxima-studios.com\\\/wp-content\\\/uploads\\\/2024\\\/03\\\/logo_noir-scaled.png\",\"contentUrl\":\"https:\\\/\\\/maxima-studios.com\\\/wp-content\\\/uploads\\\/2024\\\/03\\\/logo_noir-scaled.png\",\"width\":2560,\"height\":268,\"caption\":\"Maximaloc\"},\"image\":{\"@id\":\"https:\\\/\\\/maxima-studios.com\\\/#\\\/schema\\\/logo\\\/image\\\/\"},\"sameAs\":[\"https:\\\/\\\/www.facebook.com\\\/Maximalocation\"]}]}<\/script>\n<!-- \/ Yoast SEO plugin. -->","yoast_head_json":{"title":"SONY A7RIV + OBJECTIF - Maximaloc","robots":{"index":"index","follow":"follow","max-snippet":"max-snippet:-1","max-image-preview":"max-image-preview:large","max-video-preview":"max-video-preview:-1"},"canonical":"https:\/\/maxima-studios.com\/en\/product\/sony-a7riv-objectif\/","og_locale":"en_US","og_type":"article","og_title":"SONY A7RIV + OBJECTIF - Maximaloc","og_description":"Capteur :\u00a061 MP (Full Frame) Photo Jpeg \/ Raw 14 bits Vid\u00e9o : 4K 4:2:0 30p Slow motion : FHD 4:2:0 120p","og_url":"https:\/\/maxima-studios.com\/en\/product\/sony-a7riv-objectif\/","og_site_name":"Maximaloc","article_publisher":"https:\/\/www.facebook.com\/Maximalocation","article_modified_time":"2026-04-13T18:42:25+00:00","og_image":[{"width":2560,"height":1994,"url":"https:\/\/maxima-studios.com\/wp-content\/uploads\/2024\/07\/Kit-Sony-A7RIV-Objectif-scaled.jpeg","type":"image\/jpeg"}],"twitter_card":"summary_large_image","twitter_misc":{"Est. reading time":"2 minutes"},"schema":{"@context":"https:\/\/schema.org","@graph":[{"@type":"WebPage","@id":"https:\/\/maxima-studios.com\/produit\/sony-a7riv-objectif\/","url":"https:\/\/maxima-studios.com\/produit\/sony-a7riv-objectif\/","name":"SONY A7RIV + OBJECTIF - Maximaloc","isPartOf":{"@id":"https:\/\/maxima-studios.com\/#website"},"primaryImageOfPage":{"@id":"https:\/\/maxima-studios.com\/produit\/sony-a7riv-objectif\/#primaryimage"},"image":{"@id":"https:\/\/maxima-studios.com\/produit\/sony-a7riv-objectif\/#primaryimage"},"thumbnailUrl":"https:\/\/maxima-studios.com\/wp-content\/uploads\/2024\/07\/Kit-Sony-A7RIV-Objectif-scaled.jpeg","datePublished":"2024-07-03T13:12:25+00:00","dateModified":"2026-04-13T18:42:25+00:00","breadcrumb":{"@id":"https:\/\/maxima-studios.com\/produit\/sony-a7riv-objectif\/#breadcrumb"},"inLanguage":"en-US","potentialAction":[{"@type":"ReadAction","target":["https:\/\/maxima-studios.com\/produit\/sony-a7riv-objectif\/"]}]},{"@type":"ImageObject","inLanguage":"en-US","@id":"https:\/\/maxima-studios.com\/produit\/sony-a7riv-objectif\/#primaryimage","url":"https:\/\/maxima-studios.com\/wp-content\/uploads\/2024\/07\/Kit-Sony-A7RIV-Objectif-scaled.jpeg","contentUrl":"https:\/\/maxima-studios.com\/wp-content\/uploads\/2024\/07\/Kit-Sony-A7RIV-Objectif-scaled.jpeg","width":2560,"height":1994,"caption":"Sony A7RIV + objectif en location"},{"@type":"BreadcrumbList","@id":"https:\/\/maxima-studios.com\/produit\/sony-a7riv-objectif\/#breadcrumb","itemListElement":[{"@type":"ListItem","position":1,"name":"Accueil","item":"https:\/\/maxima-studios.com\/"},{"@type":"ListItem","position":2,"name":"BOUTIQUE","item":"https:\/\/maxima-studios.com\/boutique\/"},{"@type":"ListItem","position":3,"name":"SONY A7RIV + OBJECTIF"}]},{"@type":"WebSite","@id":"https:\/\/maxima-studios.com\/#website","url":"https:\/\/maxima-studios.com\/","name":"Maximaloc","description":"","publisher":{"@id":"https:\/\/maxima-studios.com\/#organization"},"potentialAction":[{"@type":"SearchAction","target":{"@type":"EntryPoint","urlTemplate":"https:\/\/maxima-studios.com\/?s={search_term_string}"},"query-input":{"@type":"PropertyValueSpecification","valueRequired":true,"valueName":"search_term_string"}}],"inLanguage":"en-US"},{"@type":"Organization","@id":"https:\/\/maxima-studios.com\/#organization","name":"Maximaloc","url":"https:\/\/maxima-studios.com\/","logo":{"@type":"ImageObject","inLanguage":"en-US","@id":"https:\/\/maxima-studios.com\/#\/schema\/logo\/image\/","url":"https:\/\/maxima-studios.com\/wp-content\/uploads\/2024\/03\/logo_noir-scaled.png","contentUrl":"https:\/\/maxima-studios.com\/wp-content\/uploads\/2024\/03\/logo_noir-scaled.png","width":2560,"height":268,"caption":"Maximaloc"},"image":{"@id":"https:\/\/maxima-studios.com\/#\/schema\/logo\/image\/"},"sameAs":["https:\/\/www.facebook.com\/Maximalocation"]}]}},"_links":{"self":[{"href":"https:\/\/maxima-studios.com\/en\/wp-json\/wp\/v2\/product\/13685","targetHints":{"allow":["GET"]}}],"collection":[{"href":"https:\/\/maxima-studios.com\/en\/wp-json\/wp\/v2\/product"}],"about":[{"href":"https:\/\/maxima-studios.com\/en\/wp-json\/wp\/v2\/types\/product"}],"wp:featuredmedia":[{"embeddable":true,"href":"https:\/\/maxima-studios.com\/en\/wp-json\/wp\/v2\/media\/16717"}],"wp:attachment":[{"href":"https:\/\/maxima-studios.com\/en\/wp-json\/wp\/v2\/media?parent=13685"}],"wp:term":[{"taxonomy":"product_cat","embeddable":true,"href":"https:\/\/maxima-studios.com\/en\/wp-json\/wp\/v2\/product_cat?post=13685"},{"taxonomy":"product_tag","embeddable":true,"href":"https:\/\/maxima-studios.com\/en\/wp-json\/wp\/v2\/product_tag?post=13685"}],"curies":[{"name":"wp","href":"https:\/\/api.w.org\/{rel}","templated":true}]}}