 {"id":13684,"date":"2024-07-03T15:12:25","date_gmt":"2024-07-03T13:12:25","guid":{"rendered":"https:\/\/maxima-studios.com\/produit\/sony-a7siii-objectif\/"},"modified":"2026-04-13T20:42:21","modified_gmt":"2026-04-13T18:42:21","slug":"sony-a7siii-objectif","status":"publish","type":"product","link":"https:\/\/maxima-studios.com\/en\/product\/sony-a7siii-objectif\/","title":{"rendered":"SONY A7SIII + OBJECTIF"},"content":{"rendered":"<p>Le Sony A7S III est un appareil hybride full frame de haute qualit\u00e9 con\u00e7u pour les professionnels de la vid\u00e9o.<\/p>\n<p>Derni\u00e8re g\u00e9n\u00e9ration de la ligne S (Sensibilit\u00e9) de chez Sony A7S3 s&#8217;impose pour ses performances en vid\u00e9o avec des caract\u00e9ristiques dignes des cam\u00e9ras cin\u00e9ma.<\/p>\n<p>\u00a0<\/p>\n<p><strong>Caract\u00e9ristiques:<\/strong><\/p>\n<p>&#8211; Vid\u00e9o en interne 4K 4:2:2 10 bits avec faible compression<\/p>\n<p>&#8211; Slow motion 4K 120p et HD 240p<\/p>\n<p>&#8211; Sortie HDMI en RAW 16 Bit non compress\u00e9 (tr\u00e8s similaire aux signaux RED ou ARRI).<\/p>\n<p>\u00a0<\/p>\n<p>Il dispose d&#8217;un capteur CMOS de 12,1 MP avec une sensibilit\u00e9 ISO allant jusqu&#8217;\u00e0 409600, ce qui permet une excellente performance en basse lumi\u00e8re (12.800 isos sans bruit).\u00a0<\/p>\n<p>\u00a0<\/p>\n<p>L&#8217;A7S III est \u00e9galement \u00e9quip\u00e9 d\u2019un \u00e9cran tactile inclinable,\u00a0 d&#8217;un syst\u00e8me de stabilisation d&#8217;image sur cinq axes, et d\u2019un tout nouveau syst\u00e8me d\u2019autofocus tr\u00e8s performant.\u00a0<\/p>\n<p>\u00a0<\/p>\n<p>Le nouveau syst\u00e8me AF du Sony A7S III \u00e0 d\u00e9tection de phase \u00e0 759 point permet la d\u00e9tection des yeux en temps r\u00e9el pour les humains et les animaux et un suivi (tracking) des sujets ou objets\u00a0 en mouvement avec une grande fluidit\u00e9 et cela jusqu&#8217;aux bords de l&#8217;image (couverture de 92% du capteur).<\/p>\n<p>Dans l&#8217;ensemble, le syst\u00e8me autofocus du Sony A7S III est consid\u00e9r\u00e9 comme l&#8217;un des meilleurs du march\u00e9 actuel pour les appareils photo plein format.<\/p>\n<p>Son ergonomie compacte et l\u00e9g\u00e8re et ses caract\u00e9ristiques dignes d\u2019une cam\u00e9ra de cin\u00e9ma en font le choix id\u00e9al pour r\u00e9aliser tout type de vid\u00e9o, des vid\u00e9os internet ( pub, corporate mode) aux clip de musique jusqu\u2019\u00e0 m\u00eame la fiction.<\/p>\n<p>\u00a0<\/p>\n<p><strong>Key Strengths<\/strong><\/p>\n<ul>\n<li>Capteur CMOS plein format de 12\u00a0MP<\/li>\n<li>Vid\u00e9o 4K 4:2:2 10 bits\u00a0<\/li>\n<li>Slow motion 4K 120p et HD 240p<\/li>\n<li>Sortie RAW 4K 16 bits<\/li>\n<li>Stabilisation 5 axes<\/li>\n<li>Autofocus avec tracking des yeux humains et animaux<\/li>\n<li>\u00c9cran tactile rotatif<\/li>\n<\/ul>\n<p>\u00a0<\/p>\n<p><strong>NOTES:<\/strong><\/p>\n<p>Sony A7S III = orient\u00e9 vid\u00e9o<\/p>\n<p>Sony A7III, A7IV etc.. = Polyvalentes en photo et vid\u00e9o<\/p>\n<p>Sony R (R\u00e9solution sony A7R3 ou A7R4 ) =\u00a0 orient\u00e9s photo<\/p>\n<p>\u00a0<\/p>\n<p>\u00a0<\/p>","protected":false},"excerpt":{"rendered":"<p>12,1 MP &#8211; Full Frame<\/p>\n<p>Vid\u00e9o: 4K 422 10 bit 120p\u00a0<\/p>\n<p>Slow Motion : HD 240p\u00a0<\/p>\n<p>Sortie : 4K Raw 16 bit<\/p>","protected":false},"featured_media":16716,"template":"","meta":[],"product_cat":[1349],"product_tag":[161,197,194,199,160,162,163,164,198,200,169,168,167,195,196,1394,1395,201],"class_list":{"0":"post-13684","1":"product","2":"type-product","3":"status-publish","4":"has-post-thumbnail","6":"product_cat-sony-marque-kit-pret-a-tourner","7":"product_tag-422-10-bits","8":"product_tag-full-frame-24x36","9":"product_tag-420-10-bits","10":"product_tag-hybride-dslr","11":"product_tag-420-8-bits","12":"product_tag-4k","13":"product_tag-4k-120p","14":"product_tag-4k-60p","15":"product_tag-full-hd","16":"product_tag-raw-externe","17":"product_tag-fhd-240p","18":"product_tag-fhd-180p","19":"product_tag-fhd-120p","20":"product_tag-avec-autofocus","21":"product_tag-capteur-stabilise","22":"product_tag-cinema-clip","23":"product_tag-itw-corporate","24":"product_tag-sony-e","26":"first","27":"instock","28":"taxable","29":"shipping-taxable","30":"purchasable","31":"product-type-rentable"},"yoast_head":"<!-- This site is optimized with the Yoast SEO plugin v27.3 - https:\/\/yoast.com\/product\/yoast-seo-wordpress\/ -->\n<title>SONY A7SIII + OBJECTIF - Maximaloc<\/title>\n<meta name=\"robots\" content=\"index, follow, max-snippet:-1, max-image-preview:large, max-video-preview:-1\" \/>\n<link rel=\"canonical\" href=\"https:\/\/maxima-studios.com\/en\/product\/sony-a7siii-objectif\/\" \/>\n<meta property=\"og:locale\" content=\"en_US\" \/>\n<meta property=\"og:type\" content=\"article\" \/>\n<meta property=\"og:title\" content=\"SONY A7SIII + OBJECTIF - Maximaloc\" \/>\n<meta property=\"og:description\" content=\"12,1 MP - Full Frame Vid\u00e9o: 4K 422 10 bit 120p\u00a0 Slow Motion : HD 240p\u00a0 Sortie : 4K Raw 16 bit\" \/>\n<meta property=\"og:url\" content=\"https:\/\/maxima-studios.com\/en\/product\/sony-a7siii-objectif\/\" \/>\n<meta property=\"og:site_name\" content=\"Maximaloc\" \/>\n<meta property=\"article:publisher\" content=\"https:\/\/www.facebook.com\/Maximalocation\" \/>\n<meta property=\"article:modified_time\" content=\"2026-04-13T18:42:21+00:00\" \/>\n<meta property=\"og:image\" content=\"https:\/\/maxima-studios.com\/wp-content\/uploads\/2024\/07\/Kit-Sony-A7SIII-Objectif-scaled.jpeg\" \/>\n\t<meta property=\"og:image:width\" content=\"2560\" \/>\n\t<meta property=\"og:image:height\" content=\"1994\" \/>\n\t<meta property=\"og:image:type\" content=\"image\/jpeg\" \/>\n<meta name=\"twitter:card\" content=\"summary_large_image\" \/>\n<meta name=\"twitter:label1\" content=\"Est. reading time\" \/>\n\t<meta name=\"twitter:data1\" content=\"2 minutes\" \/>\n<script type=\"application\/ld+json\" class=\"yoast-schema-graph\">{\"@context\":\"https:\\\/\\\/schema.org\",\"@graph\":[{\"@type\":\"WebPage\",\"@id\":\"https:\\\/\\\/maxima-studios.com\\\/produit\\\/sony-a7siii-objectif\\\/\",\"url\":\"https:\\\/\\\/maxima-studios.com\\\/produit\\\/sony-a7siii-objectif\\\/\",\"name\":\"SONY A7SIII + OBJECTIF - Maximaloc\",\"isPartOf\":{\"@id\":\"https:\\\/\\\/maxima-studios.com\\\/#website\"},\"primaryImageOfPage\":{\"@id\":\"https:\\\/\\\/maxima-studios.com\\\/produit\\\/sony-a7siii-objectif\\\/#primaryimage\"},\"image\":{\"@id\":\"https:\\\/\\\/maxima-studios.com\\\/produit\\\/sony-a7siii-objectif\\\/#primaryimage\"},\"thumbnailUrl\":\"https:\\\/\\\/maxima-studios.com\\\/wp-content\\\/uploads\\\/2024\\\/07\\\/Kit-Sony-A7SIII-Objectif-scaled.jpeg\",\"datePublished\":\"2024-07-03T13:12:25+00:00\",\"dateModified\":\"2026-04-13T18:42:21+00:00\",\"breadcrumb\":{\"@id\":\"https:\\\/\\\/maxima-studios.com\\\/produit\\\/sony-a7siii-objectif\\\/#breadcrumb\"},\"inLanguage\":\"en-US\",\"potentialAction\":[{\"@type\":\"ReadAction\",\"target\":[\"https:\\\/\\\/maxima-studios.com\\\/produit\\\/sony-a7siii-objectif\\\/\"]}]},{\"@type\":\"ImageObject\",\"inLanguage\":\"en-US\",\"@id\":\"https:\\\/\\\/maxima-studios.com\\\/produit\\\/sony-a7siii-objectif\\\/#primaryimage\",\"url\":\"https:\\\/\\\/maxima-studios.com\\\/wp-content\\\/uploads\\\/2024\\\/07\\\/Kit-Sony-A7SIII-Objectif-scaled.jpeg\",\"contentUrl\":\"https:\\\/\\\/maxima-studios.com\\\/wp-content\\\/uploads\\\/2024\\\/07\\\/Kit-Sony-A7SIII-Objectif-scaled.jpeg\",\"width\":2560,\"height\":1994,\"caption\":\"Sony A7SIII + objectif en location\"},{\"@type\":\"BreadcrumbList\",\"@id\":\"https:\\\/\\\/maxima-studios.com\\\/produit\\\/sony-a7siii-objectif\\\/#breadcrumb\",\"itemListElement\":[{\"@type\":\"ListItem\",\"position\":1,\"name\":\"Accueil\",\"item\":\"https:\\\/\\\/maxima-studios.com\\\/\"},{\"@type\":\"ListItem\",\"position\":2,\"name\":\"BOUTIQUE\",\"item\":\"https:\\\/\\\/maxima-studios.com\\\/boutique\\\/\"},{\"@type\":\"ListItem\",\"position\":3,\"name\":\"SONY A7SIII + OBJECTIF\"}]},{\"@type\":\"WebSite\",\"@id\":\"https:\\\/\\\/maxima-studios.com\\\/#website\",\"url\":\"https:\\\/\\\/maxima-studios.com\\\/\",\"name\":\"Maximaloc\",\"description\":\"\",\"publisher\":{\"@id\":\"https:\\\/\\\/maxima-studios.com\\\/#organization\"},\"potentialAction\":[{\"@type\":\"SearchAction\",\"target\":{\"@type\":\"EntryPoint\",\"urlTemplate\":\"https:\\\/\\\/maxima-studios.com\\\/?s={search_term_string}\"},\"query-input\":{\"@type\":\"PropertyValueSpecification\",\"valueRequired\":true,\"valueName\":\"search_term_string\"}}],\"inLanguage\":\"en-US\"},{\"@type\":\"Organization\",\"@id\":\"https:\\\/\\\/maxima-studios.com\\\/#organization\",\"name\":\"Maximaloc\",\"url\":\"https:\\\/\\\/maxima-studios.com\\\/\",\"logo\":{\"@type\":\"ImageObject\",\"inLanguage\":\"en-US\",\"@id\":\"https:\\\/\\\/maxima-studios.com\\\/#\\\/schema\\\/logo\\\/image\\\/\",\"url\":\"https:\\\/\\\/maxima-studios.com\\\/wp-content\\\/uploads\\\/2024\\\/03\\\/logo_noir-scaled.png\",\"contentUrl\":\"https:\\\/\\\/maxima-studios.com\\\/wp-content\\\/uploads\\\/2024\\\/03\\\/logo_noir-scaled.png\",\"width\":2560,\"height\":268,\"caption\":\"Maximaloc\"},\"image\":{\"@id\":\"https:\\\/\\\/maxima-studios.com\\\/#\\\/schema\\\/logo\\\/image\\\/\"},\"sameAs\":[\"https:\\\/\\\/www.facebook.com\\\/Maximalocation\"]}]}<\/script>\n<!-- \/ Yoast SEO plugin. -->","yoast_head_json":{"title":"SONY A7SIII + OBJECTIF - Maximaloc","robots":{"index":"index","follow":"follow","max-snippet":"max-snippet:-1","max-image-preview":"max-image-preview:large","max-video-preview":"max-video-preview:-1"},"canonical":"https:\/\/maxima-studios.com\/en\/product\/sony-a7siii-objectif\/","og_locale":"en_US","og_type":"article","og_title":"SONY A7SIII + OBJECTIF - Maximaloc","og_description":"12,1 MP - Full Frame Vid\u00e9o: 4K 422 10 bit 120p\u00a0 Slow Motion : HD 240p\u00a0 Sortie : 4K Raw 16 bit","og_url":"https:\/\/maxima-studios.com\/en\/product\/sony-a7siii-objectif\/","og_site_name":"Maximaloc","article_publisher":"https:\/\/www.facebook.com\/Maximalocation","article_modified_time":"2026-04-13T18:42:21+00:00","og_image":[{"width":2560,"height":1994,"url":"https:\/\/maxima-studios.com\/wp-content\/uploads\/2024\/07\/Kit-Sony-A7SIII-Objectif-scaled.jpeg","type":"image\/jpeg"}],"twitter_card":"summary_large_image","twitter_misc":{"Est. reading time":"2 minutes"},"schema":{"@context":"https:\/\/schema.org","@graph":[{"@type":"WebPage","@id":"https:\/\/maxima-studios.com\/produit\/sony-a7siii-objectif\/","url":"https:\/\/maxima-studios.com\/produit\/sony-a7siii-objectif\/","name":"SONY A7SIII + OBJECTIF - Maximaloc","isPartOf":{"@id":"https:\/\/maxima-studios.com\/#website"},"primaryImageOfPage":{"@id":"https:\/\/maxima-studios.com\/produit\/sony-a7siii-objectif\/#primaryimage"},"image":{"@id":"https:\/\/maxima-studios.com\/produit\/sony-a7siii-objectif\/#primaryimage"},"thumbnailUrl":"https:\/\/maxima-studios.com\/wp-content\/uploads\/2024\/07\/Kit-Sony-A7SIII-Objectif-scaled.jpeg","datePublished":"2024-07-03T13:12:25+00:00","dateModified":"2026-04-13T18:42:21+00:00","breadcrumb":{"@id":"https:\/\/maxima-studios.com\/produit\/sony-a7siii-objectif\/#breadcrumb"},"inLanguage":"en-US","potentialAction":[{"@type":"ReadAction","target":["https:\/\/maxima-studios.com\/produit\/sony-a7siii-objectif\/"]}]},{"@type":"ImageObject","inLanguage":"en-US","@id":"https:\/\/maxima-studios.com\/produit\/sony-a7siii-objectif\/#primaryimage","url":"https:\/\/maxima-studios.com\/wp-content\/uploads\/2024\/07\/Kit-Sony-A7SIII-Objectif-scaled.jpeg","contentUrl":"https:\/\/maxima-studios.com\/wp-content\/uploads\/2024\/07\/Kit-Sony-A7SIII-Objectif-scaled.jpeg","width":2560,"height":1994,"caption":"Sony A7SIII + objectif en location"},{"@type":"BreadcrumbList","@id":"https:\/\/maxima-studios.com\/produit\/sony-a7siii-objectif\/#breadcrumb","itemListElement":[{"@type":"ListItem","position":1,"name":"Accueil","item":"https:\/\/maxima-studios.com\/"},{"@type":"ListItem","position":2,"name":"BOUTIQUE","item":"https:\/\/maxima-studios.com\/boutique\/"},{"@type":"ListItem","position":3,"name":"SONY A7SIII + OBJECTIF"}]},{"@type":"WebSite","@id":"https:\/\/maxima-studios.com\/#website","url":"https:\/\/maxima-studios.com\/","name":"Maximaloc","description":"","publisher":{"@id":"https:\/\/maxima-studios.com\/#organization"},"potentialAction":[{"@type":"SearchAction","target":{"@type":"EntryPoint","urlTemplate":"https:\/\/maxima-studios.com\/?s={search_term_string}"},"query-input":{"@type":"PropertyValueSpecification","valueRequired":true,"valueName":"search_term_string"}}],"inLanguage":"en-US"},{"@type":"Organization","@id":"https:\/\/maxima-studios.com\/#organization","name":"Maximaloc","url":"https:\/\/maxima-studios.com\/","logo":{"@type":"ImageObject","inLanguage":"en-US","@id":"https:\/\/maxima-studios.com\/#\/schema\/logo\/image\/","url":"https:\/\/maxima-studios.com\/wp-content\/uploads\/2024\/03\/logo_noir-scaled.png","contentUrl":"https:\/\/maxima-studios.com\/wp-content\/uploads\/2024\/03\/logo_noir-scaled.png","width":2560,"height":268,"caption":"Maximaloc"},"image":{"@id":"https:\/\/maxima-studios.com\/#\/schema\/logo\/image\/"},"sameAs":["https:\/\/www.facebook.com\/Maximalocation"]}]}},"_links":{"self":[{"href":"https:\/\/maxima-studios.com\/en\/wp-json\/wp\/v2\/product\/13684","targetHints":{"allow":["GET"]}}],"collection":[{"href":"https:\/\/maxima-studios.com\/en\/wp-json\/wp\/v2\/product"}],"about":[{"href":"https:\/\/maxima-studios.com\/en\/wp-json\/wp\/v2\/types\/product"}],"wp:featuredmedia":[{"embeddable":true,"href":"https:\/\/maxima-studios.com\/en\/wp-json\/wp\/v2\/media\/16716"}],"wp:attachment":[{"href":"https:\/\/maxima-studios.com\/en\/wp-json\/wp\/v2\/media?parent=13684"}],"wp:term":[{"taxonomy":"product_cat","embeddable":true,"href":"https:\/\/maxima-studios.com\/en\/wp-json\/wp\/v2\/product_cat?post=13684"},{"taxonomy":"product_tag","embeddable":true,"href":"https:\/\/maxima-studios.com\/en\/wp-json\/wp\/v2\/product_tag?post=13684"}],"curies":[{"name":"wp","href":"https:\/\/api.w.org\/{rel}","templated":true}]}}