 {"id":13683,"date":"2024-07-03T15:12:24","date_gmt":"2024-07-03T13:12:24","guid":{"rendered":"https:\/\/maxima-studios.com\/produit\/sony-a7iv-objectif\/"},"modified":"2026-04-13T20:44:30","modified_gmt":"2026-04-13T18:44:30","slug":"sony-a7iv-objectif","status":"publish","type":"product","link":"https:\/\/maxima-studios.com\/en\/product\/sony-a7iv-objectif\/","title":{"rendered":"SONY A7IV + OBJECTIF"},"content":{"rendered":"<p>L\u2019A7IV est l\u2019hybride plein format le plus polyvalent de chez Sony qui remplace le c\u00e9l\u00e8bre Sony\u00a0 A7III . Dot\u00e9 d\u2019un capteur Full Frame de 33 MP r\u00e9tro \u00e9clair\u00e9 le Sony A74 permet de prendre des photos de haute r\u00e9solution m\u00eame en basse lumi\u00e8re et enregistrer des vid\u00e9o en 4K 422 10 bit 60p et du Slow Motion HD 120p.\u00a0\u00a0<\/p>\n<p>Avec une nouvelle IA en Autofocus ( la m\u00eame int\u00e9gr\u00e9e dans le A7RV) le bo\u00eetier est capable d\u2019identifier la posture et le mouvement des sujets pour offrir un AF pr\u00e9cis m\u00eame dans les situations les plus d\u00e9licates, comme lorsque le sujet est dos \u00e0 l&#8217;appareil, porte un masque ou se situe dans une zone faiblement \u00e9clair\u00e9e. Ce nouveau syst\u00e8me reconna\u00eet \u00e9galement les animaux, les voitures, les trains et les avions = l\u2019AF de Sony n\u2019a jamais \u00e9t\u00e9 aussi efficace.<\/p>\n<p>\u00a0<\/p>\n<p>POINTS FORTS :\u00a0<\/p>\n<p>\u00a0<\/p>\n<ul>\n<li>CMOS plein format de 33 MP\u00a0<\/li>\n<li>Stabilisation 5 axes<\/li>\n<li>Autofocus avec tracking humains, animaux, objets<\/li>\n<li>Excellent en photo<\/li>\n<li>Vid\u00e9o Interne 4K 4:2:2 10 bit 60p<\/li>\n<li>Slow Motion HD\u00a0 120p<\/li>\n<li>Ecran LCD Articul\u00e9 Tactile<\/li>\n<li>Streaming sans application FHD 60p via l\u2019USB-C<br \/>\u00a0<br \/>\u00a0<br \/>\u00a0<\/li>\n<\/ul>","protected":false},"excerpt":{"rendered":"<p>Capteur :\u00a033 MP (Full Frame)<\/p>\n<p>Photo Jpeg\/Raw 14 bit<\/p>\n<p>Vid\u00e9o 4K 422 10 bits 60p\u00a0<\/p>\n<p>FHD 420 8 bits 120p<\/p>","protected":false},"featured_media":16715,"template":"","meta":[],"product_cat":[1349],"product_tag":[161,197,194,199,160,162,164,198,167,195,196,1395,1397,201],"class_list":{"0":"post-13683","1":"product","2":"type-product","3":"status-publish","4":"has-post-thumbnail","6":"product_cat-sony-marque-kit-pret-a-tourner","7":"product_tag-422-10-bits","8":"product_tag-full-frame-24x36","9":"product_tag-420-10-bits","10":"product_tag-hybride-dslr","11":"product_tag-420-8-bits","12":"product_tag-4k","13":"product_tag-4k-60p","14":"product_tag-full-hd","15":"product_tag-fhd-120p","16":"product_tag-avec-autofocus","17":"product_tag-capteur-stabilise","18":"product_tag-itw-corporate","19":"product_tag-photo-video","20":"product_tag-sony-e","22":"first","23":"instock","24":"taxable","25":"shipping-taxable","26":"purchasable","27":"product-type-rentable"},"_links":{"self":[{"href":"https:\/\/maxima-studios.com\/en\/wp-json\/wp\/v2\/product\/13683","targetHints":{"allow":["GET"]}}],"collection":[{"href":"https:\/\/maxima-studios.com\/en\/wp-json\/wp\/v2\/product"}],"about":[{"href":"https:\/\/maxima-studios.com\/en\/wp-json\/wp\/v2\/types\/product"}],"wp:featuredmedia":[{"embeddable":true,"href":"https:\/\/maxima-studios.com\/en\/wp-json\/wp\/v2\/media\/16715"}],"wp:attachment":[{"href":"https:\/\/maxima-studios.com\/en\/wp-json\/wp\/v2\/media?parent=13683"}],"wp:term":[{"taxonomy":"product_cat","embeddable":true,"href":"https:\/\/maxima-studios.com\/en\/wp-json\/wp\/v2\/product_cat?post=13683"},{"taxonomy":"product_tag","embeddable":true,"href":"https:\/\/maxima-studios.com\/en\/wp-json\/wp\/v2\/product_tag?post=13683"}],"curies":[{"name":"wp","href":"https:\/\/api.w.org\/{rel}","templated":true}]}}