 {"id":13682,"date":"2024-07-03T15:12:04","date_gmt":"2024-07-03T13:12:04","guid":{"rendered":"https:\/\/maxima-studios.com\/produit\/kit-captation-2x-sony-fx6\/"},"modified":"2026-04-13T20:20:17","modified_gmt":"2026-04-13T18:20:17","slug":"kit-captation-sony-fx6","status":"publish","type":"product","link":"https:\/\/maxima-studios.com\/en\/product\/kit-captation-sony-fx6\/","title":{"rendered":"KIT CAPTATION SONY FX6"},"content":{"rendered":"<p>KIT CAPTATION 4K Full Frame avec Sony\u00a0Fx6. Chaque cam\u00e9ra vient avec un objectif zoom, plusieurs batteries, une carte SD, un tr\u00e9pied et un micro.<\/p>\n<p>Capteur Full Frame avec Autofocus g\u00e9rant le Tracking de l&#8217;oeil et d\u00e9livrant une qualit\u00e9 d&#8217;images 4K Broadcast. Id\u00e9al\u00a0pour le tournage de Live, d&#8217;\u00e9missions TV, de Captations de\u00a0Conf\u00e9rences, Concert et Spectacles.<\/p>","protected":false},"excerpt":{"rendered":"<p>Kit Captation 4K Full Frame\u00a0<\/p>\n<p>avec Tr\u00e9pieds et Micros Inclus<\/p>","protected":false},"featured_media":18824,"template":"","meta":[],"product_cat":[1349],"product_tag":[161,202,197,160,165,162,163,164,198,200,169,168,167,195,1396,1395,201],"class_list":{"0":"post-13682","1":"product","2":"type-product","3":"status-publish","4":"has-post-thumbnail","6":"product_cat-sony-marque-kit-pret-a-tourner","7":"product_tag-422-10-bits","8":"product_tag-cameras","9":"product_tag-full-frame-24x36","10":"product_tag-420-8-bits","11":"product_tag-5k-60p","12":"product_tag-4k","13":"product_tag-4k-120p","14":"product_tag-4k-60p","15":"product_tag-full-hd","16":"product_tag-raw-externe","17":"product_tag-fhd-240p","18":"product_tag-fhd-180p","19":"product_tag-fhd-120p","20":"product_tag-avec-autofocus","21":"product_tag-captation-evenementiel","22":"product_tag-itw-corporate","23":"product_tag-sony-e","25":"first","26":"instock","27":"taxable","28":"shipping-taxable","29":"purchasable","30":"product-type-rentable"},"_links":{"self":[{"href":"https:\/\/maxima-studios.com\/en\/wp-json\/wp\/v2\/product\/13682","targetHints":{"allow":["GET"]}}],"collection":[{"href":"https:\/\/maxima-studios.com\/en\/wp-json\/wp\/v2\/product"}],"about":[{"href":"https:\/\/maxima-studios.com\/en\/wp-json\/wp\/v2\/types\/product"}],"wp:featuredmedia":[{"embeddable":true,"href":"https:\/\/maxima-studios.com\/en\/wp-json\/wp\/v2\/media\/18824"}],"wp:attachment":[{"href":"https:\/\/maxima-studios.com\/en\/wp-json\/wp\/v2\/media?parent=13682"}],"wp:term":[{"taxonomy":"product_cat","embeddable":true,"href":"https:\/\/maxima-studios.com\/en\/wp-json\/wp\/v2\/product_cat?post=13682"},{"taxonomy":"product_tag","embeddable":true,"href":"https:\/\/maxima-studios.com\/en\/wp-json\/wp\/v2\/product_tag?post=13682"}],"curies":[{"name":"wp","href":"https:\/\/api.w.org\/{rel}","templated":true}]}}