 {"id":13663,"date":"2024-07-01T18:27:51","date_gmt":"2024-07-01T16:27:51","guid":{"rendered":"https:\/\/maxima-studios.com\/produit\/apple-macbook-air\/"},"modified":"2026-04-13T20:37:12","modified_gmt":"2026-04-13T18:37:12","slug":"apple-macbook-air-13-6-m1","status":"publish","type":"product","link":"https:\/\/maxima-studios.com\/en\/product\/apple-macbook-air-13-6-m1\/","title":{"rendered":"APPLE MACBOOK AIR 13.6&#8243; M1"},"content":{"rendered":"<p>MacBook Air 13,3\u201d M1 en version 16 Go de RAM et 256 Go de SSD.\u00a0<\/p>\n<p>Convient largement \u00e0 la plupart des utilisations, que ce soit pour backuper, faire des retouches photo ou des montages vid\u00e9os simples.<\/p>\n<p>Il est dot\u00e9 d\u2019un \u00e9cran 13,3 pouces (33,7 cm diagonale) qui restitue des couleurs vives et lumineuses dans une r\u00e9solution 2560&#215;1600. Le MacBook inclut deux ports USB-C, il est lou\u00e9 avec un HUB USB-C qui int\u00e8gre une sortie HDMI, une entr\u00e9e RJ45, deux entr\u00e9es USB 3 et une entr\u00e9e USB-C.<\/p>\n<p>* La licence Adobe est disponible en option<\/p>\n<p>\u00a0<\/p>\n<p><strong>Points Forts :<\/strong><\/p>\n<ul>\n<li>Processeur M1 : Puissance et efficacit\u00e9 exceptionnelles.<\/li>\n<li>16 Go RAM : Multit\u00e2che fluide et grande r\u00e9activit\u00e9\u00a0<\/li>\n<li>SSD 256 Go : Stockage rapide et d\u00e9marrage instantan\u00e9<\/li>\n<\/ul>","protected":false},"excerpt":{"rendered":"<p>Ordinateur Portable\u00a0<\/p>\n<p>Dissque : SSD 256Go<\/p>\n<p>RAM : 16 Go\u00a0<\/p>\n<p>Ecran : 13&#8243; IPS 2560&#215;1600<\/p>","protected":false},"featured_media":13670,"template":"","meta":[],"product_cat":[408],"product_tag":[],"class_list":{"0":"post-13663","1":"product","2":"type-product","3":"status-publish","4":"has-post-thumbnail","6":"product_cat-ordinateurs-tablettes","8":"first","9":"instock","10":"taxable","11":"shipping-taxable","12":"purchasable","13":"product-type-rentable"},"_links":{"self":[{"href":"https:\/\/maxima-studios.com\/en\/wp-json\/wp\/v2\/product\/13663","targetHints":{"allow":["GET"]}}],"collection":[{"href":"https:\/\/maxima-studios.com\/en\/wp-json\/wp\/v2\/product"}],"about":[{"href":"https:\/\/maxima-studios.com\/en\/wp-json\/wp\/v2\/types\/product"}],"wp:featuredmedia":[{"embeddable":true,"href":"https:\/\/maxima-studios.com\/en\/wp-json\/wp\/v2\/media\/13670"}],"wp:attachment":[{"href":"https:\/\/maxima-studios.com\/en\/wp-json\/wp\/v2\/media?parent=13663"}],"wp:term":[{"taxonomy":"product_cat","embeddable":true,"href":"https:\/\/maxima-studios.com\/en\/wp-json\/wp\/v2\/product_cat?post=13663"},{"taxonomy":"product_tag","embeddable":true,"href":"https:\/\/maxima-studios.com\/en\/wp-json\/wp\/v2\/product_tag?post=13663"}],"curies":[{"name":"wp","href":"https:\/\/api.w.org\/{rel}","templated":true}]}}