 {"id":13662,"date":"2024-07-01T18:27:51","date_gmt":"2024-07-01T16:27:51","guid":{"rendered":"https:\/\/maxima-studios.com\/produit\/apple-ipad-102\/"},"modified":"2026-04-13T20:20:28","modified_gmt":"2026-04-13T18:20:28","slug":"apple-ipad-102","status":"publish","type":"product","link":"https:\/\/maxima-studios.com\/en\/product\/apple-ipad-102\/","title":{"rendered":"APPLE IPAD 10,2&#8243;"},"content":{"rendered":"<p>Tablette Ipad \u00e9quip\u00e9e de l\u2019ensemble des applications dont vous pourriez avoir besoin pour contr\u00f4ler nos diff\u00e9rents \u00e9quipements (AsteraApp, Siduslink, Nanlink, GoPro Quick, etc.). Elle peut aussi\u00a0\u00eatre utilis\u00e9e pour faire d\u00e9filer le texte sur notre prompteur, disponible \u00e0 la location \u00e9galement.<\/p>\n<p>\u00a0<\/p>\n<p>Avec son \u00e9cran lumineux et confortable de 10,2 pouces (2 160 x 1 620), l\u2019Ipad est lou\u00e9 avec une coque et offre une autonomie maximale de 10 heures.<\/p>","protected":false},"excerpt":{"rendered":"<p>Tablette Apple 10.2&#8243;<\/p>\n<p>Autonomie : 10h<\/p>\n<p>Capacit\u00e9 64 Go<\/p>","protected":false},"featured_media":13669,"template":"","meta":[],"product_cat":[408],"product_tag":[],"class_list":{"0":"post-13662","1":"product","2":"type-product","3":"status-publish","4":"has-post-thumbnail","6":"product_cat-ordinateurs-tablettes","8":"first","9":"instock","10":"taxable","11":"shipping-taxable","12":"purchasable","13":"product-type-rentable"},"_links":{"self":[{"href":"https:\/\/maxima-studios.com\/en\/wp-json\/wp\/v2\/product\/13662","targetHints":{"allow":["GET"]}}],"collection":[{"href":"https:\/\/maxima-studios.com\/en\/wp-json\/wp\/v2\/product"}],"about":[{"href":"https:\/\/maxima-studios.com\/en\/wp-json\/wp\/v2\/types\/product"}],"wp:featuredmedia":[{"embeddable":true,"href":"https:\/\/maxima-studios.com\/en\/wp-json\/wp\/v2\/media\/13669"}],"wp:attachment":[{"href":"https:\/\/maxima-studios.com\/en\/wp-json\/wp\/v2\/media?parent=13662"}],"wp:term":[{"taxonomy":"product_cat","embeddable":true,"href":"https:\/\/maxima-studios.com\/en\/wp-json\/wp\/v2\/product_cat?post=13662"},{"taxonomy":"product_tag","embeddable":true,"href":"https:\/\/maxima-studios.com\/en\/wp-json\/wp\/v2\/product_tag?post=13662"}],"curies":[{"name":"wp","href":"https:\/\/api.w.org\/{rel}","templated":true}]}}