 {"id":13635,"date":"2024-07-01T14:44:52","date_gmt":"2024-07-01T12:44:52","guid":{"rendered":"https:\/\/maxima-studios.com\/produit\/aputure-kit-8x-bulbes-b7c-rgb\/"},"modified":"2026-04-13T20:11:34","modified_gmt":"2026-04-13T18:11:34","slug":"aputure-kit-8x-bulbes-b7c-rgb","status":"publish","type":"product","link":"https:\/\/maxima-studios.com\/en\/product\/aputure-kit-8x-bulbes-b7c-rgb\/","title":{"rendered":"APUTURE KIT 8X BULBES B7C RGB"},"content":{"rendered":"<p>Ampoules Intelligentes RGB controlables via smartphone ou tablette en bluetooth.<\/p>\n<p>Les ampoules ont des batteries int\u00e9gr\u00e9es qui offrent une autonomie de 70 minutes \u00e0 pleine puissance et de 20 heures \u00e0 puissance minimale. Vous recevez un \u00e9tui qui sert \u00e0 la fois au stockage et \u00e0 la charge des \u00e9clairages. Cet \u00e9tui peut alimenter les 8 ampoules en m\u00eame temps.<\/p>\n<p><strong>Points forts:<\/strong><\/p>\n<ul>\n<li>RGB + CCT \u2013 contr\u00f4le couleur et temp\u00e9rature<\/li>\n<li>Rendu couleur \u00e9lev\u00e9 \u2013 CRI\/TLCI pro<\/li>\n<li>Contr\u00f4le Sidus Link \/ DMX<\/li>\n<li>Kit 8 ampoules \u2013 \u00e9clairage modulable et cr\u00e9atif<\/li>\n<\/ul>","protected":false},"excerpt":{"rendered":"<p>8x Ampoule LED RGB<\/p>\n<p>\u200bPuissance : 7W \/ ampoule\u00a0<\/p>\n<p>T\u00b0 : 2000 \u00e0 10.000K<\/p>\n<p>Culot : E27<\/p>","protected":false},"featured_media":13917,"template":"","meta":[],"product_cat":[1342,1391],"product_tag":[311,1389,295,299],"class_list":{"0":"post-13635","1":"product","2":"type-product","3":"status-publish","4":"has-post-thumbnail","6":"product_cat-evenementiel","7":"product_cat-ampoule","8":"product_tag-30w-ou-moins","9":"product_tag-ampoule","10":"product_tag-aputure","11":"product_tag-rgb","13":"first","14":"instock","15":"taxable","16":"shipping-taxable","17":"purchasable","18":"product-type-rentable"},"yoast_head":"<!-- This site is optimized with the Yoast SEO plugin v27.3 - https:\/\/yoast.com\/product\/yoast-seo-wordpress\/ -->\n<title>APUTURE KIT 8X BULBES B7C RGB - Maximaloc<\/title>\n<meta name=\"robots\" content=\"index, follow, max-snippet:-1, max-image-preview:large, max-video-preview:-1\" \/>\n<link rel=\"canonical\" href=\"https:\/\/maxima-studios.com\/en\/product\/aputure-kit-8x-bulbes-b7c-rgb\/\" \/>\n<meta property=\"og:locale\" content=\"en_US\" \/>\n<meta property=\"og:type\" content=\"article\" \/>\n<meta property=\"og:title\" content=\"APUTURE KIT 8X BULBES B7C RGB - Maximaloc\" \/>\n<meta property=\"og:description\" content=\"8x Ampoule LED RGB \u200bPuissance : 7W \/ ampoule\u00a0 T\u00b0 : 2000 \u00e0 10.000K Culot : E27\" \/>\n<meta property=\"og:url\" content=\"https:\/\/maxima-studios.com\/en\/product\/aputure-kit-8x-bulbes-b7c-rgb\/\" \/>\n<meta property=\"og:site_name\" content=\"Maximaloc\" \/>\n<meta property=\"article:publisher\" content=\"https:\/\/www.facebook.com\/Maximalocation\" \/>\n<meta property=\"article:modified_time\" content=\"2026-04-13T18:11:34+00:00\" \/>\n<meta property=\"og:image\" content=\"https:\/\/maxima-studios.com\/wp-content\/uploads\/2024\/07\/b49820_ec849d218dec4a1abd05a915390baa10mv2.webp\" \/>\n\t<meta property=\"og:image:width\" content=\"580\" \/>\n\t<meta property=\"og:image:height\" content=\"420\" \/>\n\t<meta property=\"og:image:type\" content=\"image\/webp\" \/>\n<meta name=\"twitter:card\" content=\"summary_large_image\" \/>\n<meta name=\"twitter:label1\" content=\"Est. reading time\" \/>\n\t<meta name=\"twitter:data1\" content=\"1 minute\" \/>\n<script type=\"application\/ld+json\" class=\"yoast-schema-graph\">{\"@context\":\"https:\\\/\\\/schema.org\",\"@graph\":[{\"@type\":\"WebPage\",\"@id\":\"https:\\\/\\\/maxima-studios.com\\\/produit\\\/aputure-kit-8x-bulbes-b7c-rgb\\\/\",\"url\":\"https:\\\/\\\/maxima-studios.com\\\/produit\\\/aputure-kit-8x-bulbes-b7c-rgb\\\/\",\"name\":\"APUTURE KIT 8X BULBES B7C RGB - Maximaloc\",\"isPartOf\":{\"@id\":\"https:\\\/\\\/maxima-studios.com\\\/#website\"},\"primaryImageOfPage\":{\"@id\":\"https:\\\/\\\/maxima-studios.com\\\/produit\\\/aputure-kit-8x-bulbes-b7c-rgb\\\/#primaryimage\"},\"image\":{\"@id\":\"https:\\\/\\\/maxima-studios.com\\\/produit\\\/aputure-kit-8x-bulbes-b7c-rgb\\\/#primaryimage\"},\"thumbnailUrl\":\"https:\\\/\\\/maxima-studios.com\\\/wp-content\\\/uploads\\\/2024\\\/07\\\/b49820_ec849d218dec4a1abd05a915390baa10mv2.webp\",\"datePublished\":\"2024-07-01T12:44:52+00:00\",\"dateModified\":\"2026-04-13T18:11:34+00:00\",\"breadcrumb\":{\"@id\":\"https:\\\/\\\/maxima-studios.com\\\/produit\\\/aputure-kit-8x-bulbes-b7c-rgb\\\/#breadcrumb\"},\"inLanguage\":\"en-US\",\"potentialAction\":[{\"@type\":\"ReadAction\",\"target\":[\"https:\\\/\\\/maxima-studios.com\\\/produit\\\/aputure-kit-8x-bulbes-b7c-rgb\\\/\"]}]},{\"@type\":\"ImageObject\",\"inLanguage\":\"en-US\",\"@id\":\"https:\\\/\\\/maxima-studios.com\\\/produit\\\/aputure-kit-8x-bulbes-b7c-rgb\\\/#primaryimage\",\"url\":\"https:\\\/\\\/maxima-studios.com\\\/wp-content\\\/uploads\\\/2024\\\/07\\\/b49820_ec849d218dec4a1abd05a915390baa10mv2.webp\",\"contentUrl\":\"https:\\\/\\\/maxima-studios.com\\\/wp-content\\\/uploads\\\/2024\\\/07\\\/b49820_ec849d218dec4a1abd05a915390baa10mv2.webp\",\"width\":580,\"height\":420,\"caption\":\"Palette d'\u00e9clairage RGB B7C, id\u00e9ale pour des setups cr\u00e9atifs en audiovisuel\"},{\"@type\":\"BreadcrumbList\",\"@id\":\"https:\\\/\\\/maxima-studios.com\\\/produit\\\/aputure-kit-8x-bulbes-b7c-rgb\\\/#breadcrumb\",\"itemListElement\":[{\"@type\":\"ListItem\",\"position\":1,\"name\":\"Accueil\",\"item\":\"https:\\\/\\\/maxima-studios.com\\\/\"},{\"@type\":\"ListItem\",\"position\":2,\"name\":\"BOUTIQUE\",\"item\":\"https:\\\/\\\/maxima-studios.com\\\/boutique\\\/\"},{\"@type\":\"ListItem\",\"position\":3,\"name\":\"APUTURE KIT 8X BULBES B7C RGB\"}]},{\"@type\":\"WebSite\",\"@id\":\"https:\\\/\\\/maxima-studios.com\\\/#website\",\"url\":\"https:\\\/\\\/maxima-studios.com\\\/\",\"name\":\"Maximaloc\",\"description\":\"\",\"publisher\":{\"@id\":\"https:\\\/\\\/maxima-studios.com\\\/#organization\"},\"potentialAction\":[{\"@type\":\"SearchAction\",\"target\":{\"@type\":\"EntryPoint\",\"urlTemplate\":\"https:\\\/\\\/maxima-studios.com\\\/?s={search_term_string}\"},\"query-input\":{\"@type\":\"PropertyValueSpecification\",\"valueRequired\":true,\"valueName\":\"search_term_string\"}}],\"inLanguage\":\"en-US\"},{\"@type\":\"Organization\",\"@id\":\"https:\\\/\\\/maxima-studios.com\\\/#organization\",\"name\":\"Maximaloc\",\"url\":\"https:\\\/\\\/maxima-studios.com\\\/\",\"logo\":{\"@type\":\"ImageObject\",\"inLanguage\":\"en-US\",\"@id\":\"https:\\\/\\\/maxima-studios.com\\\/#\\\/schema\\\/logo\\\/image\\\/\",\"url\":\"https:\\\/\\\/maxima-studios.com\\\/wp-content\\\/uploads\\\/2024\\\/03\\\/logo_noir-scaled.png\",\"contentUrl\":\"https:\\\/\\\/maxima-studios.com\\\/wp-content\\\/uploads\\\/2024\\\/03\\\/logo_noir-scaled.png\",\"width\":2560,\"height\":268,\"caption\":\"Maximaloc\"},\"image\":{\"@id\":\"https:\\\/\\\/maxima-studios.com\\\/#\\\/schema\\\/logo\\\/image\\\/\"},\"sameAs\":[\"https:\\\/\\\/www.facebook.com\\\/Maximalocation\"]}]}<\/script>\n<!-- \/ Yoast SEO plugin. -->","yoast_head_json":{"title":"APUTURE KIT 8X BULBES B7C RGB - Maximaloc","robots":{"index":"index","follow":"follow","max-snippet":"max-snippet:-1","max-image-preview":"max-image-preview:large","max-video-preview":"max-video-preview:-1"},"canonical":"https:\/\/maxima-studios.com\/en\/product\/aputure-kit-8x-bulbes-b7c-rgb\/","og_locale":"en_US","og_type":"article","og_title":"APUTURE KIT 8X BULBES B7C RGB - Maximaloc","og_description":"8x Ampoule LED RGB \u200bPuissance : 7W \/ ampoule\u00a0 T\u00b0 : 2000 \u00e0 10.000K Culot : E27","og_url":"https:\/\/maxima-studios.com\/en\/product\/aputure-kit-8x-bulbes-b7c-rgb\/","og_site_name":"Maximaloc","article_publisher":"https:\/\/www.facebook.com\/Maximalocation","article_modified_time":"2026-04-13T18:11:34+00:00","og_image":[{"width":580,"height":420,"url":"https:\/\/maxima-studios.com\/wp-content\/uploads\/2024\/07\/b49820_ec849d218dec4a1abd05a915390baa10mv2.webp","type":"image\/webp"}],"twitter_card":"summary_large_image","twitter_misc":{"Est. reading time":"1 minute"},"schema":{"@context":"https:\/\/schema.org","@graph":[{"@type":"WebPage","@id":"https:\/\/maxima-studios.com\/produit\/aputure-kit-8x-bulbes-b7c-rgb\/","url":"https:\/\/maxima-studios.com\/produit\/aputure-kit-8x-bulbes-b7c-rgb\/","name":"APUTURE KIT 8X BULBES B7C RGB - Maximaloc","isPartOf":{"@id":"https:\/\/maxima-studios.com\/#website"},"primaryImageOfPage":{"@id":"https:\/\/maxima-studios.com\/produit\/aputure-kit-8x-bulbes-b7c-rgb\/#primaryimage"},"image":{"@id":"https:\/\/maxima-studios.com\/produit\/aputure-kit-8x-bulbes-b7c-rgb\/#primaryimage"},"thumbnailUrl":"https:\/\/maxima-studios.com\/wp-content\/uploads\/2024\/07\/b49820_ec849d218dec4a1abd05a915390baa10mv2.webp","datePublished":"2024-07-01T12:44:52+00:00","dateModified":"2026-04-13T18:11:34+00:00","breadcrumb":{"@id":"https:\/\/maxima-studios.com\/produit\/aputure-kit-8x-bulbes-b7c-rgb\/#breadcrumb"},"inLanguage":"en-US","potentialAction":[{"@type":"ReadAction","target":["https:\/\/maxima-studios.com\/produit\/aputure-kit-8x-bulbes-b7c-rgb\/"]}]},{"@type":"ImageObject","inLanguage":"en-US","@id":"https:\/\/maxima-studios.com\/produit\/aputure-kit-8x-bulbes-b7c-rgb\/#primaryimage","url":"https:\/\/maxima-studios.com\/wp-content\/uploads\/2024\/07\/b49820_ec849d218dec4a1abd05a915390baa10mv2.webp","contentUrl":"https:\/\/maxima-studios.com\/wp-content\/uploads\/2024\/07\/b49820_ec849d218dec4a1abd05a915390baa10mv2.webp","width":580,"height":420,"caption":"Palette d'\u00e9clairage RGB B7C, id\u00e9ale pour des setups cr\u00e9atifs en audiovisuel"},{"@type":"BreadcrumbList","@id":"https:\/\/maxima-studios.com\/produit\/aputure-kit-8x-bulbes-b7c-rgb\/#breadcrumb","itemListElement":[{"@type":"ListItem","position":1,"name":"Accueil","item":"https:\/\/maxima-studios.com\/"},{"@type":"ListItem","position":2,"name":"BOUTIQUE","item":"https:\/\/maxima-studios.com\/boutique\/"},{"@type":"ListItem","position":3,"name":"APUTURE KIT 8X BULBES B7C RGB"}]},{"@type":"WebSite","@id":"https:\/\/maxima-studios.com\/#website","url":"https:\/\/maxima-studios.com\/","name":"Maximaloc","description":"","publisher":{"@id":"https:\/\/maxima-studios.com\/#organization"},"potentialAction":[{"@type":"SearchAction","target":{"@type":"EntryPoint","urlTemplate":"https:\/\/maxima-studios.com\/?s={search_term_string}"},"query-input":{"@type":"PropertyValueSpecification","valueRequired":true,"valueName":"search_term_string"}}],"inLanguage":"en-US"},{"@type":"Organization","@id":"https:\/\/maxima-studios.com\/#organization","name":"Maximaloc","url":"https:\/\/maxima-studios.com\/","logo":{"@type":"ImageObject","inLanguage":"en-US","@id":"https:\/\/maxima-studios.com\/#\/schema\/logo\/image\/","url":"https:\/\/maxima-studios.com\/wp-content\/uploads\/2024\/03\/logo_noir-scaled.png","contentUrl":"https:\/\/maxima-studios.com\/wp-content\/uploads\/2024\/03\/logo_noir-scaled.png","width":2560,"height":268,"caption":"Maximaloc"},"image":{"@id":"https:\/\/maxima-studios.com\/#\/schema\/logo\/image\/"},"sameAs":["https:\/\/www.facebook.com\/Maximalocation"]}]}},"_links":{"self":[{"href":"https:\/\/maxima-studios.com\/en\/wp-json\/wp\/v2\/product\/13635","targetHints":{"allow":["GET"]}}],"collection":[{"href":"https:\/\/maxima-studios.com\/en\/wp-json\/wp\/v2\/product"}],"about":[{"href":"https:\/\/maxima-studios.com\/en\/wp-json\/wp\/v2\/types\/product"}],"wp:featuredmedia":[{"embeddable":true,"href":"https:\/\/maxima-studios.com\/en\/wp-json\/wp\/v2\/media\/13917"}],"wp:attachment":[{"href":"https:\/\/maxima-studios.com\/en\/wp-json\/wp\/v2\/media?parent=13635"}],"wp:term":[{"taxonomy":"product_cat","embeddable":true,"href":"https:\/\/maxima-studios.com\/en\/wp-json\/wp\/v2\/product_cat?post=13635"},{"taxonomy":"product_tag","embeddable":true,"href":"https:\/\/maxima-studios.com\/en\/wp-json\/wp\/v2\/product_tag?post=13635"}],"curies":[{"name":"wp","href":"https:\/\/api.w.org\/{rel}","templated":true}]}}