 {"id":13545,"date":"2024-06-28T11:31:55","date_gmt":"2024-06-28T09:31:55","guid":{"rendered":"https:\/\/maxima-studios.com\/produit\/batterie-anker-2kwh\/"},"modified":"2026-04-13T20:20:27","modified_gmt":"2026-04-13T18:20:27","slug":"batterie-anker-2kwh","status":"publish","type":"product","link":"https:\/\/maxima-studios.com\/en\/product\/batterie-anker-2kwh\/","title":{"rendered":"BATTERIE ANKER 2KWh"},"content":{"rendered":"<p>L&#8217;Anker Powerhouse 2kWh est une batterie portable haute capacit\u00e9 id\u00e9ale pour alimenter vos projecteurs ou tout autre appareil dans une situation de tournage o\u00f9 vous n\u2019avez pas acc\u00e8s \u00e0 l\u2019\u00e9lectricit\u00e9. Avec ses 2300W de sortie max sur prise secteur, vous pouvez alimenter simultan\u00e9ment deux COB 600 \u00e0 pleine puissance pendant environ 1h30.<\/p>\n<p>\u00a0<\/p>\n<p>Cette batterie dispose de trois prises secteur AC, deux ports USB et deux ports USB-C qui vous permettent de recharger et d&#8217;alimenter une vari\u00e9t\u00e9 d&#8217;appareils. L&#8217;Anker Powerhouse 2kW est dot\u00e9e d&#8217;un \u00e9cran LED qui affiche les informations sur la puissance restante et l&#8217;\u00e9tat de charge. La batterie est \u00e9galement contr\u00f4lable via l\u2019application Anker, elle se recharge enti\u00e8rement en environ 65 minutes seulement.<\/p>\n<p>\u00a0<\/p>\n<p>Elle est facile \u00e0 d\u00e9placer avec ses roulettes robustes et sa poign\u00e9e pliable. Deux poign\u00e9es robustes sont \u00e9galement plac\u00e9es de part et d&#8217;autre de la batterie afin de pouvoir la soulever confortablement.<\/p>\n<p>\u00a0<\/p>\n<p><strong>Points Forts :<\/strong><\/p>\n<ul>\n<li>Puissance de sortie jusqu\u2019\u00e0 2300 W<\/li>\n<li>Multiples ports de sortie : prise secteur AC, port USB et USB-C<\/li>\n<li>Portabilit\u00e9 : poign\u00e9e et roulettes incluses<\/li>\n<\/ul>","protected":false},"excerpt":{"rendered":"<p>Batterie Portable\u00a0<\/p>\n<p>Capacit\u00e9 : 2048 Wh\u00a0<\/p>\n<p>Puissance max : 2300 W<\/p>\n<p>Temps de recharge : 65 min<\/p>","protected":false},"featured_media":13657,"template":"","meta":[],"product_cat":[1342,377],"product_tag":[],"class_list":{"0":"post-13545","1":"product","2":"type-product","3":"status-publish","4":"has-post-thumbnail","6":"product_cat-evenementiel","7":"product_cat-generateurs","9":"first","10":"instock","11":"featured","12":"taxable","13":"shipping-taxable","14":"purchasable","15":"product-type-rentable"},"_links":{"self":[{"href":"https:\/\/maxima-studios.com\/en\/wp-json\/wp\/v2\/product\/13545","targetHints":{"allow":["GET"]}}],"collection":[{"href":"https:\/\/maxima-studios.com\/en\/wp-json\/wp\/v2\/product"}],"about":[{"href":"https:\/\/maxima-studios.com\/en\/wp-json\/wp\/v2\/types\/product"}],"wp:featuredmedia":[{"embeddable":true,"href":"https:\/\/maxima-studios.com\/en\/wp-json\/wp\/v2\/media\/13657"}],"wp:attachment":[{"href":"https:\/\/maxima-studios.com\/en\/wp-json\/wp\/v2\/media?parent=13545"}],"wp:term":[{"taxonomy":"product_cat","embeddable":true,"href":"https:\/\/maxima-studios.com\/en\/wp-json\/wp\/v2\/product_cat?post=13545"},{"taxonomy":"product_tag","embeddable":true,"href":"https:\/\/maxima-studios.com\/en\/wp-json\/wp\/v2\/product_tag?post=13545"}],"curies":[{"name":"wp","href":"https:\/\/api.w.org\/{rel}","templated":true}]}}