 {"id":13544,"date":"2024-06-28T11:31:55","date_gmt":"2024-06-28T09:31:55","guid":{"rendered":"https:\/\/maxima-studios.com\/produit\/chargeur-v-lock-simple\/"},"modified":"2026-04-13T20:20:26","modified_gmt":"2026-04-13T18:20:26","slug":"chargeur-v-lock-simple","status":"publish","type":"product","link":"https:\/\/maxima-studios.com\/en\/product\/chargeur-v-lock-simple\/","title":{"rendered":"CHARGEUR V-LOCK SIMPLE"},"content":{"rendered":"<p>Ce chargeur V-Lock offre un emplacement de charge pour charger une batterie V-Lock. Des t\u00e9moins LED indiquent lorsque les batteries sont pleines.\u00a0<\/p>\n<p>Une batterie 95 Wh mont\u00e9e seule sur le chargeur sera charg\u00e9e en 2h10, deux batteries 95 Wh mont\u00e9es simultan\u00e9ment seront charg\u00e9es en\u00a0 3h15.<\/p>\n<p>Pour les batteries 190 Wh, il faut compter 4h25 pour une seule batterie et 6h40 pour deux batteries en charge simultan\u00e9e.<\/p>","protected":false},"excerpt":{"rendered":"<p>Chargeur 1 voies<\/p>\n<p>Type : Batteries V-Lock \/ V-Mount<\/p>","protected":false},"featured_media":13550,"template":"","meta":[],"product_cat":[381],"product_tag":[],"class_list":{"0":"post-13544","1":"product","2":"type-product","3":"status-publish","4":"has-post-thumbnail","6":"product_cat-chargeurs-alim-batterie","8":"first","9":"instock","10":"taxable","11":"shipping-taxable","12":"purchasable","13":"product-type-rentable"},"_links":{"self":[{"href":"https:\/\/maxima-studios.com\/en\/wp-json\/wp\/v2\/product\/13544","targetHints":{"allow":["GET"]}}],"collection":[{"href":"https:\/\/maxima-studios.com\/en\/wp-json\/wp\/v2\/product"}],"about":[{"href":"https:\/\/maxima-studios.com\/en\/wp-json\/wp\/v2\/types\/product"}],"wp:featuredmedia":[{"embeddable":true,"href":"https:\/\/maxima-studios.com\/en\/wp-json\/wp\/v2\/media\/13550"}],"wp:attachment":[{"href":"https:\/\/maxima-studios.com\/en\/wp-json\/wp\/v2\/media?parent=13544"}],"wp:term":[{"taxonomy":"product_cat","embeddable":true,"href":"https:\/\/maxima-studios.com\/en\/wp-json\/wp\/v2\/product_cat?post=13544"},{"taxonomy":"product_tag","embeddable":true,"href":"https:\/\/maxima-studios.com\/en\/wp-json\/wp\/v2\/product_tag?post=13544"}],"curies":[{"name":"wp","href":"https:\/\/api.w.org\/{rel}","templated":true}]}}