 {"id":13543,"date":"2024-06-28T11:31:54","date_gmt":"2024-06-28T09:31:54","guid":{"rendered":"https:\/\/maxima-studios.com\/produit\/chargeur-v-lock-double\/"},"modified":"2026-04-13T20:20:26","modified_gmt":"2026-04-13T18:20:26","slug":"chargeur-v-lock-double","status":"publish","type":"product","link":"https:\/\/maxima-studios.com\/en\/product\/chargeur-v-lock-double\/","title":{"rendered":"CHARGEUR V-LOCK DOUBLE"},"content":{"rendered":"<p>Ce chargeur V-Lock offre deux emplacements de charge pour charger simultan\u00e9ment deux batteries V-Lock. Des t\u00e9moins LED indiquent lorsque les batteries sont pleines.\u00a0<\/p>\n<p>Une batterie 95 Wh mont\u00e9e seule sur le chargeur sera charg\u00e9e en 2h10, deux batteries 95 Wh mont\u00e9es simultan\u00e9ment seront charg\u00e9es en\u00a0 3h15.<\/p>\n<p>Pour les batteries 190 Wh, il faut compter 4h25 pour une seule batterie et 6h40 pour deux batteries en charge simultan\u00e9e.<\/p>\n<p><u><strong>Points forts :<\/strong><\/u><\/p>\n<ul>\n<li>Charge simultan\u00e9e de 2 batteries V-Lock<\/li>\n<li>S\u00e9curit\u00e9 de charge intelligente\u00a0<\/li>\n<li>Design compacte et l\u00e9ger\u00a0<\/li>\n<\/ul>","protected":false},"excerpt":{"rendered":"<p>Chargeur 2 voies<\/p>\n<p>Type : Batteries V-Lock \/ V-Mount<\/p>\n<p>Taux de Charge : 1x 3 Ah \/ 2x 2 Ah<\/p>","protected":false},"featured_media":13549,"template":"","meta":[],"product_cat":[381],"product_tag":[],"class_list":{"0":"post-13543","1":"product","2":"type-product","3":"status-publish","4":"has-post-thumbnail","6":"product_cat-chargeurs-alim-batterie","8":"first","9":"instock","10":"taxable","11":"shipping-taxable","12":"purchasable","13":"product-type-rentable"},"_links":{"self":[{"href":"https:\/\/maxima-studios.com\/en\/wp-json\/wp\/v2\/product\/13543","targetHints":{"allow":["GET"]}}],"collection":[{"href":"https:\/\/maxima-studios.com\/en\/wp-json\/wp\/v2\/product"}],"about":[{"href":"https:\/\/maxima-studios.com\/en\/wp-json\/wp\/v2\/types\/product"}],"wp:featuredmedia":[{"embeddable":true,"href":"https:\/\/maxima-studios.com\/en\/wp-json\/wp\/v2\/media\/13549"}],"wp:attachment":[{"href":"https:\/\/maxima-studios.com\/en\/wp-json\/wp\/v2\/media?parent=13543"}],"wp:term":[{"taxonomy":"product_cat","embeddable":true,"href":"https:\/\/maxima-studios.com\/en\/wp-json\/wp\/v2\/product_cat?post=13543"},{"taxonomy":"product_tag","embeddable":true,"href":"https:\/\/maxima-studios.com\/en\/wp-json\/wp\/v2\/product_tag?post=13543"}],"curies":[{"name":"wp","href":"https:\/\/api.w.org\/{rel}","templated":true}]}}