 {"id":13539,"date":"2024-06-28T11:31:52","date_gmt":"2024-06-28T09:31:52","guid":{"rendered":"https:\/\/maxima-studios.com\/produit\/chargeur-panasonic-blf19e-double\/"},"modified":"2026-04-13T20:20:24","modified_gmt":"2026-04-13T18:20:24","slug":"chargeur-panasonic-blf19e-double","status":"publish","type":"product","link":"https:\/\/maxima-studios.com\/en\/product\/chargeur-panasonic-blf19e-double\/","title":{"rendered":"CHARGEUR PANASONIC BLF19E DOUBLE"},"content":{"rendered":"<p>Avec le chargeur PATONA BLF19, il est possible de charger deux batteries rapidement, simultan\u00e9ment et ind\u00e9pendamment. Peu importe si les deux batteries ont la m\u00eame capacit\u00e9. De plus, le chargeur dispose d&#8217;une sortie USB avec laquelle les appareils tiers parall\u00e8les (tablette, smartphone, &#8230;) peuvent \u00eatre charg\u00e9s.<\/p>\n<p>\u00a0<\/p>\n<p>Le chargeur d\u00e9tecte automatiquement la tension requise de la batterie ins\u00e9r\u00e9e et emp\u00eache toute surcharge ou surchauffe.<\/p>\n<p>\u00a0<\/p>\n<p>Le chargeur dispose de 2 modes de charge, &#8220;L&#8221; pour une charge normale d&#8217;\u00e9conomie de batterie et &#8220;H&#8221; pour une charge rapide.<\/p>\n<p>\u00a0<\/p>\n<p>Des informations importantes, telles que l&#8217;\u00e9tat de charge, le port USB actif, l&#8217;utilisation de l&#8217;adaptateur de voiture et le mode de charge sont affich\u00e9es sur l&#8217;\u00e9cran LCD.<\/p>","protected":false},"excerpt":{"rendered":"<p>Chargeur 2 voies pour batteries BLF-19<\/p>","protected":false},"featured_media":14397,"template":"","meta":[],"product_cat":[381],"product_tag":[],"class_list":{"0":"post-13539","1":"product","2":"type-product","3":"status-publish","4":"has-post-thumbnail","6":"product_cat-chargeurs-alim-batterie","8":"first","9":"instock","10":"taxable","11":"shipping-taxable","12":"purchasable","13":"product-type-rentable"},"yoast_head":"<!-- This site is optimized with the Yoast SEO plugin v27.3 - https:\/\/yoast.com\/product\/yoast-seo-wordpress\/ -->\n<title>CHARGEUR PANASONIC BLF19E DOUBLE - Maximaloc<\/title>\n<meta name=\"robots\" content=\"index, follow, max-snippet:-1, max-image-preview:large, max-video-preview:-1\" \/>\n<link rel=\"canonical\" href=\"https:\/\/maxima-studios.com\/en\/product\/chargeur-panasonic-blf19e-double\/\" \/>\n<meta property=\"og:locale\" content=\"en_US\" \/>\n<meta property=\"og:type\" content=\"article\" \/>\n<meta property=\"og:title\" content=\"CHARGEUR PANASONIC BLF19E DOUBLE - Maximaloc\" \/>\n<meta property=\"og:description\" content=\"Chargeur 2 voies pour batteries BLF-19\" \/>\n<meta property=\"og:url\" content=\"https:\/\/maxima-studios.com\/en\/product\/chargeur-panasonic-blf19e-double\/\" \/>\n<meta property=\"og:site_name\" content=\"Maximaloc\" \/>\n<meta property=\"article:publisher\" content=\"https:\/\/www.facebook.com\/Maximalocation\" \/>\n<meta property=\"article:modified_time\" content=\"2026-04-13T18:20:24+00:00\" \/>\n<meta property=\"og:image\" content=\"https:\/\/maxima-studios.com\/wp-content\/uploads\/2024\/06\/chargeur-de-batterie-dmw-blf19e-blf19e-blf19-led-u-removebg-preview.png\" \/>\n\t<meta property=\"og:image:width\" content=\"500\" \/>\n\t<meta property=\"og:image:height\" content=\"500\" \/>\n\t<meta property=\"og:image:type\" content=\"image\/png\" \/>\n<meta name=\"twitter:card\" content=\"summary_large_image\" \/>\n<meta name=\"twitter:label1\" content=\"Est. reading time\" \/>\n\t<meta name=\"twitter:data1\" content=\"1 minute\" \/>\n<script type=\"application\/ld+json\" class=\"yoast-schema-graph\">{\"@context\":\"https:\\\/\\\/schema.org\",\"@graph\":[{\"@type\":\"WebPage\",\"@id\":\"https:\\\/\\\/maxima-studios.com\\\/produit\\\/chargeur-panasonic-blf19e-double\\\/\",\"url\":\"https:\\\/\\\/maxima-studios.com\\\/produit\\\/chargeur-panasonic-blf19e-double\\\/\",\"name\":\"CHARGEUR PANASONIC BLF19E DOUBLE - Maximaloc\",\"isPartOf\":{\"@id\":\"https:\\\/\\\/maxima-studios.com\\\/#website\"},\"primaryImageOfPage\":{\"@id\":\"https:\\\/\\\/maxima-studios.com\\\/produit\\\/chargeur-panasonic-blf19e-double\\\/#primaryimage\"},\"image\":{\"@id\":\"https:\\\/\\\/maxima-studios.com\\\/produit\\\/chargeur-panasonic-blf19e-double\\\/#primaryimage\"},\"thumbnailUrl\":\"https:\\\/\\\/maxima-studios.com\\\/wp-content\\\/uploads\\\/2024\\\/06\\\/chargeur-de-batterie-dmw-blf19e-blf19e-blf19-led-u-removebg-preview.png\",\"datePublished\":\"2024-06-28T09:31:52+00:00\",\"dateModified\":\"2026-04-13T18:20:24+00:00\",\"breadcrumb\":{\"@id\":\"https:\\\/\\\/maxima-studios.com\\\/produit\\\/chargeur-panasonic-blf19e-double\\\/#breadcrumb\"},\"inLanguage\":\"en-US\",\"potentialAction\":[{\"@type\":\"ReadAction\",\"target\":[\"https:\\\/\\\/maxima-studios.com\\\/produit\\\/chargeur-panasonic-blf19e-double\\\/\"]}]},{\"@type\":\"ImageObject\",\"inLanguage\":\"en-US\",\"@id\":\"https:\\\/\\\/maxima-studios.com\\\/produit\\\/chargeur-panasonic-blf19e-double\\\/#primaryimage\",\"url\":\"https:\\\/\\\/maxima-studios.com\\\/wp-content\\\/uploads\\\/2024\\\/06\\\/chargeur-de-batterie-dmw-blf19e-blf19e-blf19-led-u-removebg-preview.png\",\"contentUrl\":\"https:\\\/\\\/maxima-studios.com\\\/wp-content\\\/uploads\\\/2024\\\/06\\\/chargeur-de-batterie-dmw-blf19e-blf19e-blf19-led-u-removebg-preview.png\",\"width\":500,\"height\":500,\"caption\":\"Chargeur Panasonic BLF19E Double en location\"},{\"@type\":\"BreadcrumbList\",\"@id\":\"https:\\\/\\\/maxima-studios.com\\\/produit\\\/chargeur-panasonic-blf19e-double\\\/#breadcrumb\",\"itemListElement\":[{\"@type\":\"ListItem\",\"position\":1,\"name\":\"Accueil\",\"item\":\"https:\\\/\\\/maxima-studios.com\\\/\"},{\"@type\":\"ListItem\",\"position\":2,\"name\":\"BOUTIQUE\",\"item\":\"https:\\\/\\\/maxima-studios.com\\\/boutique\\\/\"},{\"@type\":\"ListItem\",\"position\":3,\"name\":\"CHARGEUR PANASONIC BLF19E DOUBLE\"}]},{\"@type\":\"WebSite\",\"@id\":\"https:\\\/\\\/maxima-studios.com\\\/#website\",\"url\":\"https:\\\/\\\/maxima-studios.com\\\/\",\"name\":\"Maximaloc\",\"description\":\"\",\"publisher\":{\"@id\":\"https:\\\/\\\/maxima-studios.com\\\/#organization\"},\"potentialAction\":[{\"@type\":\"SearchAction\",\"target\":{\"@type\":\"EntryPoint\",\"urlTemplate\":\"https:\\\/\\\/maxima-studios.com\\\/?s={search_term_string}\"},\"query-input\":{\"@type\":\"PropertyValueSpecification\",\"valueRequired\":true,\"valueName\":\"search_term_string\"}}],\"inLanguage\":\"en-US\"},{\"@type\":\"Organization\",\"@id\":\"https:\\\/\\\/maxima-studios.com\\\/#organization\",\"name\":\"Maximaloc\",\"url\":\"https:\\\/\\\/maxima-studios.com\\\/\",\"logo\":{\"@type\":\"ImageObject\",\"inLanguage\":\"en-US\",\"@id\":\"https:\\\/\\\/maxima-studios.com\\\/#\\\/schema\\\/logo\\\/image\\\/\",\"url\":\"https:\\\/\\\/maxima-studios.com\\\/wp-content\\\/uploads\\\/2024\\\/03\\\/logo_noir-scaled.png\",\"contentUrl\":\"https:\\\/\\\/maxima-studios.com\\\/wp-content\\\/uploads\\\/2024\\\/03\\\/logo_noir-scaled.png\",\"width\":2560,\"height\":268,\"caption\":\"Maximaloc\"},\"image\":{\"@id\":\"https:\\\/\\\/maxima-studios.com\\\/#\\\/schema\\\/logo\\\/image\\\/\"},\"sameAs\":[\"https:\\\/\\\/www.facebook.com\\\/Maximalocation\"]}]}<\/script>\n<!-- \/ Yoast SEO plugin. -->","yoast_head_json":{"title":"CHARGEUR PANASONIC BLF19E DOUBLE - Maximaloc","robots":{"index":"index","follow":"follow","max-snippet":"max-snippet:-1","max-image-preview":"max-image-preview:large","max-video-preview":"max-video-preview:-1"},"canonical":"https:\/\/maxima-studios.com\/en\/product\/chargeur-panasonic-blf19e-double\/","og_locale":"en_US","og_type":"article","og_title":"CHARGEUR PANASONIC BLF19E DOUBLE - Maximaloc","og_description":"Chargeur 2 voies pour batteries BLF-19","og_url":"https:\/\/maxima-studios.com\/en\/product\/chargeur-panasonic-blf19e-double\/","og_site_name":"Maximaloc","article_publisher":"https:\/\/www.facebook.com\/Maximalocation","article_modified_time":"2026-04-13T18:20:24+00:00","og_image":[{"width":500,"height":500,"url":"https:\/\/maxima-studios.com\/wp-content\/uploads\/2024\/06\/chargeur-de-batterie-dmw-blf19e-blf19e-blf19-led-u-removebg-preview.png","type":"image\/png"}],"twitter_card":"summary_large_image","twitter_misc":{"Est. reading time":"1 minute"},"schema":{"@context":"https:\/\/schema.org","@graph":[{"@type":"WebPage","@id":"https:\/\/maxima-studios.com\/produit\/chargeur-panasonic-blf19e-double\/","url":"https:\/\/maxima-studios.com\/produit\/chargeur-panasonic-blf19e-double\/","name":"CHARGEUR PANASONIC BLF19E DOUBLE - Maximaloc","isPartOf":{"@id":"https:\/\/maxima-studios.com\/#website"},"primaryImageOfPage":{"@id":"https:\/\/maxima-studios.com\/produit\/chargeur-panasonic-blf19e-double\/#primaryimage"},"image":{"@id":"https:\/\/maxima-studios.com\/produit\/chargeur-panasonic-blf19e-double\/#primaryimage"},"thumbnailUrl":"https:\/\/maxima-studios.com\/wp-content\/uploads\/2024\/06\/chargeur-de-batterie-dmw-blf19e-blf19e-blf19-led-u-removebg-preview.png","datePublished":"2024-06-28T09:31:52+00:00","dateModified":"2026-04-13T18:20:24+00:00","breadcrumb":{"@id":"https:\/\/maxima-studios.com\/produit\/chargeur-panasonic-blf19e-double\/#breadcrumb"},"inLanguage":"en-US","potentialAction":[{"@type":"ReadAction","target":["https:\/\/maxima-studios.com\/produit\/chargeur-panasonic-blf19e-double\/"]}]},{"@type":"ImageObject","inLanguage":"en-US","@id":"https:\/\/maxima-studios.com\/produit\/chargeur-panasonic-blf19e-double\/#primaryimage","url":"https:\/\/maxima-studios.com\/wp-content\/uploads\/2024\/06\/chargeur-de-batterie-dmw-blf19e-blf19e-blf19-led-u-removebg-preview.png","contentUrl":"https:\/\/maxima-studios.com\/wp-content\/uploads\/2024\/06\/chargeur-de-batterie-dmw-blf19e-blf19e-blf19-led-u-removebg-preview.png","width":500,"height":500,"caption":"Chargeur Panasonic BLF19E Double en location"},{"@type":"BreadcrumbList","@id":"https:\/\/maxima-studios.com\/produit\/chargeur-panasonic-blf19e-double\/#breadcrumb","itemListElement":[{"@type":"ListItem","position":1,"name":"Accueil","item":"https:\/\/maxima-studios.com\/"},{"@type":"ListItem","position":2,"name":"BOUTIQUE","item":"https:\/\/maxima-studios.com\/boutique\/"},{"@type":"ListItem","position":3,"name":"CHARGEUR PANASONIC BLF19E DOUBLE"}]},{"@type":"WebSite","@id":"https:\/\/maxima-studios.com\/#website","url":"https:\/\/maxima-studios.com\/","name":"Maximaloc","description":"","publisher":{"@id":"https:\/\/maxima-studios.com\/#organization"},"potentialAction":[{"@type":"SearchAction","target":{"@type":"EntryPoint","urlTemplate":"https:\/\/maxima-studios.com\/?s={search_term_string}"},"query-input":{"@type":"PropertyValueSpecification","valueRequired":true,"valueName":"search_term_string"}}],"inLanguage":"en-US"},{"@type":"Organization","@id":"https:\/\/maxima-studios.com\/#organization","name":"Maximaloc","url":"https:\/\/maxima-studios.com\/","logo":{"@type":"ImageObject","inLanguage":"en-US","@id":"https:\/\/maxima-studios.com\/#\/schema\/logo\/image\/","url":"https:\/\/maxima-studios.com\/wp-content\/uploads\/2024\/03\/logo_noir-scaled.png","contentUrl":"https:\/\/maxima-studios.com\/wp-content\/uploads\/2024\/03\/logo_noir-scaled.png","width":2560,"height":268,"caption":"Maximaloc"},"image":{"@id":"https:\/\/maxima-studios.com\/#\/schema\/logo\/image\/"},"sameAs":["https:\/\/www.facebook.com\/Maximalocation"]}]}},"_links":{"self":[{"href":"https:\/\/maxima-studios.com\/en\/wp-json\/wp\/v2\/product\/13539","targetHints":{"allow":["GET"]}}],"collection":[{"href":"https:\/\/maxima-studios.com\/en\/wp-json\/wp\/v2\/product"}],"about":[{"href":"https:\/\/maxima-studios.com\/en\/wp-json\/wp\/v2\/types\/product"}],"wp:featuredmedia":[{"embeddable":true,"href":"https:\/\/maxima-studios.com\/en\/wp-json\/wp\/v2\/media\/14397"}],"wp:attachment":[{"href":"https:\/\/maxima-studios.com\/en\/wp-json\/wp\/v2\/media?parent=13539"}],"wp:term":[{"taxonomy":"product_cat","embeddable":true,"href":"https:\/\/maxima-studios.com\/en\/wp-json\/wp\/v2\/product_cat?post=13539"},{"taxonomy":"product_tag","embeddable":true,"href":"https:\/\/maxima-studios.com\/en\/wp-json\/wp\/v2\/product_tag?post=13539"}],"curies":[{"name":"wp","href":"https:\/\/api.w.org\/{rel}","templated":true}]}}