 {"id":13517,"date":"2024-06-26T14:45:43","date_gmt":"2024-06-26T12:45:43","guid":{"rendered":"https:\/\/maxima-studios.com\/produit\/lecteur-carte-cf-express-type-b\/"},"modified":"2026-04-13T20:20:22","modified_gmt":"2026-04-13T18:20:22","slug":"lecteur-cf-express-type-b","status":"publish","type":"product","link":"https:\/\/maxima-studios.com\/en\/product\/lecteur-cf-express-type-b\/","title":{"rendered":"LECTEUR CF EXPRESS TYPE B"},"content":{"rendered":"<p>\u00c9quip\u00e9 d\u2019un bo\u00eetier en aluminium l\u00e9ger et compact, ce lecteur de carte CF express Type B est lou\u00e9 avec c\u00e2ble USB-A et USB-C pour \u00eatre compatible avec n\u2019importe quel ordinateur.<\/p>\n<p>\u00a0<\/p>\n<p>Gr\u00e2ce \u00e0 son interface USB 3.2 Gen2, ce lecteur supporte des transferts jusqu\u2019\u00e0 10 Gb\/s. La vitesse de backup sera donc limit\u00e9e par la vitesse de lecture du support de stockage ins\u00e9r\u00e9 et\/ou par la performance de l\u2019ordinateur utilis\u00e9.<\/p>\n<p>\u00a0<\/p>\n<p>Compatible avec tous les syst\u00e8mes d\u2019exploitation, le lecteur prend en charge les cartes m\u00e9moire CF express Type B jusqu&#8217;\u00e0 2 To.<\/p>","protected":false},"excerpt":{"rendered":"<p>Lecteur de carte<\/p>\n<p>Carte : CF Express Type B<\/p>\n<p>Connectiques : USB-C \/\u00a0USB-A<\/p>","protected":false},"featured_media":13523,"template":"","meta":[],"product_cat":[387],"product_tag":[],"class_list":{"0":"post-13517","1":"product","2":"type-product","3":"status-publish","4":"has-post-thumbnail","6":"product_cat-lecteur-de-carte-disque","8":"first","9":"instock","10":"taxable","11":"shipping-taxable","12":"purchasable","13":"product-type-rentable"},"_links":{"self":[{"href":"https:\/\/maxima-studios.com\/en\/wp-json\/wp\/v2\/product\/13517","targetHints":{"allow":["GET"]}}],"collection":[{"href":"https:\/\/maxima-studios.com\/en\/wp-json\/wp\/v2\/product"}],"about":[{"href":"https:\/\/maxima-studios.com\/en\/wp-json\/wp\/v2\/types\/product"}],"wp:featuredmedia":[{"embeddable":true,"href":"https:\/\/maxima-studios.com\/en\/wp-json\/wp\/v2\/media\/13523"}],"wp:attachment":[{"href":"https:\/\/maxima-studios.com\/en\/wp-json\/wp\/v2\/media?parent=13517"}],"wp:term":[{"taxonomy":"product_cat","embeddable":true,"href":"https:\/\/maxima-studios.com\/en\/wp-json\/wp\/v2\/product_cat?post=13517"},{"taxonomy":"product_tag","embeddable":true,"href":"https:\/\/maxima-studios.com\/en\/wp-json\/wp\/v2\/product_tag?post=13517"}],"curies":[{"name":"wp","href":"https:\/\/api.w.org\/{rel}","templated":true}]}}