 {"id":13515,"date":"2024-06-26T14:45:41","date_gmt":"2024-06-26T12:45:41","guid":{"rendered":"https:\/\/maxima-studios.com\/produit\/aputure-boule-chinoise-90cm\/"},"modified":"2026-04-13T20:20:21","modified_gmt":"2026-04-13T18:20:21","slug":"aputure-boule-chinoise-90cm","status":"publish","type":"product","link":"https:\/\/maxima-studios.com\/en\/product\/aputure-boule-chinoise-90cm\/","title":{"rendered":"APUTURE BOULE CHINOISE 90cm"},"content":{"rendered":"<p>La Lanterne 90 d&#8217;Aputure est une solution d&#8217;\u00e9clairage con\u00e7ue pour les luminaires LED. Elle diffuse une lumi\u00e8re douce \u00e0 360\u00b0 de mani\u00e8re uniforme sur une grande surface.\u00a0<\/p>\n<p>\u00a0<\/p>\n<p>Vous pouvez la monter horizontalement ou la suspendre au-dessus d&#8217;une perche pour augmenter l&#8217;\u00e9clairage ambiant et att\u00e9nuer les ombres.\u00a0<\/p>\n<p>\u00a0<\/p>\n<p>De plus, elle est livr\u00e9e avec une jupe pour un contr\u00f4le plus pr\u00e9cis de la lumi\u00e8re, offrant des options pour diriger ou diffuser la lumi\u00e8re selon les besoins. La Lanterne 90 est compatible avec les lampes Aputure et d&#8217;autres fabricants utilisant le support Bowens.<\/p>","protected":false},"excerpt":{"rendered":"<p>Boule chinoise Aputure<\/p>\n<p>Monture: Bowens<\/p>\n<p>Diam\u00e8tre: 90 cm<\/p>","protected":false},"featured_media":13521,"template":"","meta":[],"product_cat":[308],"product_tag":[],"class_list":{"0":"post-13515","1":"product","2":"type-product","3":"status-publish","4":"has-post-thumbnail","6":"product_cat-monture-bowen","8":"first","9":"instock","10":"taxable","11":"shipping-taxable","12":"purchasable","13":"product-type-rentable"},"yoast_head":"<!-- This site is optimized with the Yoast SEO plugin v27.3 - https:\/\/yoast.com\/product\/yoast-seo-wordpress\/ -->\n<title>APUTURE BOULE CHINOISE 90cm - Maximaloc<\/title>\n<meta name=\"robots\" content=\"index, follow, max-snippet:-1, max-image-preview:large, max-video-preview:-1\" \/>\n<link rel=\"canonical\" href=\"https:\/\/maxima-studios.com\/en\/product\/aputure-boule-chinoise-90cm\/\" \/>\n<meta property=\"og:locale\" content=\"en_US\" \/>\n<meta property=\"og:type\" content=\"article\" \/>\n<meta property=\"og:title\" content=\"APUTURE BOULE CHINOISE 90cm - Maximaloc\" \/>\n<meta property=\"og:description\" content=\"Boule chinoise Aputure Monture: Bowens Diam\u00e8tre: 90 cm\" \/>\n<meta property=\"og:url\" content=\"https:\/\/maxima-studios.com\/en\/product\/aputure-boule-chinoise-90cm\/\" \/>\n<meta property=\"og:site_name\" content=\"Maximaloc\" \/>\n<meta property=\"article:publisher\" content=\"https:\/\/www.facebook.com\/Maximalocation\" \/>\n<meta property=\"article:modified_time\" content=\"2026-04-13T18:20:21+00:00\" \/>\n<meta property=\"og:image\" content=\"https:\/\/maxima-studios.com\/wp-content\/uploads\/2024\/06\/1-10.webp\" \/>\n\t<meta property=\"og:image:width\" content=\"725\" \/>\n\t<meta property=\"og:image:height\" content=\"525\" \/>\n\t<meta property=\"og:image:type\" content=\"image\/webp\" \/>\n<meta name=\"twitter:card\" content=\"summary_large_image\" \/>\n<meta name=\"twitter:label1\" content=\"Est. reading time\" \/>\n\t<meta name=\"twitter:data1\" content=\"1 minute\" \/>\n<script type=\"application\/ld+json\" class=\"yoast-schema-graph\">{\"@context\":\"https:\\\/\\\/schema.org\",\"@graph\":[{\"@type\":\"WebPage\",\"@id\":\"https:\\\/\\\/maxima-studios.com\\\/produit\\\/aputure-boule-chinoise-90cm\\\/\",\"url\":\"https:\\\/\\\/maxima-studios.com\\\/produit\\\/aputure-boule-chinoise-90cm\\\/\",\"name\":\"APUTURE BOULE CHINOISE 90cm - Maximaloc\",\"isPartOf\":{\"@id\":\"https:\\\/\\\/maxima-studios.com\\\/#website\"},\"primaryImageOfPage\":{\"@id\":\"https:\\\/\\\/maxima-studios.com\\\/produit\\\/aputure-boule-chinoise-90cm\\\/#primaryimage\"},\"image\":{\"@id\":\"https:\\\/\\\/maxima-studios.com\\\/produit\\\/aputure-boule-chinoise-90cm\\\/#primaryimage\"},\"thumbnailUrl\":\"https:\\\/\\\/maxima-studios.com\\\/wp-content\\\/uploads\\\/2024\\\/06\\\/1-10.webp\",\"datePublished\":\"2024-06-26T12:45:41+00:00\",\"dateModified\":\"2026-04-13T18:20:21+00:00\",\"breadcrumb\":{\"@id\":\"https:\\\/\\\/maxima-studios.com\\\/produit\\\/aputure-boule-chinoise-90cm\\\/#breadcrumb\"},\"inLanguage\":\"en-US\",\"potentialAction\":[{\"@type\":\"ReadAction\",\"target\":[\"https:\\\/\\\/maxima-studios.com\\\/produit\\\/aputure-boule-chinoise-90cm\\\/\"]}]},{\"@type\":\"ImageObject\",\"inLanguage\":\"en-US\",\"@id\":\"https:\\\/\\\/maxima-studios.com\\\/produit\\\/aputure-boule-chinoise-90cm\\\/#primaryimage\",\"url\":\"https:\\\/\\\/maxima-studios.com\\\/wp-content\\\/uploads\\\/2024\\\/06\\\/1-10.webp\",\"contentUrl\":\"https:\\\/\\\/maxima-studios.com\\\/wp-content\\\/uploads\\\/2024\\\/06\\\/1-10.webp\",\"width\":725,\"height\":525,\"caption\":\"Lanterne Chinoise Aputure Lantern 90 cm en monture bowens mont\u00e9e sur Aputure Cob LS 600X en location\"},{\"@type\":\"BreadcrumbList\",\"@id\":\"https:\\\/\\\/maxima-studios.com\\\/produit\\\/aputure-boule-chinoise-90cm\\\/#breadcrumb\",\"itemListElement\":[{\"@type\":\"ListItem\",\"position\":1,\"name\":\"Accueil\",\"item\":\"https:\\\/\\\/maxima-studios.com\\\/\"},{\"@type\":\"ListItem\",\"position\":2,\"name\":\"BOUTIQUE\",\"item\":\"https:\\\/\\\/maxima-studios.com\\\/boutique\\\/\"},{\"@type\":\"ListItem\",\"position\":3,\"name\":\"APUTURE BOULE CHINOISE 90cm\"}]},{\"@type\":\"WebSite\",\"@id\":\"https:\\\/\\\/maxima-studios.com\\\/#website\",\"url\":\"https:\\\/\\\/maxima-studios.com\\\/\",\"name\":\"Maximaloc\",\"description\":\"\",\"publisher\":{\"@id\":\"https:\\\/\\\/maxima-studios.com\\\/#organization\"},\"potentialAction\":[{\"@type\":\"SearchAction\",\"target\":{\"@type\":\"EntryPoint\",\"urlTemplate\":\"https:\\\/\\\/maxima-studios.com\\\/?s={search_term_string}\"},\"query-input\":{\"@type\":\"PropertyValueSpecification\",\"valueRequired\":true,\"valueName\":\"search_term_string\"}}],\"inLanguage\":\"en-US\"},{\"@type\":\"Organization\",\"@id\":\"https:\\\/\\\/maxima-studios.com\\\/#organization\",\"name\":\"Maximaloc\",\"url\":\"https:\\\/\\\/maxima-studios.com\\\/\",\"logo\":{\"@type\":\"ImageObject\",\"inLanguage\":\"en-US\",\"@id\":\"https:\\\/\\\/maxima-studios.com\\\/#\\\/schema\\\/logo\\\/image\\\/\",\"url\":\"https:\\\/\\\/maxima-studios.com\\\/wp-content\\\/uploads\\\/2024\\\/03\\\/logo_noir-scaled.png\",\"contentUrl\":\"https:\\\/\\\/maxima-studios.com\\\/wp-content\\\/uploads\\\/2024\\\/03\\\/logo_noir-scaled.png\",\"width\":2560,\"height\":268,\"caption\":\"Maximaloc\"},\"image\":{\"@id\":\"https:\\\/\\\/maxima-studios.com\\\/#\\\/schema\\\/logo\\\/image\\\/\"},\"sameAs\":[\"https:\\\/\\\/www.facebook.com\\\/Maximalocation\"]}]}<\/script>\n<!-- \/ Yoast SEO plugin. -->","yoast_head_json":{"title":"APUTURE BOULE CHINOISE 90cm - Maximaloc","robots":{"index":"index","follow":"follow","max-snippet":"max-snippet:-1","max-image-preview":"max-image-preview:large","max-video-preview":"max-video-preview:-1"},"canonical":"https:\/\/maxima-studios.com\/en\/product\/aputure-boule-chinoise-90cm\/","og_locale":"en_US","og_type":"article","og_title":"APUTURE BOULE CHINOISE 90cm - Maximaloc","og_description":"Boule chinoise Aputure Monture: Bowens Diam\u00e8tre: 90 cm","og_url":"https:\/\/maxima-studios.com\/en\/product\/aputure-boule-chinoise-90cm\/","og_site_name":"Maximaloc","article_publisher":"https:\/\/www.facebook.com\/Maximalocation","article_modified_time":"2026-04-13T18:20:21+00:00","og_image":[{"width":725,"height":525,"url":"https:\/\/maxima-studios.com\/wp-content\/uploads\/2024\/06\/1-10.webp","type":"image\/webp"}],"twitter_card":"summary_large_image","twitter_misc":{"Est. reading time":"1 minute"},"schema":{"@context":"https:\/\/schema.org","@graph":[{"@type":"WebPage","@id":"https:\/\/maxima-studios.com\/produit\/aputure-boule-chinoise-90cm\/","url":"https:\/\/maxima-studios.com\/produit\/aputure-boule-chinoise-90cm\/","name":"APUTURE BOULE CHINOISE 90cm - Maximaloc","isPartOf":{"@id":"https:\/\/maxima-studios.com\/#website"},"primaryImageOfPage":{"@id":"https:\/\/maxima-studios.com\/produit\/aputure-boule-chinoise-90cm\/#primaryimage"},"image":{"@id":"https:\/\/maxima-studios.com\/produit\/aputure-boule-chinoise-90cm\/#primaryimage"},"thumbnailUrl":"https:\/\/maxima-studios.com\/wp-content\/uploads\/2024\/06\/1-10.webp","datePublished":"2024-06-26T12:45:41+00:00","dateModified":"2026-04-13T18:20:21+00:00","breadcrumb":{"@id":"https:\/\/maxima-studios.com\/produit\/aputure-boule-chinoise-90cm\/#breadcrumb"},"inLanguage":"en-US","potentialAction":[{"@type":"ReadAction","target":["https:\/\/maxima-studios.com\/produit\/aputure-boule-chinoise-90cm\/"]}]},{"@type":"ImageObject","inLanguage":"en-US","@id":"https:\/\/maxima-studios.com\/produit\/aputure-boule-chinoise-90cm\/#primaryimage","url":"https:\/\/maxima-studios.com\/wp-content\/uploads\/2024\/06\/1-10.webp","contentUrl":"https:\/\/maxima-studios.com\/wp-content\/uploads\/2024\/06\/1-10.webp","width":725,"height":525,"caption":"Lanterne Chinoise Aputure Lantern 90 cm en monture bowens mont\u00e9e sur Aputure Cob LS 600X en location"},{"@type":"BreadcrumbList","@id":"https:\/\/maxima-studios.com\/produit\/aputure-boule-chinoise-90cm\/#breadcrumb","itemListElement":[{"@type":"ListItem","position":1,"name":"Accueil","item":"https:\/\/maxima-studios.com\/"},{"@type":"ListItem","position":2,"name":"BOUTIQUE","item":"https:\/\/maxima-studios.com\/boutique\/"},{"@type":"ListItem","position":3,"name":"APUTURE BOULE CHINOISE 90cm"}]},{"@type":"WebSite","@id":"https:\/\/maxima-studios.com\/#website","url":"https:\/\/maxima-studios.com\/","name":"Maximaloc","description":"","publisher":{"@id":"https:\/\/maxima-studios.com\/#organization"},"potentialAction":[{"@type":"SearchAction","target":{"@type":"EntryPoint","urlTemplate":"https:\/\/maxima-studios.com\/?s={search_term_string}"},"query-input":{"@type":"PropertyValueSpecification","valueRequired":true,"valueName":"search_term_string"}}],"inLanguage":"en-US"},{"@type":"Organization","@id":"https:\/\/maxima-studios.com\/#organization","name":"Maximaloc","url":"https:\/\/maxima-studios.com\/","logo":{"@type":"ImageObject","inLanguage":"en-US","@id":"https:\/\/maxima-studios.com\/#\/schema\/logo\/image\/","url":"https:\/\/maxima-studios.com\/wp-content\/uploads\/2024\/03\/logo_noir-scaled.png","contentUrl":"https:\/\/maxima-studios.com\/wp-content\/uploads\/2024\/03\/logo_noir-scaled.png","width":2560,"height":268,"caption":"Maximaloc"},"image":{"@id":"https:\/\/maxima-studios.com\/#\/schema\/logo\/image\/"},"sameAs":["https:\/\/www.facebook.com\/Maximalocation"]}]}},"_links":{"self":[{"href":"https:\/\/maxima-studios.com\/en\/wp-json\/wp\/v2\/product\/13515","targetHints":{"allow":["GET"]}}],"collection":[{"href":"https:\/\/maxima-studios.com\/en\/wp-json\/wp\/v2\/product"}],"about":[{"href":"https:\/\/maxima-studios.com\/en\/wp-json\/wp\/v2\/types\/product"}],"wp:featuredmedia":[{"embeddable":true,"href":"https:\/\/maxima-studios.com\/en\/wp-json\/wp\/v2\/media\/13521"}],"wp:attachment":[{"href":"https:\/\/maxima-studios.com\/en\/wp-json\/wp\/v2\/media?parent=13515"}],"wp:term":[{"taxonomy":"product_cat","embeddable":true,"href":"https:\/\/maxima-studios.com\/en\/wp-json\/wp\/v2\/product_cat?post=13515"},{"taxonomy":"product_tag","embeddable":true,"href":"https:\/\/maxima-studios.com\/en\/wp-json\/wp\/v2\/product_tag?post=13515"}],"curies":[{"name":"wp","href":"https:\/\/api.w.org\/{rel}","templated":true}]}}