 {"id":13514,"date":"2024-06-26T14:45:41","date_gmt":"2024-06-26T12:45:41","guid":{"rendered":"https:\/\/maxima-studios.com\/produit\/blackmagic-mini-converter-8-sdi-distribution\/"},"modified":"2026-04-13T20:20:21","modified_gmt":"2026-04-13T18:20:21","slug":"blackmagic-distribution-splitter-8x-sdi","status":"publish","type":"product","link":"https:\/\/maxima-studios.com\/en\/product\/blackmagic-distribution-splitter-8x-sdi\/","title":{"rendered":"BLACKMAGIC DISTRIBUTION SPLITTER 8x SDI"},"content":{"rendered":"<p>Le mini converter SDI Distribution permet d\u2019obtenir \u00e0 partir d\u2019une entr\u00e9e SD, HD ou 3G-SDI (1080p60) jusqu\u2019\u00e0 huit sorties SDI. Utile pour transmettre le signal synchronis\u00e9 \u00e0 plusieurs moniteurs simultan\u00e9ment. Doit \u00eatre aliment\u00e9.<\/p>","protected":false},"excerpt":{"rendered":"<p>Distributeur Splitter SDI\u00a0<\/p>\n<p>Mod\u00e8le : Blackmagic Mini Converter<\/p>\n<p>R\u00e9solution : FHD 1080p<\/p>\n<p>Entr\u00e9e : 1 x 3G-SDI<\/p>\n<p>Sortie : 8 x\u00a03G-SDI<\/p>","protected":false},"featured_media":13520,"template":"","meta":[],"product_cat":[319],"product_tag":[],"class_list":{"0":"post-13514","1":"product","2":"type-product","3":"status-publish","4":"has-post-thumbnail","6":"product_cat-convertisseur","8":"first","9":"instock","10":"taxable","11":"shipping-taxable","12":"purchasable","13":"product-type-rentable"},"yoast_head":"<!-- This site is optimized with the Yoast SEO plugin v27.3 - https:\/\/yoast.com\/product\/yoast-seo-wordpress\/ -->\n<title>BLACKMAGIC DISTRIBUTION SPLITTER 8x SDI - Maximaloc<\/title>\n<meta name=\"robots\" content=\"index, follow, max-snippet:-1, max-image-preview:large, max-video-preview:-1\" \/>\n<link rel=\"canonical\" href=\"https:\/\/maxima-studios.com\/en\/product\/blackmagic-distribution-splitter-8x-sdi\/\" \/>\n<meta property=\"og:locale\" content=\"en_US\" \/>\n<meta property=\"og:type\" content=\"article\" \/>\n<meta property=\"og:title\" content=\"BLACKMAGIC DISTRIBUTION SPLITTER 8x SDI - Maximaloc\" \/>\n<meta property=\"og:description\" content=\"Distributeur Splitter SDI\u00a0 Mod\u00e8le : Blackmagic Mini Converter R\u00e9solution : FHD 1080p Entr\u00e9e : 1 x 3G-SDI Sortie : 8 x\u00a03G-SDI\" \/>\n<meta property=\"og:url\" content=\"https:\/\/maxima-studios.com\/en\/product\/blackmagic-distribution-splitter-8x-sdi\/\" \/>\n<meta property=\"og:site_name\" content=\"Maximaloc\" \/>\n<meta property=\"article:publisher\" content=\"https:\/\/www.facebook.com\/Maximalocation\" \/>\n<meta property=\"article:modified_time\" content=\"2026-04-13T18:20:21+00:00\" \/>\n<meta property=\"og:image\" content=\"https:\/\/maxima-studios.com\/wp-content\/uploads\/2024\/06\/bm-mini-sdi-8-1.webp\" \/>\n\t<meta property=\"og:image:width\" content=\"580\" \/>\n\t<meta property=\"og:image:height\" content=\"420\" \/>\n\t<meta property=\"og:image:type\" content=\"image\/webp\" \/>\n<meta name=\"twitter:card\" content=\"summary_large_image\" \/>\n<meta name=\"twitter:label1\" content=\"Est. reading time\" \/>\n\t<meta name=\"twitter:data1\" content=\"1 minute\" \/>\n<script type=\"application\/ld+json\" class=\"yoast-schema-graph\">{\"@context\":\"https:\\\/\\\/schema.org\",\"@graph\":[{\"@type\":\"WebPage\",\"@id\":\"https:\\\/\\\/maxima-studios.com\\\/produit\\\/blackmagic-distribution-splitter-8x-sdi\\\/\",\"url\":\"https:\\\/\\\/maxima-studios.com\\\/produit\\\/blackmagic-distribution-splitter-8x-sdi\\\/\",\"name\":\"BLACKMAGIC DISTRIBUTION SPLITTER 8x SDI - Maximaloc\",\"isPartOf\":{\"@id\":\"https:\\\/\\\/maxima-studios.com\\\/#website\"},\"primaryImageOfPage\":{\"@id\":\"https:\\\/\\\/maxima-studios.com\\\/produit\\\/blackmagic-distribution-splitter-8x-sdi\\\/#primaryimage\"},\"image\":{\"@id\":\"https:\\\/\\\/maxima-studios.com\\\/produit\\\/blackmagic-distribution-splitter-8x-sdi\\\/#primaryimage\"},\"thumbnailUrl\":\"https:\\\/\\\/maxima-studios.com\\\/wp-content\\\/uploads\\\/2024\\\/06\\\/bm-mini-sdi-8-1.webp\",\"datePublished\":\"2024-06-26T12:45:41+00:00\",\"dateModified\":\"2026-04-13T18:20:21+00:00\",\"breadcrumb\":{\"@id\":\"https:\\\/\\\/maxima-studios.com\\\/produit\\\/blackmagic-distribution-splitter-8x-sdi\\\/#breadcrumb\"},\"inLanguage\":\"en-US\",\"potentialAction\":[{\"@type\":\"ReadAction\",\"target\":[\"https:\\\/\\\/maxima-studios.com\\\/produit\\\/blackmagic-distribution-splitter-8x-sdi\\\/\"]}]},{\"@type\":\"ImageObject\",\"inLanguage\":\"en-US\",\"@id\":\"https:\\\/\\\/maxima-studios.com\\\/produit\\\/blackmagic-distribution-splitter-8x-sdi\\\/#primaryimage\",\"url\":\"https:\\\/\\\/maxima-studios.com\\\/wp-content\\\/uploads\\\/2024\\\/06\\\/bm-mini-sdi-8-1.webp\",\"contentUrl\":\"https:\\\/\\\/maxima-studios.com\\\/wp-content\\\/uploads\\\/2024\\\/06\\\/bm-mini-sdi-8-1.webp\",\"width\":580,\"height\":420,\"caption\":\"Blackmagic Mini Converted SDI Distribution 8 SDI out en location\"},{\"@type\":\"BreadcrumbList\",\"@id\":\"https:\\\/\\\/maxima-studios.com\\\/produit\\\/blackmagic-distribution-splitter-8x-sdi\\\/#breadcrumb\",\"itemListElement\":[{\"@type\":\"ListItem\",\"position\":1,\"name\":\"Accueil\",\"item\":\"https:\\\/\\\/maxima-studios.com\\\/\"},{\"@type\":\"ListItem\",\"position\":2,\"name\":\"BOUTIQUE\",\"item\":\"https:\\\/\\\/maxima-studios.com\\\/boutique\\\/\"},{\"@type\":\"ListItem\",\"position\":3,\"name\":\"BLACKMAGIC DISTRIBUTION SPLITTER 8x SDI\"}]},{\"@type\":\"WebSite\",\"@id\":\"https:\\\/\\\/maxima-studios.com\\\/#website\",\"url\":\"https:\\\/\\\/maxima-studios.com\\\/\",\"name\":\"Maximaloc\",\"description\":\"\",\"publisher\":{\"@id\":\"https:\\\/\\\/maxima-studios.com\\\/#organization\"},\"potentialAction\":[{\"@type\":\"SearchAction\",\"target\":{\"@type\":\"EntryPoint\",\"urlTemplate\":\"https:\\\/\\\/maxima-studios.com\\\/?s={search_term_string}\"},\"query-input\":{\"@type\":\"PropertyValueSpecification\",\"valueRequired\":true,\"valueName\":\"search_term_string\"}}],\"inLanguage\":\"en-US\"},{\"@type\":\"Organization\",\"@id\":\"https:\\\/\\\/maxima-studios.com\\\/#organization\",\"name\":\"Maximaloc\",\"url\":\"https:\\\/\\\/maxima-studios.com\\\/\",\"logo\":{\"@type\":\"ImageObject\",\"inLanguage\":\"en-US\",\"@id\":\"https:\\\/\\\/maxima-studios.com\\\/#\\\/schema\\\/logo\\\/image\\\/\",\"url\":\"https:\\\/\\\/maxima-studios.com\\\/wp-content\\\/uploads\\\/2024\\\/03\\\/logo_noir-scaled.png\",\"contentUrl\":\"https:\\\/\\\/maxima-studios.com\\\/wp-content\\\/uploads\\\/2024\\\/03\\\/logo_noir-scaled.png\",\"width\":2560,\"height\":268,\"caption\":\"Maximaloc\"},\"image\":{\"@id\":\"https:\\\/\\\/maxima-studios.com\\\/#\\\/schema\\\/logo\\\/image\\\/\"},\"sameAs\":[\"https:\\\/\\\/www.facebook.com\\\/Maximalocation\"]}]}<\/script>\n<!-- \/ Yoast SEO plugin. -->","yoast_head_json":{"title":"BLACKMAGIC DISTRIBUTION SPLITTER 8x SDI - Maximaloc","robots":{"index":"index","follow":"follow","max-snippet":"max-snippet:-1","max-image-preview":"max-image-preview:large","max-video-preview":"max-video-preview:-1"},"canonical":"https:\/\/maxima-studios.com\/en\/product\/blackmagic-distribution-splitter-8x-sdi\/","og_locale":"en_US","og_type":"article","og_title":"BLACKMAGIC DISTRIBUTION SPLITTER 8x SDI - Maximaloc","og_description":"Distributeur Splitter SDI\u00a0 Mod\u00e8le : Blackmagic Mini Converter R\u00e9solution : FHD 1080p Entr\u00e9e : 1 x 3G-SDI Sortie : 8 x\u00a03G-SDI","og_url":"https:\/\/maxima-studios.com\/en\/product\/blackmagic-distribution-splitter-8x-sdi\/","og_site_name":"Maximaloc","article_publisher":"https:\/\/www.facebook.com\/Maximalocation","article_modified_time":"2026-04-13T18:20:21+00:00","og_image":[{"width":580,"height":420,"url":"https:\/\/maxima-studios.com\/wp-content\/uploads\/2024\/06\/bm-mini-sdi-8-1.webp","type":"image\/webp"}],"twitter_card":"summary_large_image","twitter_misc":{"Est. reading time":"1 minute"},"schema":{"@context":"https:\/\/schema.org","@graph":[{"@type":"WebPage","@id":"https:\/\/maxima-studios.com\/produit\/blackmagic-distribution-splitter-8x-sdi\/","url":"https:\/\/maxima-studios.com\/produit\/blackmagic-distribution-splitter-8x-sdi\/","name":"BLACKMAGIC DISTRIBUTION SPLITTER 8x SDI - Maximaloc","isPartOf":{"@id":"https:\/\/maxima-studios.com\/#website"},"primaryImageOfPage":{"@id":"https:\/\/maxima-studios.com\/produit\/blackmagic-distribution-splitter-8x-sdi\/#primaryimage"},"image":{"@id":"https:\/\/maxima-studios.com\/produit\/blackmagic-distribution-splitter-8x-sdi\/#primaryimage"},"thumbnailUrl":"https:\/\/maxima-studios.com\/wp-content\/uploads\/2024\/06\/bm-mini-sdi-8-1.webp","datePublished":"2024-06-26T12:45:41+00:00","dateModified":"2026-04-13T18:20:21+00:00","breadcrumb":{"@id":"https:\/\/maxima-studios.com\/produit\/blackmagic-distribution-splitter-8x-sdi\/#breadcrumb"},"inLanguage":"en-US","potentialAction":[{"@type":"ReadAction","target":["https:\/\/maxima-studios.com\/produit\/blackmagic-distribution-splitter-8x-sdi\/"]}]},{"@type":"ImageObject","inLanguage":"en-US","@id":"https:\/\/maxima-studios.com\/produit\/blackmagic-distribution-splitter-8x-sdi\/#primaryimage","url":"https:\/\/maxima-studios.com\/wp-content\/uploads\/2024\/06\/bm-mini-sdi-8-1.webp","contentUrl":"https:\/\/maxima-studios.com\/wp-content\/uploads\/2024\/06\/bm-mini-sdi-8-1.webp","width":580,"height":420,"caption":"Blackmagic Mini Converted SDI Distribution 8 SDI out en location"},{"@type":"BreadcrumbList","@id":"https:\/\/maxima-studios.com\/produit\/blackmagic-distribution-splitter-8x-sdi\/#breadcrumb","itemListElement":[{"@type":"ListItem","position":1,"name":"Accueil","item":"https:\/\/maxima-studios.com\/"},{"@type":"ListItem","position":2,"name":"BOUTIQUE","item":"https:\/\/maxima-studios.com\/boutique\/"},{"@type":"ListItem","position":3,"name":"BLACKMAGIC DISTRIBUTION SPLITTER 8x SDI"}]},{"@type":"WebSite","@id":"https:\/\/maxima-studios.com\/#website","url":"https:\/\/maxima-studios.com\/","name":"Maximaloc","description":"","publisher":{"@id":"https:\/\/maxima-studios.com\/#organization"},"potentialAction":[{"@type":"SearchAction","target":{"@type":"EntryPoint","urlTemplate":"https:\/\/maxima-studios.com\/?s={search_term_string}"},"query-input":{"@type":"PropertyValueSpecification","valueRequired":true,"valueName":"search_term_string"}}],"inLanguage":"en-US"},{"@type":"Organization","@id":"https:\/\/maxima-studios.com\/#organization","name":"Maximaloc","url":"https:\/\/maxima-studios.com\/","logo":{"@type":"ImageObject","inLanguage":"en-US","@id":"https:\/\/maxima-studios.com\/#\/schema\/logo\/image\/","url":"https:\/\/maxima-studios.com\/wp-content\/uploads\/2024\/03\/logo_noir-scaled.png","contentUrl":"https:\/\/maxima-studios.com\/wp-content\/uploads\/2024\/03\/logo_noir-scaled.png","width":2560,"height":268,"caption":"Maximaloc"},"image":{"@id":"https:\/\/maxima-studios.com\/#\/schema\/logo\/image\/"},"sameAs":["https:\/\/www.facebook.com\/Maximalocation"]}]}},"_links":{"self":[{"href":"https:\/\/maxima-studios.com\/en\/wp-json\/wp\/v2\/product\/13514","targetHints":{"allow":["GET"]}}],"collection":[{"href":"https:\/\/maxima-studios.com\/en\/wp-json\/wp\/v2\/product"}],"about":[{"href":"https:\/\/maxima-studios.com\/en\/wp-json\/wp\/v2\/types\/product"}],"wp:featuredmedia":[{"embeddable":true,"href":"https:\/\/maxima-studios.com\/en\/wp-json\/wp\/v2\/media\/13520"}],"wp:attachment":[{"href":"https:\/\/maxima-studios.com\/en\/wp-json\/wp\/v2\/media?parent=13514"}],"wp:term":[{"taxonomy":"product_cat","embeddable":true,"href":"https:\/\/maxima-studios.com\/en\/wp-json\/wp\/v2\/product_cat?post=13514"},{"taxonomy":"product_tag","embeddable":true,"href":"https:\/\/maxima-studios.com\/en\/wp-json\/wp\/v2\/product_tag?post=13514"}],"curies":[{"name":"wp","href":"https:\/\/api.w.org\/{rel}","templated":true}]}}