 {"id":13513,"date":"2024-06-26T14:45:40","date_gmt":"2024-06-26T12:45:40","guid":{"rendered":"https:\/\/maxima-studios.com\/produit\/blackmagic-micro-converter-hdmi-sdi-3g\/"},"modified":"2026-04-13T20:20:21","modified_gmt":"2026-04-13T18:20:21","slug":"blackmagic-converter-hdmi-sdi-3g","status":"publish","type":"product","link":"https:\/\/maxima-studios.com\/en\/product\/blackmagic-converter-hdmi-sdi-3g\/","title":{"rendered":"BLACKMAGIC CONVERTER HDMI-SDI 3G"},"content":{"rendered":"<p>Le Micro Converter HDMI to SDI 3G est un bo\u00eetier qui permet de convertir les signaux HDMI en SDI, compatible avec une r\u00e9solution allant jusqu&#8217;\u00e0 1080p60.<\/p>\n<p>\u00a0<\/p>\n<p>Le bo\u00eetier doit \u00eatre aliment\u00e9 via USB-C, l\u2019adaptateur secteur USB et le c\u00e2ble sont inclus dans la location.<\/p>","protected":false},"excerpt":{"rendered":"<p>Convertisseur Blackmagic HDMI vers SDI 3G<\/p>","protected":false},"featured_media":13519,"template":"","meta":[],"product_cat":[319],"product_tag":[],"class_list":{"0":"post-13513","1":"product","2":"type-product","3":"status-publish","4":"has-post-thumbnail","6":"product_cat-convertisseur","8":"first","9":"instock","10":"taxable","11":"shipping-taxable","12":"purchasable","13":"product-type-rentable"},"_links":{"self":[{"href":"https:\/\/maxima-studios.com\/en\/wp-json\/wp\/v2\/product\/13513","targetHints":{"allow":["GET"]}}],"collection":[{"href":"https:\/\/maxima-studios.com\/en\/wp-json\/wp\/v2\/product"}],"about":[{"href":"https:\/\/maxima-studios.com\/en\/wp-json\/wp\/v2\/types\/product"}],"wp:featuredmedia":[{"embeddable":true,"href":"https:\/\/maxima-studios.com\/en\/wp-json\/wp\/v2\/media\/13519"}],"wp:attachment":[{"href":"https:\/\/maxima-studios.com\/en\/wp-json\/wp\/v2\/media?parent=13513"}],"wp:term":[{"taxonomy":"product_cat","embeddable":true,"href":"https:\/\/maxima-studios.com\/en\/wp-json\/wp\/v2\/product_cat?post=13513"},{"taxonomy":"product_tag","embeddable":true,"href":"https:\/\/maxima-studios.com\/en\/wp-json\/wp\/v2\/product_tag?post=13513"}],"curies":[{"name":"wp","href":"https:\/\/api.w.org\/{rel}","templated":true}]}}