 {"id":11135,"date":"2024-06-15T13:09:02","date_gmt":"2024-06-15T11:09:02","guid":{"rendered":"https:\/\/maxima-studios.com\/produit\/main-de-singe-avenger-c150\/"},"modified":"2026-04-13T20:18:22","modified_gmt":"2026-04-13T18:18:22","slug":"avenger-c150-main-de-singe","status":"publish","type":"product","link":"https:\/\/maxima-studios.com\/en\/product\/avenger-c150-main-de-singe\/","title":{"rendered":"AVENGER C150 &#8211; MAIN DE SINGE"},"content":{"rendered":"<p>L\u2019Avenger C150, ou main de singe, est une pince qui se fixe sur les tubes de diam\u00e8tre 28 \u00e0 78 mm. Le spigot \u215d\u2033 (16 mm) r\u00e9tractable supporte jusqu\u2019\u00e0 10 kg de charge et le connecteur Junior femelle 1\u20331\/8 (28 mm) jusqu\u2019\u00e0 75 kg.\u00a0<\/p>\n<p>La fonction pivotante permet de bien diriger l\u2019\u00e9clairage l\u00e0 o\u00f9 il est requis. La pince est \u00e9quip\u00e9e d\u2019un c\u00e2ble de s\u00e9curit\u00e9 avec goupille pour la fixation Junior et d\u2019une vis papillon suppl\u00e9mentaire pour s\u00e9curiser encore plus la fixation au besoin.<\/p>","protected":false},"excerpt":{"rendered":"<p>Grip pour lumi\u00e8re<\/p>","protected":false},"featured_media":12430,"template":"","meta":[],"product_cat":[398],"product_tag":[426,423,425],"class_list":{"0":"post-11135","1":"product","2":"type-product","3":"status-publish","4":"has-post-thumbnail","6":"product_cat-bijoute-lumiere-categorie-grip","7":"product_tag-spigot-de-28","8":"product_tag-spigot-de-16","9":"product_tag-manfrotto","11":"first","12":"instock","13":"taxable","14":"shipping-taxable","15":"purchasable","16":"product-type-rentable"},"_links":{"self":[{"href":"https:\/\/maxima-studios.com\/en\/wp-json\/wp\/v2\/product\/11135","targetHints":{"allow":["GET"]}}],"collection":[{"href":"https:\/\/maxima-studios.com\/en\/wp-json\/wp\/v2\/product"}],"about":[{"href":"https:\/\/maxima-studios.com\/en\/wp-json\/wp\/v2\/types\/product"}],"wp:featuredmedia":[{"embeddable":true,"href":"https:\/\/maxima-studios.com\/en\/wp-json\/wp\/v2\/media\/12430"}],"wp:attachment":[{"href":"https:\/\/maxima-studios.com\/en\/wp-json\/wp\/v2\/media?parent=11135"}],"wp:term":[{"taxonomy":"product_cat","embeddable":true,"href":"https:\/\/maxima-studios.com\/en\/wp-json\/wp\/v2\/product_cat?post=11135"},{"taxonomy":"product_tag","embeddable":true,"href":"https:\/\/maxima-studios.com\/en\/wp-json\/wp\/v2\/product_tag?post=11135"}],"curies":[{"name":"wp","href":"https:\/\/api.w.org\/{rel}","templated":true}]}}