 {"id":11033,"date":"2024-06-14T14:47:06","date_gmt":"2024-06-14T12:47:06","guid":{"rendered":"https:\/\/maxima-studios.com\/produit\/cartoni-focus-12-red-lock-2x-vis\/"},"modified":"2026-04-13T20:19:23","modified_gmt":"2026-04-13T18:19:23","slug":"cartoni-focus-12","status":"publish","type":"product","link":"https:\/\/maxima-studios.com\/en\/product\/cartoni-focus-12\/","title":{"rendered":"CARTONI FOCUS 12"},"content":{"rendered":"<p>La Cartoni Focus 12 est une t\u00eate fluide qui offre un mouvement de pr\u00e9cision avec un contrebalancement continu finement calibr\u00e9 pour une capture parfaite. Elle est con\u00e7ue pour r\u00e9sister aux conditions les plus difficiles ainsi que supporter de grosses configurations afin de fournir un support de cam\u00e9ra fiable, sur la dur\u00e9e.<\/p>\n<p>Sa friction panoramique\u00a0 offre des mouvements de cam\u00e9ra fluides, adapt\u00e9s \u00e0 votre charge utile. Cela vous permet de r\u00e9aliser des Pans de pr\u00e9cision avec des d\u00e9marrages et des arr\u00eats en douceur.<\/p>\n<p>Tr\u00e8s stable, la t\u00eate offre des pan-tilt fluides pour s\u2019adapter \u00e0 n\u2019importe quelle charge utile de cam\u00e9ra \u00e0 partir de 0 kg.<\/p>\n<p>La t\u00eate int\u00e8gre une semelle quick release pour pouvoir enclencher rapidement sa configuration sur le pied.<\/p>\n<p>\u00a0<\/p>\n<p><strong>Points forts :<\/strong><\/p>\n<ul>\n<li>Fonctionnement en douceur<\/li>\n<li>Finement \u00e9quilibr\u00e9e<\/li>\n<li>Prism Bubble int\u00e9gr\u00e9<\/li>\n<li>Con\u00e7ue avec des mat\u00e9riaux r\u00e9sistant<\/li>\n<li>Charge admissible jusqu\u2019\u00e0 12kg<\/li>\n<li>Semelle quick release<\/li>\n<li>Bol 100 mm<\/li>\n<\/ul>","protected":false},"excerpt":{"rendered":"<p>Type : Tr\u00e9pied Vid\u00e9o\u00a0<\/p>\n<p>Poids support\u00e9 : 12 kg<\/p>\n<p>Hauteur max : 170 cm<\/p>\n<p>Hauteur min : 40 cm<\/p>","protected":false},"featured_media":11365,"template":"","meta":[],"product_cat":[390],"product_tag":[199,370,422],"class_list":{"0":"post-11033","1":"product","2":"type-product","3":"status-publish","4":"has-post-thumbnail","6":"product_cat-trepied-video","7":"product_tag-hybride-dslr","8":"product_tag-camera","9":"product_tag-cartoni","11":"first","12":"instock","13":"featured","14":"taxable","15":"shipping-taxable","16":"purchasable","17":"product-type-rentable"},"_links":{"self":[{"href":"https:\/\/maxima-studios.com\/en\/wp-json\/wp\/v2\/product\/11033","targetHints":{"allow":["GET"]}}],"collection":[{"href":"https:\/\/maxima-studios.com\/en\/wp-json\/wp\/v2\/product"}],"about":[{"href":"https:\/\/maxima-studios.com\/en\/wp-json\/wp\/v2\/types\/product"}],"wp:featuredmedia":[{"embeddable":true,"href":"https:\/\/maxima-studios.com\/en\/wp-json\/wp\/v2\/media\/11365"}],"wp:attachment":[{"href":"https:\/\/maxima-studios.com\/en\/wp-json\/wp\/v2\/media?parent=11033"}],"wp:term":[{"taxonomy":"product_cat","embeddable":true,"href":"https:\/\/maxima-studios.com\/en\/wp-json\/wp\/v2\/product_cat?post=11033"},{"taxonomy":"product_tag","embeddable":true,"href":"https:\/\/maxima-studios.com\/en\/wp-json\/wp\/v2\/product_tag?post=11033"}],"curies":[{"name":"wp","href":"https:\/\/api.w.org\/{rel}","templated":true}]}}