 {"id":11032,"date":"2024-06-14T14:46:40","date_gmt":"2024-06-14T12:46:40","guid":{"rendered":"https:\/\/maxima-studios.com\/produit\/manfrotto-hi-hat-petites-branches-tete-502ah\/"},"modified":"2026-04-13T20:18:28","modified_gmt":"2026-04-13T18:18:28","slug":"manfrotto-hi-hat-tete-502ah","status":"publish","type":"product","link":"https:\/\/maxima-studios.com\/en\/product\/manfrotto-hi-hat-tete-502ah\/","title":{"rendered":"MANFROTTO HI-HAT + T\u00caTE 502AH"},"content":{"rendered":"<p>Le Hi-Hat 529B de Manfrotto est un mini-tr\u00e9pied avec bol de 100mm qui vous permet de r\u00e9aliser des prises de vues \u00e0 ras du sol. Le 529B propose diff\u00e9rents angles de jambes possibles permettant d\u2019installer la cam\u00e9ra dans les endroits les plus exigus ou les plus bas.\u00a0<\/p>\n<p>En outre, gr\u00e2ce au stabilisateur int\u00e9gr\u00e9, vous pouvez utiliser le Hi-Hat sur toute surface plane. Les embouts sont en caoutchouc afin de prot\u00e9ger les surfaces fragiles et poss\u00e8dent un trou de mani\u00e8re \u00e0 pouvoir visser le 529B \u00e0 une \u00e9chelle, \u00e0 une caisse ou une planche de bois.<\/p>\n<p>\u00a0<\/p>\n<p><u><strong>Points forts :<\/strong><\/u><\/p>\n<ul>\n<li>Tr\u00e9pied bas<\/li>\n<li>Configuration l\u00e9g\u00e8re<\/li>\n<\/ul>","protected":false},"excerpt":{"rendered":"<p>Type : Mini Tr\u00e9pied Vid\u00e9o<\/p>\n<p>Poids Support\u00e9 : 20 kg<\/p>\n<p>Hauteur max : 19,5 cm<\/p>\n<p>Hauteur min : 14,5 cm<\/p>","protected":false},"featured_media":14337,"template":"","meta":[],"product_cat":[390],"product_tag":[199,370],"class_list":{"0":"post-11032","1":"product","2":"type-product","3":"status-publish","4":"has-post-thumbnail","6":"product_cat-trepied-video","7":"product_tag-hybride-dslr","8":"product_tag-camera","10":"first","11":"instock","12":"taxable","13":"shipping-taxable","14":"purchasable","15":"product-type-rentable"},"yoast_head":"<!-- This site is optimized with the Yoast SEO plugin v27.3 - https:\/\/yoast.com\/product\/yoast-seo-wordpress\/ -->\n<title>MANFROTTO HI-HAT + T\u00caTE 502AH - Maximaloc<\/title>\n<meta name=\"robots\" content=\"index, follow, max-snippet:-1, max-image-preview:large, max-video-preview:-1\" \/>\n<link rel=\"canonical\" href=\"https:\/\/maxima-studios.com\/en\/product\/manfrotto-hi-hat-tete-502ah\/\" \/>\n<meta property=\"og:locale\" content=\"en_US\" \/>\n<meta property=\"og:type\" content=\"article\" \/>\n<meta property=\"og:title\" content=\"MANFROTTO HI-HAT + T\u00caTE 502AH - Maximaloc\" \/>\n<meta property=\"og:description\" content=\"Type : Mini Tr\u00e9pied Vid\u00e9o Poids Support\u00e9 : 20 kg Hauteur max : 19,5 cm Hauteur min : 14,5 cm\" \/>\n<meta property=\"og:url\" content=\"https:\/\/maxima-studios.com\/en\/product\/manfrotto-hi-hat-tete-502ah\/\" \/>\n<meta property=\"og:site_name\" content=\"Maximaloc\" \/>\n<meta property=\"article:publisher\" content=\"https:\/\/www.facebook.com\/Maximalocation\" \/>\n<meta property=\"article:modified_time\" content=\"2026-04-13T18:18:28+00:00\" \/>\n<meta property=\"og:image\" content=\"https:\/\/maxima-studios.com\/wp-content\/uploads\/2024\/06\/proframe_location_machinerie_trepieds_video_manfrotto_529b_mvh_502a_3.png\" \/>\n\t<meta property=\"og:image:width\" content=\"550\" \/>\n\t<meta property=\"og:image:height\" content=\"374\" \/>\n\t<meta property=\"og:image:type\" content=\"image\/png\" \/>\n<meta name=\"twitter:card\" content=\"summary_large_image\" \/>\n<meta name=\"twitter:label1\" content=\"Est. reading time\" \/>\n\t<meta name=\"twitter:data1\" content=\"1 minute\" \/>\n<script type=\"application\/ld+json\" class=\"yoast-schema-graph\">{\"@context\":\"https:\\\/\\\/schema.org\",\"@graph\":[{\"@type\":\"WebPage\",\"@id\":\"https:\\\/\\\/maxima-studios.com\\\/produit\\\/manfrotto-hi-hat-tete-502ah\\\/\",\"url\":\"https:\\\/\\\/maxima-studios.com\\\/produit\\\/manfrotto-hi-hat-tete-502ah\\\/\",\"name\":\"MANFROTTO HI-HAT + T\u00caTE 502AH - Maximaloc\",\"isPartOf\":{\"@id\":\"https:\\\/\\\/maxima-studios.com\\\/#website\"},\"primaryImageOfPage\":{\"@id\":\"https:\\\/\\\/maxima-studios.com\\\/produit\\\/manfrotto-hi-hat-tete-502ah\\\/#primaryimage\"},\"image\":{\"@id\":\"https:\\\/\\\/maxima-studios.com\\\/produit\\\/manfrotto-hi-hat-tete-502ah\\\/#primaryimage\"},\"thumbnailUrl\":\"https:\\\/\\\/maxima-studios.com\\\/wp-content\\\/uploads\\\/2024\\\/06\\\/proframe_location_machinerie_trepieds_video_manfrotto_529b_mvh_502a_3.png\",\"datePublished\":\"2024-06-14T12:46:40+00:00\",\"dateModified\":\"2026-04-13T18:18:28+00:00\",\"breadcrumb\":{\"@id\":\"https:\\\/\\\/maxima-studios.com\\\/produit\\\/manfrotto-hi-hat-tete-502ah\\\/#breadcrumb\"},\"inLanguage\":\"en-US\",\"potentialAction\":[{\"@type\":\"ReadAction\",\"target\":[\"https:\\\/\\\/maxima-studios.com\\\/produit\\\/manfrotto-hi-hat-tete-502ah\\\/\"]}]},{\"@type\":\"ImageObject\",\"inLanguage\":\"en-US\",\"@id\":\"https:\\\/\\\/maxima-studios.com\\\/produit\\\/manfrotto-hi-hat-tete-502ah\\\/#primaryimage\",\"url\":\"https:\\\/\\\/maxima-studios.com\\\/wp-content\\\/uploads\\\/2024\\\/06\\\/proframe_location_machinerie_trepieds_video_manfrotto_529b_mvh_502a_3.png\",\"contentUrl\":\"https:\\\/\\\/maxima-studios.com\\\/wp-content\\\/uploads\\\/2024\\\/06\\\/proframe_location_machinerie_trepieds_video_manfrotto_529b_mvh_502a_3.png\",\"width\":550,\"height\":374,\"caption\":\"Manfrotto Hi-Hat (petites branches) + T\u00eate 502AH \u00e0 la location\"},{\"@type\":\"BreadcrumbList\",\"@id\":\"https:\\\/\\\/maxima-studios.com\\\/produit\\\/manfrotto-hi-hat-tete-502ah\\\/#breadcrumb\",\"itemListElement\":[{\"@type\":\"ListItem\",\"position\":1,\"name\":\"Accueil\",\"item\":\"https:\\\/\\\/maxima-studios.com\\\/\"},{\"@type\":\"ListItem\",\"position\":2,\"name\":\"BOUTIQUE\",\"item\":\"https:\\\/\\\/maxima-studios.com\\\/boutique\\\/\"},{\"@type\":\"ListItem\",\"position\":3,\"name\":\"MANFROTTO HI-HAT + T\u00caTE 502AH\"}]},{\"@type\":\"WebSite\",\"@id\":\"https:\\\/\\\/maxima-studios.com\\\/#website\",\"url\":\"https:\\\/\\\/maxima-studios.com\\\/\",\"name\":\"Maximaloc\",\"description\":\"\",\"publisher\":{\"@id\":\"https:\\\/\\\/maxima-studios.com\\\/#organization\"},\"potentialAction\":[{\"@type\":\"SearchAction\",\"target\":{\"@type\":\"EntryPoint\",\"urlTemplate\":\"https:\\\/\\\/maxima-studios.com\\\/?s={search_term_string}\"},\"query-input\":{\"@type\":\"PropertyValueSpecification\",\"valueRequired\":true,\"valueName\":\"search_term_string\"}}],\"inLanguage\":\"en-US\"},{\"@type\":\"Organization\",\"@id\":\"https:\\\/\\\/maxima-studios.com\\\/#organization\",\"name\":\"Maximaloc\",\"url\":\"https:\\\/\\\/maxima-studios.com\\\/\",\"logo\":{\"@type\":\"ImageObject\",\"inLanguage\":\"en-US\",\"@id\":\"https:\\\/\\\/maxima-studios.com\\\/#\\\/schema\\\/logo\\\/image\\\/\",\"url\":\"https:\\\/\\\/maxima-studios.com\\\/wp-content\\\/uploads\\\/2024\\\/03\\\/logo_noir-scaled.png\",\"contentUrl\":\"https:\\\/\\\/maxima-studios.com\\\/wp-content\\\/uploads\\\/2024\\\/03\\\/logo_noir-scaled.png\",\"width\":2560,\"height\":268,\"caption\":\"Maximaloc\"},\"image\":{\"@id\":\"https:\\\/\\\/maxima-studios.com\\\/#\\\/schema\\\/logo\\\/image\\\/\"},\"sameAs\":[\"https:\\\/\\\/www.facebook.com\\\/Maximalocation\"]}]}<\/script>\n<!-- \/ Yoast SEO plugin. -->","yoast_head_json":{"title":"MANFROTTO HI-HAT + T\u00caTE 502AH - Maximaloc","robots":{"index":"index","follow":"follow","max-snippet":"max-snippet:-1","max-image-preview":"max-image-preview:large","max-video-preview":"max-video-preview:-1"},"canonical":"https:\/\/maxima-studios.com\/en\/product\/manfrotto-hi-hat-tete-502ah\/","og_locale":"en_US","og_type":"article","og_title":"MANFROTTO HI-HAT + T\u00caTE 502AH - Maximaloc","og_description":"Type : Mini Tr\u00e9pied Vid\u00e9o Poids Support\u00e9 : 20 kg Hauteur max : 19,5 cm Hauteur min : 14,5 cm","og_url":"https:\/\/maxima-studios.com\/en\/product\/manfrotto-hi-hat-tete-502ah\/","og_site_name":"Maximaloc","article_publisher":"https:\/\/www.facebook.com\/Maximalocation","article_modified_time":"2026-04-13T18:18:28+00:00","og_image":[{"width":550,"height":374,"url":"https:\/\/maxima-studios.com\/wp-content\/uploads\/2024\/06\/proframe_location_machinerie_trepieds_video_manfrotto_529b_mvh_502a_3.png","type":"image\/png"}],"twitter_card":"summary_large_image","twitter_misc":{"Est. reading time":"1 minute"},"schema":{"@context":"https:\/\/schema.org","@graph":[{"@type":"WebPage","@id":"https:\/\/maxima-studios.com\/produit\/manfrotto-hi-hat-tete-502ah\/","url":"https:\/\/maxima-studios.com\/produit\/manfrotto-hi-hat-tete-502ah\/","name":"MANFROTTO HI-HAT + T\u00caTE 502AH - Maximaloc","isPartOf":{"@id":"https:\/\/maxima-studios.com\/#website"},"primaryImageOfPage":{"@id":"https:\/\/maxima-studios.com\/produit\/manfrotto-hi-hat-tete-502ah\/#primaryimage"},"image":{"@id":"https:\/\/maxima-studios.com\/produit\/manfrotto-hi-hat-tete-502ah\/#primaryimage"},"thumbnailUrl":"https:\/\/maxima-studios.com\/wp-content\/uploads\/2024\/06\/proframe_location_machinerie_trepieds_video_manfrotto_529b_mvh_502a_3.png","datePublished":"2024-06-14T12:46:40+00:00","dateModified":"2026-04-13T18:18:28+00:00","breadcrumb":{"@id":"https:\/\/maxima-studios.com\/produit\/manfrotto-hi-hat-tete-502ah\/#breadcrumb"},"inLanguage":"en-US","potentialAction":[{"@type":"ReadAction","target":["https:\/\/maxima-studios.com\/produit\/manfrotto-hi-hat-tete-502ah\/"]}]},{"@type":"ImageObject","inLanguage":"en-US","@id":"https:\/\/maxima-studios.com\/produit\/manfrotto-hi-hat-tete-502ah\/#primaryimage","url":"https:\/\/maxima-studios.com\/wp-content\/uploads\/2024\/06\/proframe_location_machinerie_trepieds_video_manfrotto_529b_mvh_502a_3.png","contentUrl":"https:\/\/maxima-studios.com\/wp-content\/uploads\/2024\/06\/proframe_location_machinerie_trepieds_video_manfrotto_529b_mvh_502a_3.png","width":550,"height":374,"caption":"Manfrotto Hi-Hat (petites branches) + T\u00eate 502AH \u00e0 la location"},{"@type":"BreadcrumbList","@id":"https:\/\/maxima-studios.com\/produit\/manfrotto-hi-hat-tete-502ah\/#breadcrumb","itemListElement":[{"@type":"ListItem","position":1,"name":"Accueil","item":"https:\/\/maxima-studios.com\/"},{"@type":"ListItem","position":2,"name":"BOUTIQUE","item":"https:\/\/maxima-studios.com\/boutique\/"},{"@type":"ListItem","position":3,"name":"MANFROTTO HI-HAT + T\u00caTE 502AH"}]},{"@type":"WebSite","@id":"https:\/\/maxima-studios.com\/#website","url":"https:\/\/maxima-studios.com\/","name":"Maximaloc","description":"","publisher":{"@id":"https:\/\/maxima-studios.com\/#organization"},"potentialAction":[{"@type":"SearchAction","target":{"@type":"EntryPoint","urlTemplate":"https:\/\/maxima-studios.com\/?s={search_term_string}"},"query-input":{"@type":"PropertyValueSpecification","valueRequired":true,"valueName":"search_term_string"}}],"inLanguage":"en-US"},{"@type":"Organization","@id":"https:\/\/maxima-studios.com\/#organization","name":"Maximaloc","url":"https:\/\/maxima-studios.com\/","logo":{"@type":"ImageObject","inLanguage":"en-US","@id":"https:\/\/maxima-studios.com\/#\/schema\/logo\/image\/","url":"https:\/\/maxima-studios.com\/wp-content\/uploads\/2024\/03\/logo_noir-scaled.png","contentUrl":"https:\/\/maxima-studios.com\/wp-content\/uploads\/2024\/03\/logo_noir-scaled.png","width":2560,"height":268,"caption":"Maximaloc"},"image":{"@id":"https:\/\/maxima-studios.com\/#\/schema\/logo\/image\/"},"sameAs":["https:\/\/www.facebook.com\/Maximalocation"]}]}},"_links":{"self":[{"href":"https:\/\/maxima-studios.com\/en\/wp-json\/wp\/v2\/product\/11032","targetHints":{"allow":["GET"]}}],"collection":[{"href":"https:\/\/maxima-studios.com\/en\/wp-json\/wp\/v2\/product"}],"about":[{"href":"https:\/\/maxima-studios.com\/en\/wp-json\/wp\/v2\/types\/product"}],"wp:featuredmedia":[{"embeddable":true,"href":"https:\/\/maxima-studios.com\/en\/wp-json\/wp\/v2\/media\/14337"}],"wp:attachment":[{"href":"https:\/\/maxima-studios.com\/en\/wp-json\/wp\/v2\/media?parent=11032"}],"wp:term":[{"taxonomy":"product_cat","embeddable":true,"href":"https:\/\/maxima-studios.com\/en\/wp-json\/wp\/v2\/product_cat?post=11032"},{"taxonomy":"product_tag","embeddable":true,"href":"https:\/\/maxima-studios.com\/en\/wp-json\/wp\/v2\/product_tag?post=11032"}],"curies":[{"name":"wp","href":"https:\/\/api.w.org\/{rel}","templated":true}]}}