 {"id":11027,"date":"2024-06-14T14:41:29","date_gmt":"2024-06-14T12:41:29","guid":{"rendered":"https:\/\/maxima-studios.com\/produit\/rotule-ball-head-360-semelle-vis\/"},"modified":"2026-04-13T20:11:35","modified_gmt":"2026-04-13T18:11:35","slug":"ball-head-360","status":"publish","type":"product","link":"https:\/\/maxima-studios.com\/en\/product\/ball-head-360\/","title":{"rendered":"BALL HEAD 360\u00b0"},"content":{"rendered":"<p>Rotule Ballhead id\u00e9ale comme t\u00eate pour slider, sur un kit ventouses ou encore avec un tr\u00e9pied photo.<\/p>\n<p>\u00a0<\/p>\n<p>Accueille un boitier hybride ou r\u00e9flex via sa semelle avec vis Kodak 1\/4&#8243;. Un pas de vis Congr\u00e8s 3\/8&#8243; est \u00e0 sa base pour pouvoir la relier \u00e0 un tr\u00e9pied ou n\u2019importe quel mat\u00e9riel compatible (ventouse, slider, ect.).\u00a0<\/p>\n<p>\u00a0<\/p>\n<p>Un adaptateur vis Congr\u00e8s 3\/8&#8243; \/ pas de vis Kodak 1\/4&#8243; est fourni pour assurer une compatibilit\u00e9 maximale.<\/p>\n<p>\u00a0<\/p>\n<p><strong>Points Forts :\u00a0<\/strong><\/p>\n<ul>\n<li>Rotation 360\u00b0 + pr\u00e9cision des r\u00e9glages<\/li>\n<li>Bonne capacit\u00e9 de charge (\u2248 8 kg)<\/li>\n<li>Construction solide et durable<\/li>\n<\/ul>","protected":false},"excerpt":{"rendered":"<p>Type : Rotule Ball Head<\/p>\n<p>Charge possible : 8 Kg<\/p>","protected":false},"featured_media":13947,"template":"","meta":[],"product_cat":[392],"product_tag":[199],"class_list":{"0":"post-11027","1":"product","2":"type-product","3":"status-publish","4":"has-post-thumbnail","6":"product_cat-tete","7":"product_tag-hybride-dslr","9":"first","10":"instock","11":"taxable","12":"shipping-taxable","13":"purchasable","14":"product-type-rentable"},"_links":{"self":[{"href":"https:\/\/maxima-studios.com\/en\/wp-json\/wp\/v2\/product\/11027","targetHints":{"allow":["GET"]}}],"collection":[{"href":"https:\/\/maxima-studios.com\/en\/wp-json\/wp\/v2\/product"}],"about":[{"href":"https:\/\/maxima-studios.com\/en\/wp-json\/wp\/v2\/types\/product"}],"wp:featuredmedia":[{"embeddable":true,"href":"https:\/\/maxima-studios.com\/en\/wp-json\/wp\/v2\/media\/13947"}],"wp:attachment":[{"href":"https:\/\/maxima-studios.com\/en\/wp-json\/wp\/v2\/media?parent=11027"}],"wp:term":[{"taxonomy":"product_cat","embeddable":true,"href":"https:\/\/maxima-studios.com\/en\/wp-json\/wp\/v2\/product_cat?post=11027"},{"taxonomy":"product_tag","embeddable":true,"href":"https:\/\/maxima-studios.com\/en\/wp-json\/wp\/v2\/product_tag?post=11027"}],"curies":[{"name":"wp","href":"https:\/\/api.w.org\/{rel}","templated":true}]}}