 {"id":11026,"date":"2024-06-14T14:40:58","date_gmt":"2024-06-14T12:40:58","guid":{"rendered":"https:\/\/maxima-studios.com\/produit\/tete-manfrotto-mvh502ah-2x-vis\/"},"modified":"2026-04-13T20:10:04","modified_gmt":"2026-04-13T18:10:04","slug":"manfrotto-tete-502ah","status":"publish","type":"product","link":"https:\/\/maxima-studios.com\/en\/product\/manfrotto-tete-502ah\/","title":{"rendered":"MANFROTTO T\u00caTE 502AH"},"content":{"rendered":"<p>La t\u00eate Manfrotto MV502AH convient parfaitement \u00e0 un bo\u00eetier hybride ou \u00e0 une petite cam\u00e9ra type Fx6 l\u00e9g\u00e8rement \u00e9quip\u00e9e. La friction des axes du pan et du tilt s\u2019ajuste facilement via les bagues d\u00e9di\u00e9es \u00e0 cet effet, le contre balancement est lui fix\u00e9 \u00e0 4 kg.<\/p>\n<p>\u00a0<\/p>\n<p>Avec sa base plate de diam\u00e8tre 75mm et son pas de vis Congr\u00e8s 3\/8&#8243;, la t\u00eate se monte sur n\u2019importe quel pied compatible. Il est \u00e9galement possible de l\u2019\u00e9quiper sur un tr\u00e9pied \u00e0 bol 75 ou 100 avec les adaptateurs 520BALLSH et Manfrotto 319 disponibles sur demande.<\/p>\n<p>\u00a0<\/p>\n<p><strong>Points Forts :\u00a0<\/strong><\/p>\n<ul>\n<li>Pan et Tilt pr\u00e9cis<\/li>\n<li>Bonne stabilit\u00e9 avec contrepoids int\u00e9gr\u00e9<\/li>\n<li>Polyvalence et compatibilit\u00e9 pro<\/li>\n<\/ul>","protected":false},"excerpt":{"rendered":"<p>Type : T\u00eate fluide<\/p>\n<p>Poids support\u00e9 : 10 Kg<\/p>\n<p>Base plate de diam\u00e8tre 75mm<\/p>\n<p>Semelle avec vis Kodak 1\/4&#8243; et Congr\u00e8s 3\/8&#8243;<\/p>","protected":false},"featured_media":13946,"template":"","meta":[],"product_cat":[392],"product_tag":[199,370],"class_list":{"0":"post-11026","1":"product","2":"type-product","3":"status-publish","4":"has-post-thumbnail","6":"product_cat-tete","7":"product_tag-hybride-dslr","8":"product_tag-camera","10":"first","11":"instock","12":"taxable","13":"shipping-taxable","14":"purchasable","15":"product-type-rentable"},"yoast_head":"<!-- This site is optimized with the Yoast SEO plugin v27.3 - https:\/\/yoast.com\/product\/yoast-seo-wordpress\/ -->\n<title>MANFROTTO T\u00caTE 502AH - Maximaloc<\/title>\n<meta name=\"robots\" content=\"index, follow, max-snippet:-1, max-image-preview:large, max-video-preview:-1\" \/>\n<link rel=\"canonical\" href=\"https:\/\/maxima-studios.com\/en\/product\/manfrotto-tete-502ah\/\" \/>\n<meta property=\"og:locale\" content=\"en_US\" \/>\n<meta property=\"og:type\" content=\"article\" \/>\n<meta property=\"og:title\" content=\"MANFROTTO T\u00caTE 502AH - Maximaloc\" \/>\n<meta property=\"og:description\" content=\"Type : T\u00eate fluide Poids support\u00e9 : 10 Kg Base plate de diam\u00e8tre 75mm Semelle avec vis Kodak 1\/4&quot; et Congr\u00e8s 3\/8&quot;\" \/>\n<meta property=\"og:url\" content=\"https:\/\/maxima-studios.com\/en\/product\/manfrotto-tete-502ah\/\" \/>\n<meta property=\"og:site_name\" content=\"Maximaloc\" \/>\n<meta property=\"article:publisher\" content=\"https:\/\/www.facebook.com\/Maximalocation\" \/>\n<meta property=\"article:modified_time\" content=\"2026-04-13T18:10:04+00:00\" \/>\n<meta property=\"og:image\" content=\"https:\/\/maxima-studios.com\/wp-content\/uploads\/2024\/06\/b49820_e4c18f53d0944ce5a161c0ed6ce6ec83mv2.webp\" \/>\n\t<meta property=\"og:image:width\" content=\"580\" \/>\n\t<meta property=\"og:image:height\" content=\"420\" \/>\n\t<meta property=\"og:image:type\" content=\"image\/webp\" \/>\n<meta name=\"twitter:card\" content=\"summary_large_image\" \/>\n<meta name=\"twitter:label1\" content=\"Est. reading time\" \/>\n\t<meta name=\"twitter:data1\" content=\"1 minute\" \/>\n<script type=\"application\/ld+json\" class=\"yoast-schema-graph\">{\"@context\":\"https:\\\/\\\/schema.org\",\"@graph\":[{\"@type\":\"WebPage\",\"@id\":\"https:\\\/\\\/maxima-studios.com\\\/produit\\\/manfrotto-tete-502ah\\\/\",\"url\":\"https:\\\/\\\/maxima-studios.com\\\/produit\\\/manfrotto-tete-502ah\\\/\",\"name\":\"MANFROTTO T\u00caTE 502AH - Maximaloc\",\"isPartOf\":{\"@id\":\"https:\\\/\\\/maxima-studios.com\\\/#website\"},\"primaryImageOfPage\":{\"@id\":\"https:\\\/\\\/maxima-studios.com\\\/produit\\\/manfrotto-tete-502ah\\\/#primaryimage\"},\"image\":{\"@id\":\"https:\\\/\\\/maxima-studios.com\\\/produit\\\/manfrotto-tete-502ah\\\/#primaryimage\"},\"thumbnailUrl\":\"https:\\\/\\\/maxima-studios.com\\\/wp-content\\\/uploads\\\/2024\\\/06\\\/b49820_e4c18f53d0944ce5a161c0ed6ce6ec83mv2.webp\",\"datePublished\":\"2024-06-14T12:40:58+00:00\",\"dateModified\":\"2026-04-13T18:10:04+00:00\",\"breadcrumb\":{\"@id\":\"https:\\\/\\\/maxima-studios.com\\\/produit\\\/manfrotto-tete-502ah\\\/#breadcrumb\"},\"inLanguage\":\"en-US\",\"potentialAction\":[{\"@type\":\"ReadAction\",\"target\":[\"https:\\\/\\\/maxima-studios.com\\\/produit\\\/manfrotto-tete-502ah\\\/\"]}]},{\"@type\":\"ImageObject\",\"inLanguage\":\"en-US\",\"@id\":\"https:\\\/\\\/maxima-studios.com\\\/produit\\\/manfrotto-tete-502ah\\\/#primaryimage\",\"url\":\"https:\\\/\\\/maxima-studios.com\\\/wp-content\\\/uploads\\\/2024\\\/06\\\/b49820_e4c18f53d0944ce5a161c0ed6ce6ec83mv2.webp\",\"contentUrl\":\"https:\\\/\\\/maxima-studios.com\\\/wp-content\\\/uploads\\\/2024\\\/06\\\/b49820_e4c18f53d0944ce5a161c0ed6ce6ec83mv2.webp\",\"width\":580,\"height\":420,\"caption\":\"Tete FLuide Manfrotto 502 AH\"},{\"@type\":\"BreadcrumbList\",\"@id\":\"https:\\\/\\\/maxima-studios.com\\\/produit\\\/manfrotto-tete-502ah\\\/#breadcrumb\",\"itemListElement\":[{\"@type\":\"ListItem\",\"position\":1,\"name\":\"Accueil\",\"item\":\"https:\\\/\\\/maxima-studios.com\\\/\"},{\"@type\":\"ListItem\",\"position\":2,\"name\":\"BOUTIQUE\",\"item\":\"https:\\\/\\\/maxima-studios.com\\\/boutique\\\/\"},{\"@type\":\"ListItem\",\"position\":3,\"name\":\"MANFROTTO T\u00caTE 502AH\"}]},{\"@type\":\"WebSite\",\"@id\":\"https:\\\/\\\/maxima-studios.com\\\/#website\",\"url\":\"https:\\\/\\\/maxima-studios.com\\\/\",\"name\":\"Maximaloc\",\"description\":\"\",\"publisher\":{\"@id\":\"https:\\\/\\\/maxima-studios.com\\\/#organization\"},\"potentialAction\":[{\"@type\":\"SearchAction\",\"target\":{\"@type\":\"EntryPoint\",\"urlTemplate\":\"https:\\\/\\\/maxima-studios.com\\\/?s={search_term_string}\"},\"query-input\":{\"@type\":\"PropertyValueSpecification\",\"valueRequired\":true,\"valueName\":\"search_term_string\"}}],\"inLanguage\":\"en-US\"},{\"@type\":\"Organization\",\"@id\":\"https:\\\/\\\/maxima-studios.com\\\/#organization\",\"name\":\"Maximaloc\",\"url\":\"https:\\\/\\\/maxima-studios.com\\\/\",\"logo\":{\"@type\":\"ImageObject\",\"inLanguage\":\"en-US\",\"@id\":\"https:\\\/\\\/maxima-studios.com\\\/#\\\/schema\\\/logo\\\/image\\\/\",\"url\":\"https:\\\/\\\/maxima-studios.com\\\/wp-content\\\/uploads\\\/2024\\\/03\\\/logo_noir-scaled.png\",\"contentUrl\":\"https:\\\/\\\/maxima-studios.com\\\/wp-content\\\/uploads\\\/2024\\\/03\\\/logo_noir-scaled.png\",\"width\":2560,\"height\":268,\"caption\":\"Maximaloc\"},\"image\":{\"@id\":\"https:\\\/\\\/maxima-studios.com\\\/#\\\/schema\\\/logo\\\/image\\\/\"},\"sameAs\":[\"https:\\\/\\\/www.facebook.com\\\/Maximalocation\"]}]}<\/script>\n<!-- \/ Yoast SEO plugin. -->","yoast_head_json":{"title":"MANFROTTO T\u00caTE 502AH - Maximaloc","robots":{"index":"index","follow":"follow","max-snippet":"max-snippet:-1","max-image-preview":"max-image-preview:large","max-video-preview":"max-video-preview:-1"},"canonical":"https:\/\/maxima-studios.com\/en\/product\/manfrotto-tete-502ah\/","og_locale":"en_US","og_type":"article","og_title":"MANFROTTO T\u00caTE 502AH - Maximaloc","og_description":"Type : T\u00eate fluide Poids support\u00e9 : 10 Kg Base plate de diam\u00e8tre 75mm Semelle avec vis Kodak 1\/4\" et Congr\u00e8s 3\/8\"","og_url":"https:\/\/maxima-studios.com\/en\/product\/manfrotto-tete-502ah\/","og_site_name":"Maximaloc","article_publisher":"https:\/\/www.facebook.com\/Maximalocation","article_modified_time":"2026-04-13T18:10:04+00:00","og_image":[{"width":580,"height":420,"url":"https:\/\/maxima-studios.com\/wp-content\/uploads\/2024\/06\/b49820_e4c18f53d0944ce5a161c0ed6ce6ec83mv2.webp","type":"image\/webp"}],"twitter_card":"summary_large_image","twitter_misc":{"Est. reading time":"1 minute"},"schema":{"@context":"https:\/\/schema.org","@graph":[{"@type":"WebPage","@id":"https:\/\/maxima-studios.com\/produit\/manfrotto-tete-502ah\/","url":"https:\/\/maxima-studios.com\/produit\/manfrotto-tete-502ah\/","name":"MANFROTTO T\u00caTE 502AH - Maximaloc","isPartOf":{"@id":"https:\/\/maxima-studios.com\/#website"},"primaryImageOfPage":{"@id":"https:\/\/maxima-studios.com\/produit\/manfrotto-tete-502ah\/#primaryimage"},"image":{"@id":"https:\/\/maxima-studios.com\/produit\/manfrotto-tete-502ah\/#primaryimage"},"thumbnailUrl":"https:\/\/maxima-studios.com\/wp-content\/uploads\/2024\/06\/b49820_e4c18f53d0944ce5a161c0ed6ce6ec83mv2.webp","datePublished":"2024-06-14T12:40:58+00:00","dateModified":"2026-04-13T18:10:04+00:00","breadcrumb":{"@id":"https:\/\/maxima-studios.com\/produit\/manfrotto-tete-502ah\/#breadcrumb"},"inLanguage":"en-US","potentialAction":[{"@type":"ReadAction","target":["https:\/\/maxima-studios.com\/produit\/manfrotto-tete-502ah\/"]}]},{"@type":"ImageObject","inLanguage":"en-US","@id":"https:\/\/maxima-studios.com\/produit\/manfrotto-tete-502ah\/#primaryimage","url":"https:\/\/maxima-studios.com\/wp-content\/uploads\/2024\/06\/b49820_e4c18f53d0944ce5a161c0ed6ce6ec83mv2.webp","contentUrl":"https:\/\/maxima-studios.com\/wp-content\/uploads\/2024\/06\/b49820_e4c18f53d0944ce5a161c0ed6ce6ec83mv2.webp","width":580,"height":420,"caption":"Tete FLuide Manfrotto 502 AH"},{"@type":"BreadcrumbList","@id":"https:\/\/maxima-studios.com\/produit\/manfrotto-tete-502ah\/#breadcrumb","itemListElement":[{"@type":"ListItem","position":1,"name":"Accueil","item":"https:\/\/maxima-studios.com\/"},{"@type":"ListItem","position":2,"name":"BOUTIQUE","item":"https:\/\/maxima-studios.com\/boutique\/"},{"@type":"ListItem","position":3,"name":"MANFROTTO T\u00caTE 502AH"}]},{"@type":"WebSite","@id":"https:\/\/maxima-studios.com\/#website","url":"https:\/\/maxima-studios.com\/","name":"Maximaloc","description":"","publisher":{"@id":"https:\/\/maxima-studios.com\/#organization"},"potentialAction":[{"@type":"SearchAction","target":{"@type":"EntryPoint","urlTemplate":"https:\/\/maxima-studios.com\/?s={search_term_string}"},"query-input":{"@type":"PropertyValueSpecification","valueRequired":true,"valueName":"search_term_string"}}],"inLanguage":"en-US"},{"@type":"Organization","@id":"https:\/\/maxima-studios.com\/#organization","name":"Maximaloc","url":"https:\/\/maxima-studios.com\/","logo":{"@type":"ImageObject","inLanguage":"en-US","@id":"https:\/\/maxima-studios.com\/#\/schema\/logo\/image\/","url":"https:\/\/maxima-studios.com\/wp-content\/uploads\/2024\/03\/logo_noir-scaled.png","contentUrl":"https:\/\/maxima-studios.com\/wp-content\/uploads\/2024\/03\/logo_noir-scaled.png","width":2560,"height":268,"caption":"Maximaloc"},"image":{"@id":"https:\/\/maxima-studios.com\/#\/schema\/logo\/image\/"},"sameAs":["https:\/\/www.facebook.com\/Maximalocation"]}]}},"_links":{"self":[{"href":"https:\/\/maxima-studios.com\/en\/wp-json\/wp\/v2\/product\/11026","targetHints":{"allow":["GET"]}}],"collection":[{"href":"https:\/\/maxima-studios.com\/en\/wp-json\/wp\/v2\/product"}],"about":[{"href":"https:\/\/maxima-studios.com\/en\/wp-json\/wp\/v2\/types\/product"}],"wp:featuredmedia":[{"embeddable":true,"href":"https:\/\/maxima-studios.com\/en\/wp-json\/wp\/v2\/media\/13946"}],"wp:attachment":[{"href":"https:\/\/maxima-studios.com\/en\/wp-json\/wp\/v2\/media?parent=11026"}],"wp:term":[{"taxonomy":"product_cat","embeddable":true,"href":"https:\/\/maxima-studios.com\/en\/wp-json\/wp\/v2\/product_cat?post=11026"},{"taxonomy":"product_tag","embeddable":true,"href":"https:\/\/maxima-studios.com\/en\/wp-json\/wp\/v2\/product_tag?post=11026"}],"curies":[{"name":"wp","href":"https:\/\/api.w.org\/{rel}","templated":true}]}}