 {"id":11020,"date":"2024-06-14T14:40:51","date_gmt":"2024-06-14T12:40:51","guid":{"rendered":"https:\/\/maxima-studios.com\/produit\/manfrotto-mh804-a-bascule-1x-vis\/"},"modified":"2026-04-13T20:09:48","modified_gmt":"2026-04-13T18:09:48","slug":"manfrotto-mh804-a-bascule","status":"publish","type":"product","link":"https:\/\/maxima-studios.com\/en\/product\/manfrotto-mh804-a-bascule\/","title":{"rendered":"MANFROTTO MH804 \u00c0 BASCULE"},"content":{"rendered":"<p>Tr\u00e9pied \u00e0 bascule Manfrotto 190 qui permet de faire basculer la colonne centrale pour mieux s&#8217;approcher d&#8217;un sujet.\u00a0Id\u00e9ale pour la Macro (photo \/ vid\u00e9o).<\/p>\n<p>Un niveau \u00e0 bulle int\u00e9gr\u00e9 vous permet de contr\u00f4ler pr\u00e9cis\u00e9ment ce que vous faites lorsque vous ajustez les jambes ou l\u2019angle de prise de vue. Vous pouvez \u00e9galement faire tourner compl\u00e8tement la rotule photo pour que vos mouvements ne soient jamais entrav\u00e9s, m\u00eame quand la pression est l\u00e0. Le Tr\u00e9pied 190 XPRO, \u00e0 3 sections, en Aluminium, avec Colonne Horizontale peut \u00e9galement \u00eatre associ\u00e9 en un clin d\u2019\u0153il avec des accessoires pratiques, tels qu\u2019un flash ou un r\u00e9flecteur, vous offrant ainsi toute la flexibilit\u00e9 dont vous avez besoin pour ajuster votre tr\u00e9pied photo \u00e0 vos besoins.<\/p>\n<p>\u00a0<\/p>\n<p><strong>Points Forts :\u00a0<\/strong><\/p>\n<ul>\n<li>Pr\u00e9cision gr\u00e2ce aux 3 axes ind\u00e9pendants<\/li>\n<li>Compacte avec poign\u00e9es r\u00e9tractables<\/li>\n<li>L\u00e9g\u00e8re mais robuste (jusqu\u2019\u00e0 ~10 kg)<br \/>\u00a0\n<\/li>\n<\/ul>\n<p>\u00a0<\/p>\n<p>\u00a0<\/p>","protected":false},"excerpt":{"rendered":"<p>Type : Trepied Photo \u00e0 Bascule<\/p>\n<p>Hauteur Max : 160 cm<\/p>\n<p>Poids Support\u00e9 : 10 kg<\/p>\n<p>\u00a0<\/p>","protected":false},"featured_media":11584,"template":"","meta":[],"product_cat":[391],"product_tag":[],"class_list":{"0":"post-11020","1":"product","2":"type-product","3":"status-publish","4":"has-post-thumbnail","6":"product_cat-trepied-photo","8":"first","9":"instock","10":"taxable","11":"shipping-taxable","12":"purchasable","13":"product-type-rentable"},"_links":{"self":[{"href":"https:\/\/maxima-studios.com\/en\/wp-json\/wp\/v2\/product\/11020","targetHints":{"allow":["GET"]}}],"collection":[{"href":"https:\/\/maxima-studios.com\/en\/wp-json\/wp\/v2\/product"}],"about":[{"href":"https:\/\/maxima-studios.com\/en\/wp-json\/wp\/v2\/types\/product"}],"wp:featuredmedia":[{"embeddable":true,"href":"https:\/\/maxima-studios.com\/en\/wp-json\/wp\/v2\/media\/11584"}],"wp:attachment":[{"href":"https:\/\/maxima-studios.com\/en\/wp-json\/wp\/v2\/media?parent=11020"}],"wp:term":[{"taxonomy":"product_cat","embeddable":true,"href":"https:\/\/maxima-studios.com\/en\/wp-json\/wp\/v2\/product_cat?post=11020"},{"taxonomy":"product_tag","embeddable":true,"href":"https:\/\/maxima-studios.com\/en\/wp-json\/wp\/v2\/product_tag?post=11020"}],"curies":[{"name":"wp","href":"https:\/\/api.w.org\/{rel}","templated":true}]}}