 {"id":11016,"date":"2024-06-14T14:40:49","date_gmt":"2024-06-14T12:40:49","guid":{"rendered":"https:\/\/maxima-studios.com\/produit\/manfrotto-nitrotech-n8-2x-vis\/"},"modified":"2026-04-13T20:09:36","modified_gmt":"2026-04-13T18:09:36","slug":"manfrotto-nitrotech-n8","status":"publish","type":"product","link":"https:\/\/maxima-studios.com\/en\/product\/manfrotto-nitrotech-n8\/","title":{"rendered":"MANFROTTO NITROTECH N8"},"content":{"rendered":"<p>Ce kit vid\u00e9o comprenant une\u00a0rotule Nitrotech\u00a0et un\u00a0tr\u00e9pied single leg en carbone\u00a0vous offre une solution polyvalente pour vos captations vid\u00e9os.<\/p>\n<p>La rotule vid\u00e9o Nitrotech 608 se distingue par son syst\u00e8me de contebalancement continu \u00e0 piston vous permettant un contr\u00f4le pr\u00e9cis de votre cam\u00e9ra.\u00a0<\/p>\n<p>Sa capacit\u00e9 de charge peut aller jusqu&#8217;\u00e0 8 kg.<\/p>\n<p>\u00a0<\/p>\n<p><strong>Points Forts :\u00a0<\/strong><\/p>\n<ul>\n<li>Contrepoids continu tr\u00e8s pr\u00e9cis<\/li>\n<li>Mouvements ultra fluides<\/li>\n<li>Structure l\u00e9g\u00e8re mais rigide<\/li>\n<li>Grande polyvalence<br \/>\u00a0<\/li>\n<\/ul>","protected":false},"excerpt":{"rendered":"<p>Hauteur min : 42 cm<\/p>\n<p>Hauteur max :\u00a0218 cm<\/p>\n<p>Poids support\u00e9 : 7.5 Kg<\/p>","protected":false},"featured_media":11454,"template":"","meta":[],"product_cat":[390],"product_tag":[],"class_list":{"0":"post-11016","1":"product","2":"type-product","3":"status-publish","4":"has-post-thumbnail","6":"product_cat-trepied-video","8":"first","9":"instock","10":"taxable","11":"shipping-taxable","12":"purchasable","13":"product-type-rentable"},"_links":{"self":[{"href":"https:\/\/maxima-studios.com\/en\/wp-json\/wp\/v2\/product\/11016","targetHints":{"allow":["GET"]}}],"collection":[{"href":"https:\/\/maxima-studios.com\/en\/wp-json\/wp\/v2\/product"}],"about":[{"href":"https:\/\/maxima-studios.com\/en\/wp-json\/wp\/v2\/types\/product"}],"wp:featuredmedia":[{"embeddable":true,"href":"https:\/\/maxima-studios.com\/en\/wp-json\/wp\/v2\/media\/11454"}],"wp:attachment":[{"href":"https:\/\/maxima-studios.com\/en\/wp-json\/wp\/v2\/media?parent=11016"}],"wp:term":[{"taxonomy":"product_cat","embeddable":true,"href":"https:\/\/maxima-studios.com\/en\/wp-json\/wp\/v2\/product_cat?post=11016"},{"taxonomy":"product_tag","embeddable":true,"href":"https:\/\/maxima-studios.com\/en\/wp-json\/wp\/v2\/product_tag?post=11016"}],"curies":[{"name":"wp","href":"https:\/\/api.w.org\/{rel}","templated":true}]}}