 {"id":10780,"date":"2024-06-12T18:05:56","date_gmt":"2024-06-12T16:05:56","guid":{"rendered":"https:\/\/maxima-studios.com\/produit\/machine-a-cafe\/"},"modified":"2026-04-13T20:20:20","modified_gmt":"2026-04-13T18:20:20","slug":"machine-a-cafe","status":"publish","type":"product","link":"https:\/\/maxima-studios.com\/en\/product\/machine-a-cafe\/","title":{"rendered":"MACHINE \u00c0 CAF\u00c9"},"content":{"rendered":"<p>Machine \u00e0 caf\u00e9 Espresso \u00e0 capsules pratique pour fournir un service de r\u00e9gie facile et rapide sur les tournages.<\/p>\n<p><strong>Points forts :<\/strong><\/p>\n<ul>\n<li>Pr\u00e9paration de boissons simple et rapide<\/li>\n<li>R\u00e9glages de Taille et Intensit\u00e9 de la boisson<\/li>\n<li>R\u00e9servoir d&#8217;eau 1,3 L<\/li>\n<li>Grande vari\u00e9t\u00e9 de boissons et de marques<\/li>\n<\/ul>","protected":false},"excerpt":{"rendered":"<p>Machine \u00e0 capsules Tassimo<\/p>","protected":false},"featured_media":13059,"template":"","meta":[],"product_cat":[1342,403],"product_tag":[1173],"class_list":{"0":"post-10780","1":"product","2":"type-product","3":"status-publish","4":"has-post-thumbnail","6":"product_cat-evenementiel","7":"product_cat-alimentaire","8":"product_tag-alimentaire","10":"first","11":"instock","12":"taxable","13":"shipping-taxable","14":"purchasable","15":"product-type-rentable"},"_links":{"self":[{"href":"https:\/\/maxima-studios.com\/en\/wp-json\/wp\/v2\/product\/10780","targetHints":{"allow":["GET"]}}],"collection":[{"href":"https:\/\/maxima-studios.com\/en\/wp-json\/wp\/v2\/product"}],"about":[{"href":"https:\/\/maxima-studios.com\/en\/wp-json\/wp\/v2\/types\/product"}],"wp:featuredmedia":[{"embeddable":true,"href":"https:\/\/maxima-studios.com\/en\/wp-json\/wp\/v2\/media\/13059"}],"wp:attachment":[{"href":"https:\/\/maxima-studios.com\/en\/wp-json\/wp\/v2\/media?parent=10780"}],"wp:term":[{"taxonomy":"product_cat","embeddable":true,"href":"https:\/\/maxima-studios.com\/en\/wp-json\/wp\/v2\/product_cat?post=10780"},{"taxonomy":"product_tag","embeddable":true,"href":"https:\/\/maxima-studios.com\/en\/wp-json\/wp\/v2\/product_tag?post=10780"}],"curies":[{"name":"wp","href":"https:\/\/api.w.org\/{rel}","templated":true}]}}