 {"id":10776,"date":"2024-06-12T18:04:52","date_gmt":"2024-06-12T16:04:52","guid":{"rendered":"https:\/\/maxima-studios.com\/produit\/video-projecteur-optoma-fhd\/"},"modified":"2026-04-13T20:42:11","modified_gmt":"2026-04-13T18:42:11","slug":"optoma-video-projecteur-fhd","status":"publish","type":"product","link":"https:\/\/maxima-studios.com\/en\/product\/optoma-video-projecteur-fhd\/","title":{"rendered":"OPTOMA VIDEO PROJECTEUR FHD"},"content":{"rendered":"<p>Vid\u00e9oprojecteur lumineux de 3800 lm disposant d\u2019une entr\u00e9e HDMI. Il projette une image de r\u00e9solution FHD 1920&#215;1080 avec une fr\u00e9quence image pouvant atteindre 60p.\u00a0<\/p>\n<p>\u00a0<\/p>\n<p>Il convient \u00e0 la plupart des utilisations, que ce soit pour une pr\u00e9sentation, pour diffuser des vid\u00e9os sur grand \u00e9cran ou encore pour r\u00e9aliser des effets de projection qui conviendront au projet de clip par exemple.<\/p>\n<p>\u00a0<\/p>\n<p>La taille de l\u2019image projet\u00e9e s\u2019\u00e9tend de 70cm \u00e0 7,6m de diagonale en fonction de la distance entre le vid\u00e9oprojecteur et l\u2019\u00e9cran. Un \u00e9cran et un support pour le vid\u00e9oprojecteur sont disponibles en option.<\/p>","protected":false},"excerpt":{"rendered":"<p>Vid\u00e9o Projecteur Optoma HD28e<\/p>\n<p>R\u00e9solution : 1920 x 1080<\/p>\n<p>Luminosit\u00e9 : 3800 lm<\/p>\n<p>Entr\u00e9e : HDMI<\/p>\n<p>Utilisation: Conf\u00e9rences, Ev\u00e9nements, Projections<\/p>","protected":false},"featured_media":13046,"template":"","meta":[],"product_cat":[1342,409],"product_tag":[],"class_list":{"0":"post-10776","1":"product","2":"type-product","3":"status-publish","4":"has-post-thumbnail","6":"product_cat-evenementiel","7":"product_cat-materiel-evenementiel","9":"first","10":"instock","11":"taxable","12":"shipping-taxable","13":"purchasable","14":"product-type-rentable"},"yoast_head":"<!-- This site is optimized with the Yoast SEO plugin v27.3 - https:\/\/yoast.com\/product\/yoast-seo-wordpress\/ -->\n<title>OPTOMA VIDEO PROJECTEUR FHD - Maximaloc<\/title>\n<meta name=\"robots\" content=\"index, follow, max-snippet:-1, max-image-preview:large, max-video-preview:-1\" \/>\n<link rel=\"canonical\" href=\"https:\/\/maxima-studios.com\/en\/product\/optoma-video-projecteur-fhd\/\" \/>\n<meta property=\"og:locale\" content=\"en_US\" \/>\n<meta property=\"og:type\" content=\"article\" \/>\n<meta property=\"og:title\" content=\"OPTOMA VIDEO PROJECTEUR FHD - Maximaloc\" \/>\n<meta property=\"og:description\" content=\"Vid\u00e9o Projecteur Optoma HD28e R\u00e9solution : 1920 x 1080 Luminosit\u00e9 : 3800 lm Entr\u00e9e : HDMI Utilisation: Conf\u00e9rences, Ev\u00e9nements, Projections\" \/>\n<meta property=\"og:url\" content=\"https:\/\/maxima-studios.com\/en\/product\/optoma-video-projecteur-fhd\/\" \/>\n<meta property=\"og:site_name\" content=\"Maximaloc\" \/>\n<meta property=\"article:publisher\" content=\"https:\/\/www.facebook.com\/Maximalocation\" \/>\n<meta property=\"article:modified_time\" content=\"2026-04-13T18:42:11+00:00\" \/>\n<meta property=\"og:image\" content=\"https:\/\/maxima-studios.com\/wp-content\/uploads\/2024\/06\/VIDEOPROJECTEUR-FHD-1.webp\" \/>\n\t<meta property=\"og:image:width\" content=\"580\" \/>\n\t<meta property=\"og:image:height\" content=\"420\" \/>\n\t<meta property=\"og:image:type\" content=\"image\/webp\" \/>\n<meta name=\"twitter:card\" content=\"summary_large_image\" \/>\n<meta name=\"twitter:label1\" content=\"Est. reading time\" \/>\n\t<meta name=\"twitter:data1\" content=\"1 minute\" \/>\n<script type=\"application\/ld+json\" class=\"yoast-schema-graph\">{\"@context\":\"https:\\\/\\\/schema.org\",\"@graph\":[{\"@type\":\"WebPage\",\"@id\":\"https:\\\/\\\/maxima-studios.com\\\/produit\\\/optoma-video-projecteur-fhd\\\/\",\"url\":\"https:\\\/\\\/maxima-studios.com\\\/produit\\\/optoma-video-projecteur-fhd\\\/\",\"name\":\"OPTOMA VIDEO PROJECTEUR FHD - Maximaloc\",\"isPartOf\":{\"@id\":\"https:\\\/\\\/maxima-studios.com\\\/#website\"},\"primaryImageOfPage\":{\"@id\":\"https:\\\/\\\/maxima-studios.com\\\/produit\\\/optoma-video-projecteur-fhd\\\/#primaryimage\"},\"image\":{\"@id\":\"https:\\\/\\\/maxima-studios.com\\\/produit\\\/optoma-video-projecteur-fhd\\\/#primaryimage\"},\"thumbnailUrl\":\"https:\\\/\\\/maxima-studios.com\\\/wp-content\\\/uploads\\\/2024\\\/06\\\/VIDEOPROJECTEUR-FHD-1.webp\",\"datePublished\":\"2024-06-12T16:04:52+00:00\",\"dateModified\":\"2026-04-13T18:42:11+00:00\",\"breadcrumb\":{\"@id\":\"https:\\\/\\\/maxima-studios.com\\\/produit\\\/optoma-video-projecteur-fhd\\\/#breadcrumb\"},\"inLanguage\":\"en-US\",\"potentialAction\":[{\"@type\":\"ReadAction\",\"target\":[\"https:\\\/\\\/maxima-studios.com\\\/produit\\\/optoma-video-projecteur-fhd\\\/\"]}]},{\"@type\":\"ImageObject\",\"inLanguage\":\"en-US\",\"@id\":\"https:\\\/\\\/maxima-studios.com\\\/produit\\\/optoma-video-projecteur-fhd\\\/#primaryimage\",\"url\":\"https:\\\/\\\/maxima-studios.com\\\/wp-content\\\/uploads\\\/2024\\\/06\\\/VIDEOPROJECTEUR-FHD-1.webp\",\"contentUrl\":\"https:\\\/\\\/maxima-studios.com\\\/wp-content\\\/uploads\\\/2024\\\/06\\\/VIDEOPROJECTEUR-FHD-1.webp\",\"width\":580,\"height\":420,\"caption\":\"Vid\u00e9o Projecteur Optoma HD28e noir Full HD \u00e0 la location\"},{\"@type\":\"BreadcrumbList\",\"@id\":\"https:\\\/\\\/maxima-studios.com\\\/produit\\\/optoma-video-projecteur-fhd\\\/#breadcrumb\",\"itemListElement\":[{\"@type\":\"ListItem\",\"position\":1,\"name\":\"Accueil\",\"item\":\"https:\\\/\\\/maxima-studios.com\\\/\"},{\"@type\":\"ListItem\",\"position\":2,\"name\":\"BOUTIQUE\",\"item\":\"https:\\\/\\\/maxima-studios.com\\\/boutique\\\/\"},{\"@type\":\"ListItem\",\"position\":3,\"name\":\"OPTOMA VIDEO PROJECTEUR FHD\"}]},{\"@type\":\"WebSite\",\"@id\":\"https:\\\/\\\/maxima-studios.com\\\/#website\",\"url\":\"https:\\\/\\\/maxima-studios.com\\\/\",\"name\":\"Maximaloc\",\"description\":\"\",\"publisher\":{\"@id\":\"https:\\\/\\\/maxima-studios.com\\\/#organization\"},\"potentialAction\":[{\"@type\":\"SearchAction\",\"target\":{\"@type\":\"EntryPoint\",\"urlTemplate\":\"https:\\\/\\\/maxima-studios.com\\\/?s={search_term_string}\"},\"query-input\":{\"@type\":\"PropertyValueSpecification\",\"valueRequired\":true,\"valueName\":\"search_term_string\"}}],\"inLanguage\":\"en-US\"},{\"@type\":\"Organization\",\"@id\":\"https:\\\/\\\/maxima-studios.com\\\/#organization\",\"name\":\"Maximaloc\",\"url\":\"https:\\\/\\\/maxima-studios.com\\\/\",\"logo\":{\"@type\":\"ImageObject\",\"inLanguage\":\"en-US\",\"@id\":\"https:\\\/\\\/maxima-studios.com\\\/#\\\/schema\\\/logo\\\/image\\\/\",\"url\":\"https:\\\/\\\/maxima-studios.com\\\/wp-content\\\/uploads\\\/2024\\\/03\\\/logo_noir-scaled.png\",\"contentUrl\":\"https:\\\/\\\/maxima-studios.com\\\/wp-content\\\/uploads\\\/2024\\\/03\\\/logo_noir-scaled.png\",\"width\":2560,\"height\":268,\"caption\":\"Maximaloc\"},\"image\":{\"@id\":\"https:\\\/\\\/maxima-studios.com\\\/#\\\/schema\\\/logo\\\/image\\\/\"},\"sameAs\":[\"https:\\\/\\\/www.facebook.com\\\/Maximalocation\"]}]}<\/script>\n<!-- \/ Yoast SEO plugin. -->","yoast_head_json":{"title":"OPTOMA VIDEO PROJECTEUR FHD - Maximaloc","robots":{"index":"index","follow":"follow","max-snippet":"max-snippet:-1","max-image-preview":"max-image-preview:large","max-video-preview":"max-video-preview:-1"},"canonical":"https:\/\/maxima-studios.com\/en\/product\/optoma-video-projecteur-fhd\/","og_locale":"en_US","og_type":"article","og_title":"OPTOMA VIDEO PROJECTEUR FHD - Maximaloc","og_description":"Vid\u00e9o Projecteur Optoma HD28e R\u00e9solution : 1920 x 1080 Luminosit\u00e9 : 3800 lm Entr\u00e9e : HDMI Utilisation: Conf\u00e9rences, Ev\u00e9nements, Projections","og_url":"https:\/\/maxima-studios.com\/en\/product\/optoma-video-projecteur-fhd\/","og_site_name":"Maximaloc","article_publisher":"https:\/\/www.facebook.com\/Maximalocation","article_modified_time":"2026-04-13T18:42:11+00:00","og_image":[{"width":580,"height":420,"url":"https:\/\/maxima-studios.com\/wp-content\/uploads\/2024\/06\/VIDEOPROJECTEUR-FHD-1.webp","type":"image\/webp"}],"twitter_card":"summary_large_image","twitter_misc":{"Est. reading time":"1 minute"},"schema":{"@context":"https:\/\/schema.org","@graph":[{"@type":"WebPage","@id":"https:\/\/maxima-studios.com\/produit\/optoma-video-projecteur-fhd\/","url":"https:\/\/maxima-studios.com\/produit\/optoma-video-projecteur-fhd\/","name":"OPTOMA VIDEO PROJECTEUR FHD - Maximaloc","isPartOf":{"@id":"https:\/\/maxima-studios.com\/#website"},"primaryImageOfPage":{"@id":"https:\/\/maxima-studios.com\/produit\/optoma-video-projecteur-fhd\/#primaryimage"},"image":{"@id":"https:\/\/maxima-studios.com\/produit\/optoma-video-projecteur-fhd\/#primaryimage"},"thumbnailUrl":"https:\/\/maxima-studios.com\/wp-content\/uploads\/2024\/06\/VIDEOPROJECTEUR-FHD-1.webp","datePublished":"2024-06-12T16:04:52+00:00","dateModified":"2026-04-13T18:42:11+00:00","breadcrumb":{"@id":"https:\/\/maxima-studios.com\/produit\/optoma-video-projecteur-fhd\/#breadcrumb"},"inLanguage":"en-US","potentialAction":[{"@type":"ReadAction","target":["https:\/\/maxima-studios.com\/produit\/optoma-video-projecteur-fhd\/"]}]},{"@type":"ImageObject","inLanguage":"en-US","@id":"https:\/\/maxima-studios.com\/produit\/optoma-video-projecteur-fhd\/#primaryimage","url":"https:\/\/maxima-studios.com\/wp-content\/uploads\/2024\/06\/VIDEOPROJECTEUR-FHD-1.webp","contentUrl":"https:\/\/maxima-studios.com\/wp-content\/uploads\/2024\/06\/VIDEOPROJECTEUR-FHD-1.webp","width":580,"height":420,"caption":"Vid\u00e9o Projecteur Optoma HD28e noir Full HD \u00e0 la location"},{"@type":"BreadcrumbList","@id":"https:\/\/maxima-studios.com\/produit\/optoma-video-projecteur-fhd\/#breadcrumb","itemListElement":[{"@type":"ListItem","position":1,"name":"Accueil","item":"https:\/\/maxima-studios.com\/"},{"@type":"ListItem","position":2,"name":"BOUTIQUE","item":"https:\/\/maxima-studios.com\/boutique\/"},{"@type":"ListItem","position":3,"name":"OPTOMA VIDEO PROJECTEUR FHD"}]},{"@type":"WebSite","@id":"https:\/\/maxima-studios.com\/#website","url":"https:\/\/maxima-studios.com\/","name":"Maximaloc","description":"","publisher":{"@id":"https:\/\/maxima-studios.com\/#organization"},"potentialAction":[{"@type":"SearchAction","target":{"@type":"EntryPoint","urlTemplate":"https:\/\/maxima-studios.com\/?s={search_term_string}"},"query-input":{"@type":"PropertyValueSpecification","valueRequired":true,"valueName":"search_term_string"}}],"inLanguage":"en-US"},{"@type":"Organization","@id":"https:\/\/maxima-studios.com\/#organization","name":"Maximaloc","url":"https:\/\/maxima-studios.com\/","logo":{"@type":"ImageObject","inLanguage":"en-US","@id":"https:\/\/maxima-studios.com\/#\/schema\/logo\/image\/","url":"https:\/\/maxima-studios.com\/wp-content\/uploads\/2024\/03\/logo_noir-scaled.png","contentUrl":"https:\/\/maxima-studios.com\/wp-content\/uploads\/2024\/03\/logo_noir-scaled.png","width":2560,"height":268,"caption":"Maximaloc"},"image":{"@id":"https:\/\/maxima-studios.com\/#\/schema\/logo\/image\/"},"sameAs":["https:\/\/www.facebook.com\/Maximalocation"]}]}},"_links":{"self":[{"href":"https:\/\/maxima-studios.com\/en\/wp-json\/wp\/v2\/product\/10776","targetHints":{"allow":["GET"]}}],"collection":[{"href":"https:\/\/maxima-studios.com\/en\/wp-json\/wp\/v2\/product"}],"about":[{"href":"https:\/\/maxima-studios.com\/en\/wp-json\/wp\/v2\/types\/product"}],"wp:featuredmedia":[{"embeddable":true,"href":"https:\/\/maxima-studios.com\/en\/wp-json\/wp\/v2\/media\/13046"}],"wp:attachment":[{"href":"https:\/\/maxima-studios.com\/en\/wp-json\/wp\/v2\/media?parent=10776"}],"wp:term":[{"taxonomy":"product_cat","embeddable":true,"href":"https:\/\/maxima-studios.com\/en\/wp-json\/wp\/v2\/product_cat?post=10776"},{"taxonomy":"product_tag","embeddable":true,"href":"https:\/\/maxima-studios.com\/en\/wp-json\/wp\/v2\/product_tag?post=10776"}],"curies":[{"name":"wp","href":"https:\/\/api.w.org\/{rel}","templated":true}]}}