 {"id":10775,"date":"2024-06-12T18:04:43","date_gmt":"2024-06-12T16:04:43","guid":{"rendered":"https:\/\/maxima-studios.com\/produit\/beach-cart-foldit\/"},"modified":"2026-04-13T20:17:10","modified_gmt":"2026-04-13T18:17:10","slug":"beach-cart-foldit","status":"publish","type":"product","link":"https:\/\/maxima-studios.com\/en\/product\/beach-cart-foldit\/","title":{"rendered":"BEACH CART FOLDIT"},"content":{"rendered":"<p>Le chariot pliable Foldit est id\u00e9al pour transporter votre mat\u00e9riel en ext\u00e9rieur et pour d\u00e9charger les v\u00e9hicules de tournage. Son principal atout r\u00e9side dans le fait qu\u2019il est pliable et se range donc sans prendre trop de place une fois utilis\u00e9.\u00a0<\/p>\n<p>\u00a0<\/p>\n<p>Ses roues de 50cm de diam\u00e8tre permettent de le man\u0153uvrer sans difficult\u00e9 sur tous types de terrain. Avec des dimensions int\u00e9rieures de 96cm de long pour 57cm de large et 29cm de haut, il supporte jusqu&#8217;\u00e0 150 kg.<\/p>","protected":false},"excerpt":{"rendered":"<p>Chariot de tournage pliable<\/p>\n<p>Capacit\u00e9 de charge : 160 litres \/ 150 kg<\/p>\n<p>Dimensions int\u00e9rieures : 96 x 57 x 29 cm<\/p>","protected":false},"featured_media":12286,"template":"","meta":[],"product_cat":[405],"product_tag":[],"class_list":{"0":"post-10775","1":"product","2":"type-product","3":"status-publish","4":"has-post-thumbnail","6":"product_cat-roulante-chariot","8":"first","9":"instock","10":"featured","11":"taxable","12":"shipping-taxable","13":"purchasable","14":"product-type-rentable"},"_links":{"self":[{"href":"https:\/\/maxima-studios.com\/en\/wp-json\/wp\/v2\/product\/10775","targetHints":{"allow":["GET"]}}],"collection":[{"href":"https:\/\/maxima-studios.com\/en\/wp-json\/wp\/v2\/product"}],"about":[{"href":"https:\/\/maxima-studios.com\/en\/wp-json\/wp\/v2\/types\/product"}],"wp:featuredmedia":[{"embeddable":true,"href":"https:\/\/maxima-studios.com\/en\/wp-json\/wp\/v2\/media\/12286"}],"wp:attachment":[{"href":"https:\/\/maxima-studios.com\/en\/wp-json\/wp\/v2\/media?parent=10775"}],"wp:term":[{"taxonomy":"product_cat","embeddable":true,"href":"https:\/\/maxima-studios.com\/en\/wp-json\/wp\/v2\/product_cat?post=10775"},{"taxonomy":"product_tag","embeddable":true,"href":"https:\/\/maxima-studios.com\/en\/wp-json\/wp\/v2\/product_tag?post=10775"}],"curies":[{"name":"wp","href":"https:\/\/api.w.org\/{rel}","templated":true}]}}