 {"id":10773,"date":"2024-06-12T18:04:09","date_gmt":"2024-06-12T16:04:09","guid":{"rendered":"https:\/\/maxima-studios.com\/produit\/support-ordinateur-seaport-sac-i-visor-pro-mag-2020-visiere\/"},"modified":"2026-04-13T20:15:38","modified_gmt":"2026-04-13T18:15:38","slug":"seaport-sac-i-visor-pro-mag-2020","status":"publish","type":"product","link":"https:\/\/maxima-studios.com\/en\/product\/seaport-sac-i-visor-pro-mag-2020\/","title":{"rendered":"SEAPORT SAC I-VISOR PRO MAG 2020"},"content":{"rendered":"<p>Ce Seaport I-Visor est adapt\u00e9 \u00e0 une utilisation en int\u00e9rieur comme en ext\u00e9rieur gr\u00e2ce \u00e0 sa visi\u00e8re qui pr\u00e9serve l\u2019\u00e9cran de la lumi\u00e8re ambiante. Il accepte des ordinateurs portables jusqu\u2019\u00e0 17&#8243; et peut \u00e9galement servir comme housse de transport.<\/p>\n<p>\u00a0<\/p>\n<p>Il se monte sur n\u2019importe quel tr\u00e9pied photo disposant d\u2019une vis standard congr\u00e8s 3\/8&#8243;. Notre pied Manfrotto 755XB, qui supporte jusqu\u2019\u00e0 12 kg et monte jusqu\u2019\u00e0 140cm, est disponible en option avec ce Seaport.<\/p>","protected":false},"excerpt":{"rendered":"<p>Support pour ordinateur portable<\/p>\n<p>Fourni avec Visi\u00e8re et sac de transport<\/p>\n<p>Fixation : Pas de vis Congr\u00e8s 3\/8&#8243; pour tr\u00e9pied photo<\/p>","protected":false},"featured_media":13040,"template":"","meta":[],"product_cat":[408],"product_tag":[],"class_list":{"0":"post-10773","1":"product","2":"type-product","3":"status-publish","4":"has-post-thumbnail","6":"product_cat-ordinateurs-tablettes","8":"first","9":"instock","10":"taxable","11":"shipping-taxable","12":"purchasable","13":"product-type-rentable"},"_links":{"self":[{"href":"https:\/\/maxima-studios.com\/en\/wp-json\/wp\/v2\/product\/10773","targetHints":{"allow":["GET"]}}],"collection":[{"href":"https:\/\/maxima-studios.com\/en\/wp-json\/wp\/v2\/product"}],"about":[{"href":"https:\/\/maxima-studios.com\/en\/wp-json\/wp\/v2\/types\/product"}],"wp:featuredmedia":[{"embeddable":true,"href":"https:\/\/maxima-studios.com\/en\/wp-json\/wp\/v2\/media\/13040"}],"wp:attachment":[{"href":"https:\/\/maxima-studios.com\/en\/wp-json\/wp\/v2\/media?parent=10773"}],"wp:term":[{"taxonomy":"product_cat","embeddable":true,"href":"https:\/\/maxima-studios.com\/en\/wp-json\/wp\/v2\/product_cat?post=10773"},{"taxonomy":"product_tag","embeddable":true,"href":"https:\/\/maxima-studios.com\/en\/wp-json\/wp\/v2\/product_tag?post=10773"}],"curies":[{"name":"wp","href":"https:\/\/api.w.org\/{rel}","templated":true}]}}