 {"id":10769,"date":"2024-06-12T18:03:05","date_gmt":"2024-06-12T16:03:05","guid":{"rendered":"https:\/\/maxima-studios.com\/produit\/kit-intercom-eartec-4x-casques-a\/"},"modified":"2026-04-13T20:13:20","modified_gmt":"2026-04-13T18:13:20","slug":"kit-intercom-4x-casques-a","status":"publish","type":"product","link":"https:\/\/maxima-studios.com\/en\/product\/kit-intercom-4x-casques-a\/","title":{"rendered":"KIT INTERCOM 4X CASQUES #A"},"content":{"rendered":"<p>Syst\u00e8me intercom tr\u00e8s simple d\u2019utilisation et fiable sur une port\u00e9e allant jusqu\u2019\u00e0 250m. Chaque casque est lou\u00e9 avec deux batteries pour une autonomie de 5 heures par batterie.<\/p>\n<p>\u00a0<\/p>\n<p>Le micro peut se porter \u00e0 droite ou \u00e0 gauche selon les pr\u00e9f\u00e9rences. Pour le passer en mute, il suffit de placer la tige micro en position verticale. Le volume s\u2019ajuste via les boutons d\u00e9di\u00e9s au dos d\u2019une des deux oreillettes du casque.<\/p>\n<p>\u00a0<\/p>\n<p>Les casques peuvent \u00eatre utilis\u00e9s en ext\u00e9rieur par temps de pluie et sont disponibles par set de 4, 7, 11 ou 14 casques.<\/p>","protected":false},"excerpt":{"rendered":"<p>Kit Intercom eartec<\/p>\n<p>14 Casques Max<\/p>\n<p>Port\u00e9e : 250 m<\/p>\n<p>Autonomie : 5h \/ batterie<\/p>","protected":false},"featured_media":12265,"template":"","meta":[],"product_cat":[1342,404],"product_tag":[],"class_list":{"0":"post-10769","1":"product","2":"type-product","3":"status-publish","4":"has-post-thumbnail","6":"product_cat-evenementiel","7":"product_cat-communication","9":"first","10":"instock","11":"taxable","12":"shipping-taxable","13":"purchasable","14":"product-type-rentable"},"_links":{"self":[{"href":"https:\/\/maxima-studios.com\/en\/wp-json\/wp\/v2\/product\/10769","targetHints":{"allow":["GET"]}}],"collection":[{"href":"https:\/\/maxima-studios.com\/en\/wp-json\/wp\/v2\/product"}],"about":[{"href":"https:\/\/maxima-studios.com\/en\/wp-json\/wp\/v2\/types\/product"}],"wp:featuredmedia":[{"embeddable":true,"href":"https:\/\/maxima-studios.com\/en\/wp-json\/wp\/v2\/media\/12265"}],"wp:attachment":[{"href":"https:\/\/maxima-studios.com\/en\/wp-json\/wp\/v2\/media?parent=10769"}],"wp:term":[{"taxonomy":"product_cat","embeddable":true,"href":"https:\/\/maxima-studios.com\/en\/wp-json\/wp\/v2\/product_cat?post=10769"},{"taxonomy":"product_tag","embeddable":true,"href":"https:\/\/maxima-studios.com\/en\/wp-json\/wp\/v2\/product_tag?post=10769"}],"curies":[{"name":"wp","href":"https:\/\/api.w.org\/{rel}","templated":true}]}}