 {"id":10767,"date":"2024-06-12T18:02:35","date_gmt":"2024-06-12T16:02:35","guid":{"rendered":"https:\/\/maxima-studios.com\/produit\/kit-motorola-4x-talkies-walkies-t82-extreme\/"},"modified":"2026-04-13T20:12:41","modified_gmt":"2026-04-13T18:12:41","slug":"motorola-4x-talkies-walkies-t82-extreme","status":"publish","type":"product","link":"https:\/\/maxima-studios.com\/en\/product\/motorola-4x-talkies-walkies-t82-extreme\/","title":{"rendered":"MOTOROLA 4X TALKIES-WALKIES T82 EXTREME"},"content":{"rendered":"<p>Les Talkies Walkies sont utilisables en fonction haut parleur ou avec les oreillettes incluses afin de rester discret. Vous pouvez les porter autour du cou via la lani\u00e8re ou l\u2019attacher \u00e0 votre ceinture via le clip d\u00e9di\u00e9 au dos du Talkie.<\/p>\n<p>\u00a0<\/p>\n<p>Ils sont donn\u00e9s jusqu\u2019\u00e0 18 heures d\u2019autonomie et plusieurs kits de 4 sont disponibles afin de pouvoir \u00e9quiper toute votre \u00e9quipe. Mat\u00e9riel robuste, utilisable en ext\u00e9rieur par temps de pluie.<\/p>","protected":false},"excerpt":{"rendered":"<p>Kit de 4x Talkie Walkies<\/p>\n<p>Autonomie max: 18h<\/p>\n<p>Accessoires: Oreillettes, sangles et clip inclus<\/p>\n<p>Port\u00e9e Max: 1 km<\/p>","protected":false},"featured_media":12262,"template":"","meta":[],"product_cat":[1342,404],"product_tag":[],"class_list":{"0":"post-10767","1":"product","2":"type-product","3":"status-publish","4":"has-post-thumbnail","6":"product_cat-evenementiel","7":"product_cat-communication","9":"first","10":"instock","11":"taxable","12":"shipping-taxable","13":"purchasable","14":"product-type-rentable"},"_links":{"self":[{"href":"https:\/\/maxima-studios.com\/en\/wp-json\/wp\/v2\/product\/10767","targetHints":{"allow":["GET"]}}],"collection":[{"href":"https:\/\/maxima-studios.com\/en\/wp-json\/wp\/v2\/product"}],"about":[{"href":"https:\/\/maxima-studios.com\/en\/wp-json\/wp\/v2\/types\/product"}],"wp:featuredmedia":[{"embeddable":true,"href":"https:\/\/maxima-studios.com\/en\/wp-json\/wp\/v2\/media\/12262"}],"wp:attachment":[{"href":"https:\/\/maxima-studios.com\/en\/wp-json\/wp\/v2\/media?parent=10767"}],"wp:term":[{"taxonomy":"product_cat","embeddable":true,"href":"https:\/\/maxima-studios.com\/en\/wp-json\/wp\/v2\/product_cat?post=10767"},{"taxonomy":"product_tag","embeddable":true,"href":"https:\/\/maxima-studios.com\/en\/wp-json\/wp\/v2\/product_tag?post=10767"}],"curies":[{"name":"wp","href":"https:\/\/api.w.org\/{rel}","templated":true}]}}