 {"id":10762,"date":"2024-06-12T18:02:32","date_gmt":"2024-06-12T16:02:32","guid":{"rendered":"https:\/\/maxima-studios.com\/produit\/banc-regie\/"},"modified":"2026-04-13T20:12:31","modified_gmt":"2026-04-13T18:12:31","slug":"banc-regie","status":"publish","type":"product","link":"https:\/\/maxima-studios.com\/en\/product\/banc-regie\/","title":{"rendered":"BANC R\u00c9GIE"},"content":{"rendered":"<p>Bancs pliables\u00a0parfait pour le manque de places assises.<br \/>Syst\u00e8me de verrouillage pour maintenir en position ouverte.<br \/>Transport ais\u00e9s gr\u00e2ce \u00e0 une poign\u00e9e portable, \u00e9conomiser de l&#8217;espace pour\u00a0le transport et le stockage<\/p>","protected":false},"excerpt":{"rendered":"<p>Banc Pliant\u00a0<\/p>\n<p>Dimensions Mont\u00e9 : 180 x 28 x 43 cm<\/p>\n<p>Dimensions D\u00e9mont\u00e9 : 91.5 x 30 x 9cm<\/p>\n<p>Poids : 9kg<\/p>","protected":false},"featured_media":13664,"template":"","meta":[],"product_cat":[1342,406],"product_tag":[],"class_list":{"0":"post-10762","1":"product","2":"type-product","3":"status-publish","4":"has-post-thumbnail","6":"product_cat-evenementiel","7":"product_cat-tables-chaises","9":"first","10":"instock","11":"taxable","12":"shipping-taxable","13":"purchasable","14":"product-type-rentable"},"_links":{"self":[{"href":"https:\/\/maxima-studios.com\/en\/wp-json\/wp\/v2\/product\/10762","targetHints":{"allow":["GET"]}}],"collection":[{"href":"https:\/\/maxima-studios.com\/en\/wp-json\/wp\/v2\/product"}],"about":[{"href":"https:\/\/maxima-studios.com\/en\/wp-json\/wp\/v2\/types\/product"}],"wp:featuredmedia":[{"embeddable":true,"href":"https:\/\/maxima-studios.com\/en\/wp-json\/wp\/v2\/media\/13664"}],"wp:attachment":[{"href":"https:\/\/maxima-studios.com\/en\/wp-json\/wp\/v2\/media?parent=10762"}],"wp:term":[{"taxonomy":"product_cat","embeddable":true,"href":"https:\/\/maxima-studios.com\/en\/wp-json\/wp\/v2\/product_cat?post=10762"},{"taxonomy":"product_tag","embeddable":true,"href":"https:\/\/maxima-studios.com\/en\/wp-json\/wp\/v2\/product_tag?post=10762"}],"curies":[{"name":"wp","href":"https:\/\/api.w.org\/{rel}","templated":true}]}}