 {"id":10692,"date":"2024-06-12T17:07:08","date_gmt":"2024-06-12T15:07:08","guid":{"rendered":"https:\/\/maxima-studios.com\/produit\/dji-mavic-3-pro\/"},"modified":"2026-04-13T20:42:11","modified_gmt":"2026-04-13T18:42:11","slug":"dji-mavic-3-pro","status":"publish","type":"product","link":"https:\/\/maxima-studios.com\/en\/product\/dji-mavic-3-pro\/","title":{"rendered":"DJI MAVIC 3 PRO"},"content":{"rendered":"<p>The Mavic 3 Pro is a versatile drone suitable for a wide range of projects: advertising, music videos, films, and corporate productions. With a top speed of 75 km\/h, it can reliably track moving subjects such as cars, motorcycles, bicycles, boats, horses, and more.<\/p>\n<p>\u00a0<\/p>\n<p>Il int\u00e8gre un capteur CMOS 20 MP 4\/3\u201d qui permet de prendre des photos en Raw et Jpeg et d\u2019enregistrer des vid\u00e9os en 5,1K 50p, 4K 120p et FHD 200p. Le pilotage se fait avec la t\u00e9l\u00e9commande DJI RC incluse qui int\u00e8gre un \u00e9cran et l\u2019application DJI Fly.\u00a0\u00a0\u00a0\u00a0\u00a0\u00a0\u00a0\u00a0\u00a0\u00a0\u00a0\u00a0\u00a0\u00a0\u00a0\u00a0\u00a0\u00a0\u00a0\u00a0\u00a0\u00a0\u00a0\u00a0\u00a0\u00a0\u00a0\u00a0<\/p>\n<p>\u00a0\u00a0\u00a0\u00a0\u00a0\u00a0\u00a0\u00a0\u00a0\u00a0\u00a0\u00a0\u00a0\u00a0\u00a0\u00a0\u00a0\u00a0\u00a0\u00a0\u00a0\u00a0\u00a0\u00a0\u00a0\u00a0\u00a0\u00a0\u00a0\u00a0\u00a0\u00a0\u00a0\u00a0\u00a0\u00a0<\/p>\n<p>Compact et l\u00e9ger, il se transporte facilement (kit complet : 3,95 kg \/ dimensions de la housse : 40 x 27 x 15 cm)<\/p>\n<p>\u00a0<\/p>\n<p><strong>Points Forts:<\/strong><\/p>\n<ul>\n<li>Vid\u00e9o 5K D-Log 10 bit<\/li>\n<li>Autofocus avec tracking<\/li>\n<li>Autonomie de 40 minutes<\/li>\n<li>D\u00e9tection d\u2019obstacles omnidirectionnelle<br \/>\u00a0<\/li>\n<\/ul>","protected":false},"excerpt":{"rendered":"<p><strong>CAM<\/strong><\/p>\n<p>Capteur Hasselblad 4\/3\u201d 20 MP\u00a0<\/p>\n<p>Vid\u00e9o 5,1K 10 bit\u00a050p\u00a0<\/p>\n<p>4K 10 bit\u00a0120p\u00a0<\/p>\n<p>Slow Motion FHD 10 bit\u00a0200p\u00a0<\/p>\n<p>\u00a0<\/p>\n<p><strong>DRONE<\/strong><\/p>\n<p>Vitesse max : 75 km\/h<\/p>\n<p>Resistance au vent : 43 km\/h<\/p>","protected":false},"featured_media":11939,"template":"","meta":[],"product_cat":[407],"product_tag":[],"class_list":{"0":"post-10692","1":"product","2":"type-product","3":"status-publish","4":"has-post-thumbnail","6":"product_cat-drone","8":"first","9":"instock","10":"featured","11":"taxable","12":"shipping-taxable","13":"purchasable","14":"product-type-rentable"},"_links":{"self":[{"href":"https:\/\/maxima-studios.com\/en\/wp-json\/wp\/v2\/product\/10692","targetHints":{"allow":["GET"]}}],"collection":[{"href":"https:\/\/maxima-studios.com\/en\/wp-json\/wp\/v2\/product"}],"about":[{"href":"https:\/\/maxima-studios.com\/en\/wp-json\/wp\/v2\/types\/product"}],"wp:featuredmedia":[{"embeddable":true,"href":"https:\/\/maxima-studios.com\/en\/wp-json\/wp\/v2\/media\/11939"}],"wp:attachment":[{"href":"https:\/\/maxima-studios.com\/en\/wp-json\/wp\/v2\/media?parent=10692"}],"wp:term":[{"taxonomy":"product_cat","embeddable":true,"href":"https:\/\/maxima-studios.com\/en\/wp-json\/wp\/v2\/product_cat?post=10692"},{"taxonomy":"product_tag","embeddable":true,"href":"https:\/\/maxima-studios.com\/en\/wp-json\/wp\/v2\/product_tag?post=10692"}],"curies":[{"name":"wp","href":"https:\/\/api.w.org\/{rel}","templated":true}]}}