 {"id":10683,"date":"2024-06-12T17:06:00","date_gmt":"2024-06-12T15:06:00","guid":{"rendered":"https:\/\/maxima-studios.com\/produit\/avenger-junior-offset-arm-f100-swan-neck\/"},"modified":"2026-04-13T20:15:41","modified_gmt":"2026-04-13T18:15:41","slug":"col-de-cygne-avenger-f100","status":"publish","type":"product","link":"https:\/\/maxima-studios.com\/en\/product\/col-de-cygne-avenger-f100\/","title":{"rendered":"COL DE CYGNE (AVENGER F100)"},"content":{"rendered":"<p>Le Bras d\u00e9port\u00e9 Junior est un bras de cinquante centim\u00e8tres de long \u00e9quip\u00e9 \u00e0 ses extr\u00e9mit\u00e9s d\u2019un connecteur m\u00e2le 28mm (11\/8\u201d) et d\u2019un connecteur femelle 28mm (11\/8\u201d).<\/p>\n<p>Cet accessoire offre l\u2019avantage de pouvoir d\u00e9porter facilement une lumi\u00e8re de 50cm par rapport \u00e0 son pied. Il est utile lorsqu\u2019un obstacle comme un mur ou un autre \u00e9clairage g\u00eane votre installation lumi\u00e8re, ou afin de garder le pied lumi\u00e8re hors champ.<\/p>","protected":false},"excerpt":{"rendered":"<p>Bras d\u00e9port\u00e9<\/p>\n<p>Mod\u00e8le : Avenger F100<\/p>\n<p>Longueur : 50 cm<\/p>\n<p>Poids : 1,5 kg<\/p>","protected":false},"featured_media":11647,"template":"","meta":[],"product_cat":[398],"product_tag":[426,424],"class_list":{"0":"post-10683","1":"product","2":"type-product","3":"status-publish","4":"has-post-thumbnail","6":"product_cat-bijoute-lumiere-categorie-grip","7":"product_tag-spigot-de-28","8":"product_tag-avenger","10":"first","11":"instock","12":"featured","13":"taxable","14":"shipping-taxable","15":"purchasable","16":"product-type-rentable"},"_links":{"self":[{"href":"https:\/\/maxima-studios.com\/en\/wp-json\/wp\/v2\/product\/10683","targetHints":{"allow":["GET"]}}],"collection":[{"href":"https:\/\/maxima-studios.com\/en\/wp-json\/wp\/v2\/product"}],"about":[{"href":"https:\/\/maxima-studios.com\/en\/wp-json\/wp\/v2\/types\/product"}],"wp:featuredmedia":[{"embeddable":true,"href":"https:\/\/maxima-studios.com\/en\/wp-json\/wp\/v2\/media\/11647"}],"wp:attachment":[{"href":"https:\/\/maxima-studios.com\/en\/wp-json\/wp\/v2\/media?parent=10683"}],"wp:term":[{"taxonomy":"product_cat","embeddable":true,"href":"https:\/\/maxima-studios.com\/en\/wp-json\/wp\/v2\/product_cat?post=10683"},{"taxonomy":"product_tag","embeddable":true,"href":"https:\/\/maxima-studios.com\/en\/wp-json\/wp\/v2\/product_tag?post=10683"}],"curies":[{"name":"wp","href":"https:\/\/api.w.org\/{rel}","templated":true}]}}