 {"id":10682,"date":"2024-06-12T17:06:00","date_gmt":"2024-06-12T15:06:00","guid":{"rendered":"https:\/\/maxima-studios.com\/produit\/avenger-rotule-jumbo-d400\/"},"modified":"2026-04-13T20:15:39","modified_gmt":"2026-04-13T18:15:39","slug":"avenger-rotule-jumbo-d400","status":"publish","type":"product","link":"https:\/\/maxima-studios.com\/en\/product\/avenger-rotule-jumbo-d400\/","title":{"rendered":"AVENGER ROTULE JUMBO D400"},"content":{"rendered":"<p>Cet accessoire permet de convertir un pied lumi\u00e8re classique en pied lumi\u00e8re avec rotule \u00e9quip\u00e9e d\u2019un connecteur femelle 28 mm (1\u20331\/8).\u00a0<\/p>\n<p>\u00a0<\/p>\n<p>Il est g\u00e9n\u00e9ralement utilis\u00e9 pour placer un cadre de diff ou un skylite directement devant le projecteur, ce qui \u00e9vite ainsi d\u2019avoir \u00e0 installer un pied d\u00e9di\u00e9 pour supporter la diff.<\/p>","protected":false},"excerpt":{"rendered":"<p>Rotule Jumbo\u00a0Avenger D400<\/p>","protected":false},"featured_media":11643,"template":"","meta":[],"product_cat":[398],"product_tag":[426,424],"class_list":{"0":"post-10682","1":"product","2":"type-product","3":"status-publish","4":"has-post-thumbnail","6":"product_cat-bijoute-lumiere-categorie-grip","7":"product_tag-spigot-de-28","8":"product_tag-avenger","10":"first","11":"instock","12":"taxable","13":"shipping-taxable","14":"purchasable","15":"product-type-rentable"},"_links":{"self":[{"href":"https:\/\/maxima-studios.com\/en\/wp-json\/wp\/v2\/product\/10682","targetHints":{"allow":["GET"]}}],"collection":[{"href":"https:\/\/maxima-studios.com\/en\/wp-json\/wp\/v2\/product"}],"about":[{"href":"https:\/\/maxima-studios.com\/en\/wp-json\/wp\/v2\/types\/product"}],"wp:featuredmedia":[{"embeddable":true,"href":"https:\/\/maxima-studios.com\/en\/wp-json\/wp\/v2\/media\/11643"}],"wp:attachment":[{"href":"https:\/\/maxima-studios.com\/en\/wp-json\/wp\/v2\/media?parent=10682"}],"wp:term":[{"taxonomy":"product_cat","embeddable":true,"href":"https:\/\/maxima-studios.com\/en\/wp-json\/wp\/v2\/product_cat?post=10682"},{"taxonomy":"product_tag","embeddable":true,"href":"https:\/\/maxima-studios.com\/en\/wp-json\/wp\/v2\/product_tag?post=10682"}],"curies":[{"name":"wp","href":"https:\/\/api.w.org\/{rel}","templated":true}]}}