 {"id":10673,"date":"2024-06-12T17:04:26","date_gmt":"2024-06-12T15:04:26","guid":{"rendered":"https:\/\/maxima-studios.com\/produit\/manfrotto-support-de-fond\/"},"modified":"2026-04-13T20:34:20","modified_gmt":"2026-04-13T18:34:20","slug":"support-de-fond-3m","status":"publish","type":"product","link":"https:\/\/maxima-studios.com\/en\/product\/support-de-fond-3m\/","title":{"rendered":"SUPPORT DE FOND 3m"},"content":{"rendered":"<p>Ce kit support de fond Manfrotto est tr\u00e8s simple d&#8217;utilisation. Il est r\u00e9glable en hauteur et en largeur pour s&#8217;adapter facilement \u00e0 votre environnement de travail. Il est con\u00e7u pour recevoir des fonds en tissus et tous les fonds papier jusqu&#8217;\u00e0 298 cm de large et monte jusqu\u2019\u00e0 237 cm.<\/p>\n<p>\u00a0<\/p>\n<p>Pesant seulement 4,2 kg, il est facile \u00e0 transporter et peut supporter une charge jusqu\u2019\u00e0 10 kg. Une fois repli\u00e9, le kit ne mesure que 86 cm de long.<\/p>","protected":false},"excerpt":{"rendered":"<p>Hauteur Max Pied : 101 &#8211; 237 cm\u00a0<\/p>\n<p>Largeur Tringle : 112 &#8211; 298 cm\u00a0<\/p>\n<p>Poids support\u00e9 : 10kg\u00a0<\/p>","protected":false},"featured_media":13016,"template":"","meta":[],"product_cat":[400],"product_tag":[],"class_list":{"0":"post-10673","1":"product","2":"type-product","3":"status-publish","4":"has-post-thumbnail","6":"product_cat-fond-suppord-de-fond","8":"first","9":"instock","10":"taxable","11":"shipping-taxable","12":"purchasable","13":"product-type-rentable"},"_links":{"self":[{"href":"https:\/\/maxima-studios.com\/en\/wp-json\/wp\/v2\/product\/10673","targetHints":{"allow":["GET"]}}],"collection":[{"href":"https:\/\/maxima-studios.com\/en\/wp-json\/wp\/v2\/product"}],"about":[{"href":"https:\/\/maxima-studios.com\/en\/wp-json\/wp\/v2\/types\/product"}],"wp:featuredmedia":[{"embeddable":true,"href":"https:\/\/maxima-studios.com\/en\/wp-json\/wp\/v2\/media\/13016"}],"wp:attachment":[{"href":"https:\/\/maxima-studios.com\/en\/wp-json\/wp\/v2\/media?parent=10673"}],"wp:term":[{"taxonomy":"product_cat","embeddable":true,"href":"https:\/\/maxima-studios.com\/en\/wp-json\/wp\/v2\/product_cat?post=10673"},{"taxonomy":"product_tag","embeddable":true,"href":"https:\/\/maxima-studios.com\/en\/wp-json\/wp\/v2\/product_tag?post=10673"}],"curies":[{"name":"wp","href":"https:\/\/api.w.org\/{rel}","templated":true}]}}