 {"id":10664,"date":"2024-06-12T17:04:03","date_gmt":"2024-06-12T15:04:03","guid":{"rendered":"https:\/\/maxima-studios.com\/produit\/kit-bras-magique\/"},"modified":"2026-04-13T20:11:54","modified_gmt":"2026-04-13T18:11:54","slug":"kit-bras-magique","status":"publish","type":"product","link":"https:\/\/maxima-studios.com\/en\/product\/kit-bras-magique\/","title":{"rendered":"KIT BRAS MAGIQUE"},"content":{"rendered":"<p>Le Kit Bras Magique est con\u00e7u pour installer un \u00e9clairage ou un bo\u00eetier dans une grande vari\u00e9t\u00e9 de situations : au sol gr\u00e2ce \u00e0 la patte d\u2019oie ou en hauteur gr\u00e2ce au Super Clamp.<\/p>\n<p>La barrette sert \u00e0 fixer le bo\u00eetier via son pas de vis Kodak, l\u2019embout de 16mm du bras magique permet d\u2019installer un \u00e9clairage n\u2019exc\u00e9dant pas 3kg.<\/p>","protected":false},"excerpt":{"rendered":"<p>Kit comprenant un bras magique, un Super Clamp, une barrette et une patte d\u2019oie.<\/p>","protected":false},"featured_media":12412,"template":"","meta":[],"product_cat":[398],"product_tag":[425],"class_list":{"0":"post-10664","1":"product","2":"type-product","3":"status-publish","4":"has-post-thumbnail","6":"product_cat-bijoute-lumiere-categorie-grip","7":"product_tag-manfrotto","9":"first","10":"instock","11":"taxable","12":"shipping-taxable","13":"purchasable","14":"product-type-rentable"},"_links":{"self":[{"href":"https:\/\/maxima-studios.com\/en\/wp-json\/wp\/v2\/product\/10664","targetHints":{"allow":["GET"]}}],"collection":[{"href":"https:\/\/maxima-studios.com\/en\/wp-json\/wp\/v2\/product"}],"about":[{"href":"https:\/\/maxima-studios.com\/en\/wp-json\/wp\/v2\/types\/product"}],"wp:featuredmedia":[{"embeddable":true,"href":"https:\/\/maxima-studios.com\/en\/wp-json\/wp\/v2\/media\/12412"}],"wp:attachment":[{"href":"https:\/\/maxima-studios.com\/en\/wp-json\/wp\/v2\/media?parent=10664"}],"wp:term":[{"taxonomy":"product_cat","embeddable":true,"href":"https:\/\/maxima-studios.com\/en\/wp-json\/wp\/v2\/product_cat?post=10664"},{"taxonomy":"product_tag","embeddable":true,"href":"https:\/\/maxima-studios.com\/en\/wp-json\/wp\/v2\/product_tag?post=10664"}],"curies":[{"name":"wp","href":"https:\/\/api.w.org\/{rel}","templated":true}]}}