 {"id":10661,"date":"2024-06-12T17:04:02","date_gmt":"2024-06-12T15:04:02","guid":{"rendered":"https:\/\/maxima-studios.com\/produit\/bras-magique\/"},"modified":"2026-04-13T20:36:18","modified_gmt":"2026-04-13T18:36:18","slug":"bras-magique","status":"publish","type":"product","link":"https:\/\/maxima-studios.com\/en\/product\/bras-magique\/","title":{"rendered":"BRAS MAGIQUE"},"content":{"rendered":"<p>Bras magique qui supporte jusqu\u2019\u00e0 3 kg, \u00e9quip\u00e9 de deux embouts m\u00e2les 16mm pour relier n\u2019importe quel accessoire compatible.<\/p>\n<p>\u00a0<\/p>\n<p>Le bras magique est un outil indispensable, utile dans une multitude de situations. Fourni seul, pensez \u00e0 demander un super clamp si besoin<\/p>","protected":false},"excerpt":{"rendered":"<p>Bras articul\u00e9 de 53cm avec embout 16mm 5\/8&#8243;<\/p>","protected":false},"featured_media":11928,"template":"","meta":[],"product_cat":[398],"product_tag":[425],"class_list":{"0":"post-10661","1":"product","2":"type-product","3":"status-publish","4":"has-post-thumbnail","6":"product_cat-bijoute-lumiere-categorie-grip","7":"product_tag-manfrotto","9":"first","10":"instock","11":"taxable","12":"shipping-taxable","13":"purchasable","14":"product-type-rentable"},"_links":{"self":[{"href":"https:\/\/maxima-studios.com\/en\/wp-json\/wp\/v2\/product\/10661","targetHints":{"allow":["GET"]}}],"collection":[{"href":"https:\/\/maxima-studios.com\/en\/wp-json\/wp\/v2\/product"}],"about":[{"href":"https:\/\/maxima-studios.com\/en\/wp-json\/wp\/v2\/types\/product"}],"wp:featuredmedia":[{"embeddable":true,"href":"https:\/\/maxima-studios.com\/en\/wp-json\/wp\/v2\/media\/11928"}],"wp:attachment":[{"href":"https:\/\/maxima-studios.com\/en\/wp-json\/wp\/v2\/media?parent=10661"}],"wp:term":[{"taxonomy":"product_cat","embeddable":true,"href":"https:\/\/maxima-studios.com\/en\/wp-json\/wp\/v2\/product_cat?post=10661"},{"taxonomy":"product_tag","embeddable":true,"href":"https:\/\/maxima-studios.com\/en\/wp-json\/wp\/v2\/product_tag?post=10661"}],"curies":[{"name":"wp","href":"https:\/\/api.w.org\/{rel}","templated":true}]}}