 {"id":10659,"date":"2024-06-12T17:04:00","date_gmt":"2024-06-12T15:04:00","guid":{"rendered":"https:\/\/maxima-studios.com\/produit\/super-clamp\/"},"modified":"2026-04-13T20:11:50","modified_gmt":"2026-04-13T18:11:50","slug":"super-clamp","status":"publish","type":"product","link":"https:\/\/maxima-studios.com\/en\/product\/super-clamp\/","title":{"rendered":"SUPER CLAMP"},"content":{"rendered":"<p>Le Super Clamp peut supporter une charge utile de 15 kg et s\u2019ouvre de 13 \u00e0 55 mm. Il peut \u00eatre fix\u00e9 facilement sur des surfaces plane ou cylindriques gr\u00e2ce \u00e0 sa m\u00e2choire \u00e0 verrouillage rapide.<\/p>\n<p>\u00a0<\/p>\n<p>Il dispose d\u2019un emplacement pour spigot de 16 afin de pouvoir y relier n\u2019importe quel grip compatible, comme un bras magique par exemple.<\/p>","protected":false},"excerpt":{"rendered":"<p>Clamp avec emplacement pour spigot de 16mm<\/p>","protected":false},"featured_media":12438,"template":"","meta":[],"product_cat":[398],"product_tag":[],"class_list":{"0":"post-10659","1":"product","2":"type-product","3":"status-publish","4":"has-post-thumbnail","6":"product_cat-bijoute-lumiere-categorie-grip","8":"first","9":"instock","10":"taxable","11":"shipping-taxable","12":"purchasable","13":"product-type-rentable"},"_links":{"self":[{"href":"https:\/\/maxima-studios.com\/en\/wp-json\/wp\/v2\/product\/10659","targetHints":{"allow":["GET"]}}],"collection":[{"href":"https:\/\/maxima-studios.com\/en\/wp-json\/wp\/v2\/product"}],"about":[{"href":"https:\/\/maxima-studios.com\/en\/wp-json\/wp\/v2\/types\/product"}],"wp:featuredmedia":[{"embeddable":true,"href":"https:\/\/maxima-studios.com\/en\/wp-json\/wp\/v2\/media\/12438"}],"wp:attachment":[{"href":"https:\/\/maxima-studios.com\/en\/wp-json\/wp\/v2\/media?parent=10659"}],"wp:term":[{"taxonomy":"product_cat","embeddable":true,"href":"https:\/\/maxima-studios.com\/en\/wp-json\/wp\/v2\/product_cat?post=10659"},{"taxonomy":"product_tag","embeddable":true,"href":"https:\/\/maxima-studios.com\/en\/wp-json\/wp\/v2\/product_tag?post=10659"}],"curies":[{"name":"wp","href":"https:\/\/api.w.org\/{rel}","templated":true}]}}