 {"id":10657,"date":"2024-06-12T17:03:59","date_gmt":"2024-06-12T15:03:59","guid":{"rendered":"https:\/\/maxima-studios.com\/produit\/bras-de-deport-100cm\/"},"modified":"2026-04-13T20:40:33","modified_gmt":"2026-04-13T18:40:33","slug":"bras-de-deport-100cm","status":"publish","type":"product","link":"https:\/\/maxima-studios.com\/en\/product\/bras-de-deport-100cm\/","title":{"rendered":"BRAS DE D\u00c9PORT 100cm"},"content":{"rendered":"<p>Le bras de d\u00e9port avenger D520 est une tige en aluminium de 1,6mm de diam\u00e8tre et de 102 centim\u00e8tres de long avec rotule int\u00e9gr\u00e9e \u00e0 l&#8217;une de ses extr\u00e9mit\u00e9s.<\/p>\n<p>\u00a0<\/p>\n<p>Combin\u00e9 avec une rotule Avenger D200, le bras de d\u00e9port est utilis\u00e9 pour tenir et orienter toutes sortes d\u2019accessoires comme des drapeaux ou des r\u00e9flecteurs par exemple.<\/p>","protected":false},"excerpt":{"rendered":"<p>Bras de d\u00e9port Avenger D520<\/p>\n<p>Longueur : 100cm<\/p>\n<p>Poids : 1,1 kg<\/p>","protected":false},"featured_media":11922,"template":"","meta":[],"product_cat":[398],"product_tag":[424],"class_list":{"0":"post-10657","1":"product","2":"type-product","3":"status-publish","4":"has-post-thumbnail","6":"product_cat-bijoute-lumiere-categorie-grip","7":"product_tag-avenger","9":"first","10":"instock","11":"taxable","12":"shipping-taxable","13":"purchasable","14":"product-type-rentable"},"_links":{"self":[{"href":"https:\/\/maxima-studios.com\/en\/wp-json\/wp\/v2\/product\/10657","targetHints":{"allow":["GET"]}}],"collection":[{"href":"https:\/\/maxima-studios.com\/en\/wp-json\/wp\/v2\/product"}],"about":[{"href":"https:\/\/maxima-studios.com\/en\/wp-json\/wp\/v2\/types\/product"}],"wp:featuredmedia":[{"embeddable":true,"href":"https:\/\/maxima-studios.com\/en\/wp-json\/wp\/v2\/media\/11922"}],"wp:attachment":[{"href":"https:\/\/maxima-studios.com\/en\/wp-json\/wp\/v2\/media?parent=10657"}],"wp:term":[{"taxonomy":"product_cat","embeddable":true,"href":"https:\/\/maxima-studios.com\/en\/wp-json\/wp\/v2\/product_cat?post=10657"},{"taxonomy":"product_tag","embeddable":true,"href":"https:\/\/maxima-studios.com\/en\/wp-json\/wp\/v2\/product_tag?post=10657"}],"curies":[{"name":"wp","href":"https:\/\/api.w.org\/{rel}","templated":true}]}}