 {"id":10656,"date":"2024-06-12T17:03:58","date_gmt":"2024-06-12T15:03:58","guid":{"rendered":"https:\/\/maxima-studios.com\/produit\/bras-de-deport-50cm\/"},"modified":"2026-04-13T20:11:47","modified_gmt":"2026-04-13T18:11:47","slug":"bras-de-deport-50cm","status":"publish","type":"product","link":"https:\/\/maxima-studios.com\/en\/product\/bras-de-deport-50cm\/","title":{"rendered":"BRAS DE D\u00c9PORT 50cm"},"content":{"rendered":"<p>Le bras de d\u00e9port avenger D500 est une tige en aluminium de 16mm de diam\u00e8tre et de 51cm de long avec rotule int\u00e9gr\u00e9e \u00e0 l&#8217;une de ses extr\u00e9mit\u00e9s.<\/p>\n<p>\u00a0<\/p>\n<p>Combin\u00e9 avec une rotule Avenger D200, le bras de d\u00e9port est utilis\u00e9 pour tenir et orienter toutes sortes d\u2019accessoires comme des drapeaux ou des r\u00e9flecteurs par exemple.<\/p>","protected":false},"excerpt":{"rendered":"<p>Bras de d\u00e9port Avenger D500<\/p>\n<p>Longueur : 50cm<\/p>\n<p>Poids : 830\u00a0kg<\/p>","protected":false},"featured_media":11918,"template":"","meta":[],"product_cat":[398],"product_tag":[424],"class_list":{"0":"post-10656","1":"product","2":"type-product","3":"status-publish","4":"has-post-thumbnail","6":"product_cat-bijoute-lumiere-categorie-grip","7":"product_tag-avenger","9":"first","10":"instock","11":"taxable","12":"shipping-taxable","13":"purchasable","14":"product-type-rentable"},"_links":{"self":[{"href":"https:\/\/maxima-studios.com\/en\/wp-json\/wp\/v2\/product\/10656","targetHints":{"allow":["GET"]}}],"collection":[{"href":"https:\/\/maxima-studios.com\/en\/wp-json\/wp\/v2\/product"}],"about":[{"href":"https:\/\/maxima-studios.com\/en\/wp-json\/wp\/v2\/types\/product"}],"wp:featuredmedia":[{"embeddable":true,"href":"https:\/\/maxima-studios.com\/en\/wp-json\/wp\/v2\/media\/11918"}],"wp:attachment":[{"href":"https:\/\/maxima-studios.com\/en\/wp-json\/wp\/v2\/media?parent=10656"}],"wp:term":[{"taxonomy":"product_cat","embeddable":true,"href":"https:\/\/maxima-studios.com\/en\/wp-json\/wp\/v2\/product_cat?post=10656"},{"taxonomy":"product_tag","embeddable":true,"href":"https:\/\/maxima-studios.com\/en\/wp-json\/wp\/v2\/product_tag?post=10656"}],"curies":[{"name":"wp","href":"https:\/\/api.w.org\/{rel}","templated":true}]}}