 {"id":10654,"date":"2024-06-12T17:03:57","date_gmt":"2024-06-12T15:03:57","guid":{"rendered":"https:\/\/maxima-studios.com\/produit\/pince-croco-m\/"},"modified":"2026-04-13T20:11:44","modified_gmt":"2026-04-13T18:11:44","slug":"pince-croco-m","status":"publish","type":"product","link":"https:\/\/maxima-studios.com\/en\/product\/pince-croco-m\/","title":{"rendered":"PINCE CROCO M"},"content":{"rendered":"<p>Cette pince \u00e0 ressort est \u00e9quip\u00e9e d\u2019un connecteur femelle 16mm (5\/8&#8221;) et d\u2019un pas de vis femelle 3\/8&#8221;.\u00a0<\/p>\n<p>\u00a0<\/p>\n<p>Compatible avec les tubes d\u2019un diam\u00e8tre allant de 5 \u00e0 40 mm, elle sert \u00e0 maintenir des fonds de studio, des diffs ou des g\u00e9latines. Avec son connecteur 16mm, elle peut \u00e9galement s\u2019installer sur un pied lumi\u00e8re pour maintenir un r\u00e9flecteur de taille standard.<\/p>","protected":false},"excerpt":{"rendered":"<p>Pince \u00e0 ressort avec connecteur femelle 16mm<\/p>","protected":false},"featured_media":12998,"template":"","meta":[],"product_cat":[398],"product_tag":[],"class_list":{"0":"post-10654","1":"product","2":"type-product","3":"status-publish","4":"has-post-thumbnail","6":"product_cat-bijoute-lumiere-categorie-grip","8":"first","9":"instock","10":"taxable","11":"shipping-taxable","12":"purchasable","13":"product-type-rentable"},"_links":{"self":[{"href":"https:\/\/maxima-studios.com\/en\/wp-json\/wp\/v2\/product\/10654","targetHints":{"allow":["GET"]}}],"collection":[{"href":"https:\/\/maxima-studios.com\/en\/wp-json\/wp\/v2\/product"}],"about":[{"href":"https:\/\/maxima-studios.com\/en\/wp-json\/wp\/v2\/types\/product"}],"wp:featuredmedia":[{"embeddable":true,"href":"https:\/\/maxima-studios.com\/en\/wp-json\/wp\/v2\/media\/12998"}],"wp:attachment":[{"href":"https:\/\/maxima-studios.com\/en\/wp-json\/wp\/v2\/media?parent=10654"}],"wp:term":[{"taxonomy":"product_cat","embeddable":true,"href":"https:\/\/maxima-studios.com\/en\/wp-json\/wp\/v2\/product_cat?post=10654"},{"taxonomy":"product_tag","embeddable":true,"href":"https:\/\/maxima-studios.com\/en\/wp-json\/wp\/v2\/product_tag?post=10654"}],"curies":[{"name":"wp","href":"https:\/\/api.w.org\/{rel}","templated":true}]}}