 {"id":10653,"date":"2024-06-12T17:03:56","date_gmt":"2024-06-12T15:03:56","guid":{"rendered":"https:\/\/maxima-studios.com\/produit\/nano-clamp\/"},"modified":"2026-04-13T20:11:43","modified_gmt":"2026-04-13T18:11:43","slug":"nano-clamp","status":"publish","type":"product","link":"https:\/\/maxima-studios.com\/en\/product\/nano-clamp\/","title":{"rendered":"NANO CLAMP"},"content":{"rendered":"<p>Ce mini clamp\u00a0supporte\u00a0jusqu\u2019\u00e0 1,5kg de charge utile avec un\u00a0diam\u00e8tre d&#8217;ouverture ajsutable de 15 \u00e0\u00a040 mm.\u00a0<\/p>\n<p>\u00a0<\/p>\n<p>Il se fixe\u00a0facilement sur des surfaces plane ou cylindriques gr\u00e2ce \u00e0 sa m\u00e2choire \u00e0 verrouillage rapide et\u00a0dispose d\u2019un pas de vis Kodak 1\/4&#8243; et Congr\u00e8s 3\/8&#8243; afin de pouvoir y relier n\u2019importe quel grip compatible, comme un mini bras magique par exemple.<\/p>","protected":false},"excerpt":{"rendered":"<p>Mini Clamp avec pas de vis Kodak 1\/4&#8243; et 3\/8&#8243;<\/p>\n<p>Compatible mini bras magique<\/p>","protected":false},"featured_media":12995,"template":"","meta":[],"product_cat":[399],"product_tag":[],"class_list":{"0":"post-10653","1":"product","2":"type-product","3":"status-publish","4":"has-post-thumbnail","6":"product_cat-bijoute-camera-categorie-grip","8":"first","9":"instock","10":"taxable","11":"shipping-taxable","12":"purchasable","13":"product-type-rentable"},"_links":{"self":[{"href":"https:\/\/maxima-studios.com\/en\/wp-json\/wp\/v2\/product\/10653","targetHints":{"allow":["GET"]}}],"collection":[{"href":"https:\/\/maxima-studios.com\/en\/wp-json\/wp\/v2\/product"}],"about":[{"href":"https:\/\/maxima-studios.com\/en\/wp-json\/wp\/v2\/types\/product"}],"wp:featuredmedia":[{"embeddable":true,"href":"https:\/\/maxima-studios.com\/en\/wp-json\/wp\/v2\/media\/12995"}],"wp:attachment":[{"href":"https:\/\/maxima-studios.com\/en\/wp-json\/wp\/v2\/media?parent=10653"}],"wp:term":[{"taxonomy":"product_cat","embeddable":true,"href":"https:\/\/maxima-studios.com\/en\/wp-json\/wp\/v2\/product_cat?post=10653"},{"taxonomy":"product_tag","embeddable":true,"href":"https:\/\/maxima-studios.com\/en\/wp-json\/wp\/v2\/product_tag?post=10653"}],"curies":[{"name":"wp","href":"https:\/\/api.w.org\/{rel}","templated":true}]}}