 {"id":10641,"date":"2024-06-12T17:03:35","date_gmt":"2024-06-12T15:03:35","guid":{"rendered":"https:\/\/maxima-studios.com\/produit\/petit-bras-magique\/"},"modified":"2026-04-13T20:40:30","modified_gmt":"2026-04-13T18:40:30","slug":"petit-bras-magique","status":"publish","type":"product","link":"https:\/\/maxima-studios.com\/en\/product\/petit-bras-magique\/","title":{"rendered":"PETIT BRAS MAGIQUE"},"content":{"rendered":"<p>Petit bras magique qui mesure 25cm et est dot\u00e9 de deux vis Kodak 1\/4&#8243; \u00e0 ses extr\u00e9mit\u00e9s.<\/p>\n<p>\u00a0<\/p>\n<p>Il permet de fixer un moniteur 5\u201d, un transmetteur HF ou tout type d\u2019accessoire de moins de 1,5kg \u00e0 une cam\u00e9ra.<\/p>","protected":false},"excerpt":{"rendered":"<p>Petit bras articul\u00e9 de 25 cm\u00a0avec vis Kodak 1\/4&#8243;<\/p>","protected":false},"featured_media":12990,"template":"","meta":[],"product_cat":[399],"product_tag":[],"class_list":{"0":"post-10641","1":"product","2":"type-product","3":"status-publish","4":"has-post-thumbnail","6":"product_cat-bijoute-camera-categorie-grip","8":"first","9":"instock","10":"taxable","11":"shipping-taxable","12":"purchasable","13":"product-type-rentable"},"_links":{"self":[{"href":"https:\/\/maxima-studios.com\/en\/wp-json\/wp\/v2\/product\/10641","targetHints":{"allow":["GET"]}}],"collection":[{"href":"https:\/\/maxima-studios.com\/en\/wp-json\/wp\/v2\/product"}],"about":[{"href":"https:\/\/maxima-studios.com\/en\/wp-json\/wp\/v2\/types\/product"}],"wp:featuredmedia":[{"embeddable":true,"href":"https:\/\/maxima-studios.com\/en\/wp-json\/wp\/v2\/media\/12990"}],"wp:attachment":[{"href":"https:\/\/maxima-studios.com\/en\/wp-json\/wp\/v2\/media?parent=10641"}],"wp:term":[{"taxonomy":"product_cat","embeddable":true,"href":"https:\/\/maxima-studios.com\/en\/wp-json\/wp\/v2\/product_cat?post=10641"},{"taxonomy":"product_tag","embeddable":true,"href":"https:\/\/maxima-studios.com\/en\/wp-json\/wp\/v2\/product_tag?post=10641"}],"curies":[{"name":"wp","href":"https:\/\/api.w.org\/{rel}","templated":true}]}}