 {"id":10639,"date":"2024-06-12T17:03:18","date_gmt":"2024-06-12T15:03:18","guid":{"rendered":"https:\/\/maxima-studios.com\/produit\/kit-avenger-boom-d600-avenger-35\/"},"modified":"2026-04-13T20:10:35","modified_gmt":"2026-04-13T18:10:35","slug":"boom-d600-pied-de-mille","status":"publish","type":"product","link":"https:\/\/maxima-studios.com\/en\/product\/boom-d600-pied-de-mille\/","title":{"rendered":"BOOM D600 + PIED DE MILLE"},"content":{"rendered":"<p>Le Boom Avenger D600 est \u00e9quip\u00e9 d\u2019un spigot de 16mm (5\/8&#8243;).<\/p>\n<p>\u00a0<\/p>\n<p>Il est utilis\u00e9 pour simuler des \u00e9clairages qui proviennent du plafond (top light), avec un \u00e9clairage l\u00e9ger type Nanlite Mixpanel 60 ou Cineroid.<\/p>\n<p>Le boom s\u2019installe sur un pied lumi\u00e8re avec spigot de 16 mm (5\/8&#8243;) comme un pied de 1000.<\/p>","protected":false},"excerpt":{"rendered":"<p>Kit d\u00e9port lumi\u00e8re<\/p>\n<p>Longueur boom : 117 &#8211;\u00a0212 cm<\/p>\n<p>Poids support\u00e9 max pli\u00e9 : 30\u00a0kg<\/p>\n<p>Poids support\u00e9 max d\u00e9pli\u00e9 : 7\u00a0kg<\/p>","protected":false},"featured_media":11619,"template":"","meta":[],"product_cat":[397],"product_tag":[424],"class_list":{"0":"post-10639","1":"product","2":"type-product","3":"status-publish","4":"has-post-thumbnail","6":"product_cat-boom-girafe","7":"product_tag-avenger","9":"first","10":"instock","11":"taxable","12":"shipping-taxable","13":"purchasable","14":"product-type-rentable"},"_links":{"self":[{"href":"https:\/\/maxima-studios.com\/en\/wp-json\/wp\/v2\/product\/10639","targetHints":{"allow":["GET"]}}],"collection":[{"href":"https:\/\/maxima-studios.com\/en\/wp-json\/wp\/v2\/product"}],"about":[{"href":"https:\/\/maxima-studios.com\/en\/wp-json\/wp\/v2\/types\/product"}],"wp:featuredmedia":[{"embeddable":true,"href":"https:\/\/maxima-studios.com\/en\/wp-json\/wp\/v2\/media\/11619"}],"wp:attachment":[{"href":"https:\/\/maxima-studios.com\/en\/wp-json\/wp\/v2\/media?parent=10639"}],"wp:term":[{"taxonomy":"product_cat","embeddable":true,"href":"https:\/\/maxima-studios.com\/en\/wp-json\/wp\/v2\/product_cat?post=10639"},{"taxonomy":"product_tag","embeddable":true,"href":"https:\/\/maxima-studios.com\/en\/wp-json\/wp\/v2\/product_tag?post=10639"}],"curies":[{"name":"wp","href":"https:\/\/api.w.org\/{rel}","templated":true}]}}