 {"id":10636,"date":"2024-06-12T17:03:06","date_gmt":"2024-06-12T15:03:06","guid":{"rendered":"https:\/\/maxima-studios.com\/produit\/mini-boom-contrepoids-2-kg\/"},"modified":"2026-04-13T20:10:30","modified_gmt":"2026-04-13T18:10:30","slug":"mini-boom","status":"publish","type":"product","link":"https:\/\/maxima-studios.com\/en\/product\/mini-boom\/","title":{"rendered":"MINI BOOM"},"content":{"rendered":"<p>Ce mini boom est \u00e9quip\u00e9 d\u2019un spigot de 16mm (5\/8&#8243;).<\/p>\n<p>\u00a0<\/p>\n<p>Il convient pour d\u00e9porter des panneaux led l\u00e9gers type Cineroid ou Fomex FL600. Il peut \u00e9galement \u00eatre utilis\u00e9 pour supporter des micros canon gr\u00e2ce \u00e0 un support micro qui se fixe au bout du mini boom.<\/p>","protected":false},"excerpt":{"rendered":"<p>D\u00e9port lumi\u00e8re<\/p>\n<p>Longueur : entre 70 et 183 cm<\/p>\n<p>Poids support\u00e9 : entre 2 et 5 kg<\/p>","protected":false},"featured_media":11607,"template":"","meta":[],"product_cat":[397],"product_tag":[],"class_list":{"0":"post-10636","1":"product","2":"type-product","3":"status-publish","4":"has-post-thumbnail","6":"product_cat-boom-girafe","8":"first","9":"instock","10":"taxable","11":"shipping-taxable","12":"purchasable","13":"product-type-rentable"},"_links":{"self":[{"href":"https:\/\/maxima-studios.com\/en\/wp-json\/wp\/v2\/product\/10636","targetHints":{"allow":["GET"]}}],"collection":[{"href":"https:\/\/maxima-studios.com\/en\/wp-json\/wp\/v2\/product"}],"about":[{"href":"https:\/\/maxima-studios.com\/en\/wp-json\/wp\/v2\/types\/product"}],"wp:featuredmedia":[{"embeddable":true,"href":"https:\/\/maxima-studios.com\/en\/wp-json\/wp\/v2\/media\/11607"}],"wp:attachment":[{"href":"https:\/\/maxima-studios.com\/en\/wp-json\/wp\/v2\/media?parent=10636"}],"wp:term":[{"taxonomy":"product_cat","embeddable":true,"href":"https:\/\/maxima-studios.com\/en\/wp-json\/wp\/v2\/product_cat?post=10636"},{"taxonomy":"product_tag","embeddable":true,"href":"https:\/\/maxima-studios.com\/en\/wp-json\/wp\/v2\/product_tag?post=10636"}],"curies":[{"name":"wp","href":"https:\/\/api.w.org\/{rel}","templated":true}]}}