 {"id":10635,"date":"2024-06-12T17:03:05","date_gmt":"2024-06-12T15:03:05","guid":{"rendered":"https:\/\/maxima-studios.com\/produit\/avenger-boom-d600-contrepoids-4-kg\/"},"modified":"2026-04-13T20:10:28","modified_gmt":"2026-04-13T18:10:28","slug":"avenger-boom-d600","status":"publish","type":"product","link":"https:\/\/maxima-studios.com\/en\/product\/avenger-boom-d600\/","title":{"rendered":"AVENGER BOOM D600"},"content":{"rendered":"<p>Le Boom Avenger D600 est \u00e9quip\u00e9 d\u2019un spigot de 16mm (5\/8&#8243;).<\/p>\n<p>\u00a0<\/p>\n<p>Il est utilis\u00e9 pour simuler des \u00e9clairages qui proviennent du plafond (top light), avec un \u00e9clairage l\u00e9ger type Nanlite Mixpanel 60 ou Cineroid.<\/p>\n<p>\u00a0<\/p>\n<p>Le boom s\u2019installe sur un pied lumi\u00e8re avec spigot de 16 mm (5\/8&#8243;) comme un pied de 1000. Le kit complet avec pied lumi\u00e8re est disponible \u00e0 la location \u00e9galement.<\/p>","protected":false},"excerpt":{"rendered":"<p>Boom\/Girafe D\u00e9port lumi\u00e8re<\/p>\n<p>Longueur : 117 &#8211; 212 cm<\/p>\n<p>Poids support\u00e9 : 7 &#8211; 30 kg<\/p>","protected":false},"featured_media":11601,"template":"","meta":[],"product_cat":[397],"product_tag":[423,424],"class_list":{"0":"post-10635","1":"product","2":"type-product","3":"status-publish","4":"has-post-thumbnail","6":"product_cat-boom-girafe","7":"product_tag-spigot-de-16","8":"product_tag-avenger","10":"first","11":"instock","12":"taxable","13":"shipping-taxable","14":"purchasable","15":"product-type-rentable"},"_links":{"self":[{"href":"https:\/\/maxima-studios.com\/en\/wp-json\/wp\/v2\/product\/10635","targetHints":{"allow":["GET"]}}],"collection":[{"href":"https:\/\/maxima-studios.com\/en\/wp-json\/wp\/v2\/product"}],"about":[{"href":"https:\/\/maxima-studios.com\/en\/wp-json\/wp\/v2\/types\/product"}],"wp:featuredmedia":[{"embeddable":true,"href":"https:\/\/maxima-studios.com\/en\/wp-json\/wp\/v2\/media\/11601"}],"wp:attachment":[{"href":"https:\/\/maxima-studios.com\/en\/wp-json\/wp\/v2\/media?parent=10635"}],"wp:term":[{"taxonomy":"product_cat","embeddable":true,"href":"https:\/\/maxima-studios.com\/en\/wp-json\/wp\/v2\/product_cat?post=10635"},{"taxonomy":"product_tag","embeddable":true,"href":"https:\/\/maxima-studios.com\/en\/wp-json\/wp\/v2\/product_tag?post=10635"}],"curies":[{"name":"wp","href":"https:\/\/api.w.org\/{rel}","templated":true}]}}