 {"id":10634,"date":"2024-06-12T17:03:04","date_gmt":"2024-06-12T15:03:04","guid":{"rendered":"https:\/\/maxima-studios.com\/produit\/avenger-super-boom-d650-balle-de-tennis\/"},"modified":"2026-04-13T20:10:27","modified_gmt":"2026-04-13T18:10:27","slug":"avenger-super-boom-d650","status":"publish","type":"product","link":"https:\/\/maxima-studios.com\/en\/product\/avenger-super-boom-d650\/","title":{"rendered":"AVENGER SUPER BOOM D650"},"content":{"rendered":"<p>Le Boom Avenger D650 est \u00e9quip\u00e9 d\u2019un connecteur femelle 28mm (1\u201d1\/8) ainsi que d\u2019un spigot de 16 (5\/8&#8243;) r\u00e9tractable.\u00a0<\/p>\n<p>Il est souvent utilis\u00e9 pour simuler des \u00e9clairages qui proviennent du plafond (top light), avec un COB 600 et une Lantern Aputure 90 par exemple.\u00a0<\/p>\n<p>Le boom s\u2019installe sur un pied lumi\u00e8re avec connecteur femelle 28mm (1\u201d1\/8) comme un Windup par exemple. Le kit complet avec pied lumi\u00e8re, contrepoids et \u00e9lingue est disponible \u00e0 la location \u00e9galement.<\/p>","protected":false},"excerpt":{"rendered":"<p>Mega Boom<\/p>\n<p>Syst\u00e8me de D\u00e9port<\/p>\n<p>Longueur : 163-300 cm<\/p>\n<p>Poids support\u00e9 : 10 &#8211;\u00a040 kg<\/p>","protected":false},"featured_media":11597,"template":"","meta":[],"product_cat":[397],"product_tag":[426,424],"class_list":{"0":"post-10634","1":"product","2":"type-product","3":"status-publish","4":"has-post-thumbnail","6":"product_cat-boom-girafe","7":"product_tag-spigot-de-28","8":"product_tag-avenger","10":"first","11":"instock","12":"taxable","13":"shipping-taxable","14":"purchasable","15":"product-type-rentable"},"_links":{"self":[{"href":"https:\/\/maxima-studios.com\/en\/wp-json\/wp\/v2\/product\/10634","targetHints":{"allow":["GET"]}}],"collection":[{"href":"https:\/\/maxima-studios.com\/en\/wp-json\/wp\/v2\/product"}],"about":[{"href":"https:\/\/maxima-studios.com\/en\/wp-json\/wp\/v2\/types\/product"}],"wp:featuredmedia":[{"embeddable":true,"href":"https:\/\/maxima-studios.com\/en\/wp-json\/wp\/v2\/media\/11597"}],"wp:attachment":[{"href":"https:\/\/maxima-studios.com\/en\/wp-json\/wp\/v2\/media?parent=10634"}],"wp:term":[{"taxonomy":"product_cat","embeddable":true,"href":"https:\/\/maxima-studios.com\/en\/wp-json\/wp\/v2\/product_cat?post=10634"},{"taxonomy":"product_tag","embeddable":true,"href":"https:\/\/maxima-studios.com\/en\/wp-json\/wp\/v2\/product_tag?post=10634"}],"curies":[{"name":"wp","href":"https:\/\/api.w.org\/{rel}","templated":true}]}}