 {"id":10629,"date":"2024-06-12T17:02:55","date_gmt":"2024-06-12T15:02:55","guid":{"rendered":"https:\/\/maxima-studios.com\/produit\/avenger-pied-30-a0030b\/"},"modified":"2026-04-13T20:42:12","modified_gmt":"2026-04-13T18:42:12","slug":"pied-de-mille","status":"publish","type":"product","link":"https:\/\/maxima-studios.com\/en\/product\/pied-de-mille\/","title":{"rendered":"PIED DE MILLE"},"content":{"rendered":"<p>Ce pied lumi\u00e8re Avenger A0030B, commun\u00e9ment appel\u00e9 \u201cpied de 1000\u201d,\u00a0 est un pied en acier capable de supporter jusqu\u2019\u00e0 9 kg de charge et de monter jusqu\u2019\u00e0 une hauteur de 300 cm.\u00a0<\/p>\n<p>\u00a0<\/p>\n<p>Avec son spigot de 16 (5\/8&#8243;), il convient parfaitement \u00e0 n\u2019importe quel \u00e9clairage l\u00e9ger et moyen, type Mixpanel 60 ou COB 300.\u00a0\u00a0<\/p>\n<p>\u00a0<\/p>\n<p>Son int\u00e9r\u00eat r\u00e9side dans sa robustesse, son poids relativement l\u00e9ger et sa hauteur de 112 cm une fois pli\u00e9 qui facilite le rangement. La jambe de mise \u00e0 niveau permet d\u2019installer le pied en pr\u00e9sence d\u2019un sol irr\u00e9gulier.<\/p>","protected":false},"excerpt":{"rendered":"<p>Pied Lumi\u00e8re<\/p>\n<p>Mod\u00e8le : Avenger 1000<\/p>\n<p>Poids support\u00e9 : 3-9 kg<\/p>\n<p>Hauteur max : 3 m<\/p>","protected":false},"featured_media":10856,"template":"","meta":[],"product_cat":[396],"product_tag":[423,424],"class_list":{"0":"post-10629","1":"product","2":"type-product","3":"status-publish","4":"has-post-thumbnail","6":"product_cat-pieds-lumiere","7":"product_tag-spigot-de-16","8":"product_tag-avenger","10":"first","11":"instock","12":"taxable","13":"shipping-taxable","14":"purchasable","15":"product-type-rentable"},"_links":{"self":[{"href":"https:\/\/maxima-studios.com\/en\/wp-json\/wp\/v2\/product\/10629","targetHints":{"allow":["GET"]}}],"collection":[{"href":"https:\/\/maxima-studios.com\/en\/wp-json\/wp\/v2\/product"}],"about":[{"href":"https:\/\/maxima-studios.com\/en\/wp-json\/wp\/v2\/types\/product"}],"wp:featuredmedia":[{"embeddable":true,"href":"https:\/\/maxima-studios.com\/en\/wp-json\/wp\/v2\/media\/10856"}],"wp:attachment":[{"href":"https:\/\/maxima-studios.com\/en\/wp-json\/wp\/v2\/media?parent=10629"}],"wp:term":[{"taxonomy":"product_cat","embeddable":true,"href":"https:\/\/maxima-studios.com\/en\/wp-json\/wp\/v2\/product_cat?post=10629"},{"taxonomy":"product_tag","embeddable":true,"href":"https:\/\/maxima-studios.com\/en\/wp-json\/wp\/v2\/product_tag?post=10629"}],"curies":[{"name":"wp","href":"https:\/\/api.w.org\/{rel}","templated":true}]}}